{"id":2156,"date":"2025-01-12T22:38:53","date_gmt":"2025-01-12T21:38:53","guid":{"rendered":"https:\/\/www.aleviansiklopedisi.com\/?page_id=2156"},"modified":"2026-02-01T11:30:20","modified_gmt":"2026-02-01T11:30:20","slug":"referenz-und-literaturverzeichnis-leitfaden","status":"publish","type":"page","link":"https:\/\/www.aleviansiklopedisi.com\/de\/referans-kaynakca-kilavuzu\/","title":{"rendered":"Referenz- und Literaturverzeichnis Leitfaden"},"content":{"rendered":"<div data-elementor-type=\"wp-page\" data-elementor-id=\"2156\" class=\"elementor elementor-2156\" data-elementor-post-type=\"page\">\n\t\t\t\t<div class=\"elementor-element elementor-element-f50074c e-flex e-con-boxed e-con e-parent\" data-id=\"f50074c\" data-element_type=\"container\" data-e-type=\"container\" data-no-translation=\"\">\n\t\t\t\t\t<div class=\"e-con-inner\">\n\t\t\t\t<div class=\"elementor-element elementor-element-611a1a2 elementor-widget elementor-widget-spacer\" data-id=\"611a1a2\" data-element_type=\"widget\" data-e-type=\"widget\" data-widget_type=\"spacer.default\">\n\t\t\t\t<div class=\"elementor-widget-container\">\n\t\t\t\t\t\t\t<div class=\"elementor-spacer\">\n\t\t\t<div class=\"elementor-spacer-inner\"><\/div>\n\t\t<\/div>\n\t\t\t\t\t\t<\/div>\n\t\t\t\t<\/div>\n\t\t<div class=\"elementor-element elementor-element-0a07833 e-con-full e-flex e-con e-child\" data-id=\"0a07833\" data-element_type=\"container\" data-e-type=\"container\" data-settings=\"{&quot;background_background&quot;:&quot;classic&quot;}\">\n\t\t\t\t<div class=\"elementor-element elementor-element-6f668e0 elementor-widget elementor-widget-heading\" data-id=\"6f668e0\" data-element_type=\"widget\" data-e-type=\"widget\" data-widget_type=\"heading.default\">\n\t\t\t\t<div class=\"elementor-widget-container\">\n\t\t\t\t\t<h1 class=\"elementor-heading-title elementor-size-default\">Referenz- und Literaturverzeichnis Leitfaden<\/h1>\t\t\t\t<\/div>\n\t\t\t\t<\/div>\n\t\t\t\t<div class=\"elementor-element elementor-element-15d84ce elementor-widget elementor-widget-text-editor\" data-id=\"15d84ce\" data-element_type=\"widget\" data-e-type=\"widget\" data-widget_type=\"text-editor.default\">\n\t\t\t\t<div class=\"elementor-widget-container\">\n\t\t\t\t\t\t\t\t\t<p class=\"p1\" style=\"text-align: left;\"><b>1. B\u00fccher<\/b><\/p><p class=\"p1\" style=\"text-align: left;\"><strong>Im Text<\/strong>: (Nachname Jahr, Seitenzahl) \/ <span style=\"font-size: 16px;\"><strong>Beispiel<\/strong>: <\/span>(Tanp\u0131nar 1949, 75)<\/p><p class=\"p1\" style=\"text-align: left;\"><strong>Literatur<\/strong>: Tanp\u0131nar, Ahmet Hamdi. 1949. <i>Huzur<\/i>. Istanbul: Derg\u00e2h Yay\u0131nlar\u0131.<\/p><p class=\"p1\" style=\"text-align: left;\"><b>2. Buchkapitel oder Beitrag in Sammelband<\/b><\/p><p class=\"p1\" style=\"text-align: left;\"><strong>Im Text<\/strong>: (Nachname Jahr, Seitenzahl) \/ <strong>Beispiel<\/strong>: (Kelly 2010, 77)<\/p><p class=\"p1\" style=\"text-align: left;\"><strong>Literatur<\/strong>: Kelly, John D. 2010. \u201cSeeing Red: Mao Fetishism, Pax Americana, and the Moral Economy of War.\u201d In <i>Anthropology and Global Counterinsurgency<\/i>, hrsg. von John D. Kelly u. a., 67\u201383. Chicago: University of Chicago Press.<\/p><p class=\"p1\" style=\"text-align: left;\"><b>3. Zeitschriftenartikel<\/b><\/p><p class=\"p1\" style=\"text-align: left;\"><strong>Im Text<\/strong>: (Nachname Jahr, Seitenzahl) \/ <strong>Beispiel<\/strong>: (Weinstein 2009, 440)<\/p><p class=\"p1\" style=\"text-align: left;\"><strong>Literatur<\/strong>: Weinstein, Joshua I. 2009. \u201cThe Market in Plato\u2019s Republic.\u201d <i>Classical Philology<\/i> 104, Nr. 3: 439\u2013458.<\/p><p class=\"p1\" style=\"text-align: left;\"><b>4. Zeitungsartikel<\/b><\/p><p class=\"p1\" style=\"text-align: left;\"><strong>Im Text<\/strong>: (Nachname Jahr) \/ Beispiel: (Rosenwald 2019)<\/p><p class=\"p1\" style=\"text-align: left;\"><strong>Literatur<\/strong>: Rosenwald, Michael S. 2019. \u201cNewseum Finds that Its Internet Future Is Past.\u201d <i>Washington Post<\/i>, 29. Oktober 2019.<\/p><p class=\"p1\" style=\"text-align: left;\"><b>5. Internetquellen<\/b><\/p><p><strong>Im Text<\/strong>: (Nachname Jahr) \/ <strong>Beispiel<\/strong>: (G\u00fcltekin 2025)<\/p><p><strong>Literaturverzeichnis<\/strong>: G\u00fcltekin, Ahmet Kerim. 2025. \u201eGa\u011fan\u201c (Zugriffsdatum: 1. November 2025). https:\/\/www.aleviansiklopedisi.com\/madde-x\/gagan-1-5686\/<\/p><p class=\"p1\" style=\"text-align: left;\"><b>6. Dissertation oder Abschlussarbeit<\/b><\/p><p class=\"p1\" style=\"text-align: left;\"><strong>Im Text<\/strong>: (Nachname Jahr, Seitenzahl) \/ <strong>Beispiel<\/strong>: (Smith 2018, 132)<\/p><p class=\"p1\" style=\"text-align: left;\"><strong>Literatur<\/strong>: Smith, Mia J. 2018. <i>Historical Perspectives on Marine Ecology<\/i>. Dissertation, Harvard University.<\/p><p class=\"p1\" style=\"text-align: left;\"><b style=\"font-style: inherit;\">7. Online-Buch<\/b><\/p><p class=\"p1\" style=\"text-align: left;\"><strong>Im Text<\/strong>: (Nachname Jahr, E-Book oder URL) \/ <strong>Beispiel<\/strong>: (Austen 2007, Kindle)<\/p><p class=\"p1\" style=\"text-align: left;\"><strong>Literatur<\/strong>: Austen, Jane. 2007. <i>Pride and Prejudice<\/i>. New York: Penguin Classics. Kindle.<\/p><p class=\"p1\">F\u00fcr weitere Fragen wenden Sie sich bitte an das Redaktionsteam der Enzyklop\u00e4die.<\/p><p class=\"p1\"><b>Kontakt:<\/b> info@aleviansiklopedisi.com<\/p>\t\t\t\t\t\t\t\t<\/div>\n\t\t\t\t<\/div>\n\t\t\t\t<\/div>\n\t\t\t\t<div class=\"elementor-element elementor-element-ebc48b2 elementor-widget elementor-widget-spacer\" data-id=\"ebc48b2\" data-element_type=\"widget\" data-e-type=\"widget\" data-widget_type=\"spacer.default\">\n\t\t\t\t<div class=\"elementor-widget-container\">\n\t\t\t\t\t\t\t<div class=\"elementor-spacer\">\n\t\t\t<div class=\"elementor-spacer-inner\"><\/div>\n\t\t<\/div>\n\t\t\t\t\t\t<\/div>\n\t\t\t\t<\/div>\n\t\t\t\t\t<\/div>\n\t\t\t\t<\/div>\n\t\t\t\t<\/div>","protected":false},"excerpt":{"rendered":"<p>1. Kitaplar\u00a0 Metin \u0130\u00e7i: (Yazar\u0131n Soyad\u0131 Y\u0131l, Sayfa Numaras\u0131) \/ \u00d6rnek: (Tanp\u0131nar 1949, 75) Kaynak\u00e7a: Tanp\u0131nar, Ahmet Hamdi. 1949. Huzur. [&hellip;]<\/p>\n","protected":false},"author":4,"featured_media":0,"parent":0,"menu_order":0,"comment_status":"closed","ping_status":"closed","template":"","meta":{"_acf_changed":false,"site-sidebar-layout":"default","site-content-layout":"","ast-site-content-layout":"default","site-content-style":"default","site-sidebar-style":"default","ast-global-header-display":"","ast-banner-title-visibility":"","ast-main-header-display":"","ast-hfb-above-header-display":"","ast-hfb-below-header-display":"","ast-hfb-mobile-header-display":"","site-post-title":"disabled","ast-breadcrumbs-content":"","ast-featured-img":"","footer-sml-layout":"","ast-disable-related-posts":"","theme-transparent-header-meta":"","adv-header-id-meta":"","stick-header-meta":"","header-above-stick-meta":"","header-main-stick-meta":"","header-below-stick-meta":"","astra-migrate-meta-layouts":"default","ast-page-background-enabled":"default","ast-page-background-meta":{"desktop":{"background-color":"var(--ast-global-color-5)","background-image":"","background-repeat":"repeat","background-position":"center center","background-size":"auto","background-attachment":"scroll","background-type":"","background-media":"","overlay-type":"","overlay-color":"","overlay-opacity":"","overlay-gradient":""},"tablet":{"background-color":"","background-image":"","background-repeat":"repeat","background-position":"center center","background-size":"auto","background-attachment":"scroll","background-type":"","background-media":"","overlay-type":"","overlay-color":"","overlay-opacity":"","overlay-gradient":""},"mobile":{"background-color":"","background-image":"","background-repeat":"repeat","background-position":"center center","background-size":"auto","background-attachment":"scroll","background-type":"","background-media":"","overlay-type":"","overlay-color":"","overlay-opacity":"","overlay-gradient":""}},"ast-content-background-meta":{"desktop":{"background-color":"var(--ast-global-color-4)","background-image":"","background-repeat":"repeat","background-position":"center center","background-size":"auto","background-attachment":"scroll","background-type":"","background-media":"","overlay-type":"","overlay-color":"","overlay-opacity":"","overlay-gradient":""},"tablet":{"background-color":"var(--ast-global-color-4)","background-image":"","background-repeat":"repeat","background-position":"center center","background-size":"auto","background-attachment":"scroll","background-type":"","background-media":"","overlay-type":"","overlay-color":"","overlay-opacity":"","overlay-gradient":""},"mobile":{"background-color":"var(--ast-global-color-4)","background-image":"","background-repeat":"repeat","background-position":"center center","background-size":"auto","background-attachment":"scroll","background-type":"","background-media":"","overlay-type":"","overlay-color":"","overlay-opacity":"","overlay-gradient":""}},"footnotes":""},"class_list":["post-2156","page","type-page","status-publish","hentry"],"acf":[],"_links":{"self":[{"href":"https:\/\/www.aleviansiklopedisi.com\/de\/wp-json\/wp\/v2\/pages\/2156","targetHints":{"allow":["GET"]}}],"collection":[{"href":"https:\/\/www.aleviansiklopedisi.com\/de\/wp-json\/wp\/v2\/pages"}],"about":[{"href":"https:\/\/www.aleviansiklopedisi.com\/de\/wp-json\/wp\/v2\/types\/page"}],"author":[{"embeddable":true,"href":"https:\/\/www.aleviansiklopedisi.com\/de\/wp-json\/wp\/v2\/users\/4"}],"replies":[{"embeddable":true,"href":"https:\/\/www.aleviansiklopedisi.com\/de\/wp-json\/wp\/v2\/comments?post=2156"}],"version-history":[{"count":0,"href":"https:\/\/www.aleviansiklopedisi.com\/de\/wp-json\/wp\/v2\/pages\/2156\/revisions"}],"wp:attachment":[{"href":"https:\/\/www.aleviansiklopedisi.com\/de\/wp-json\/wp\/v2\/media?parent=2156"}],"curies":[{"name":"wp","href":"https:\/\/api.w.org\/{rel}","templated":true}]}}