{"id":2157,"date":"2025-01-12T22:39:17","date_gmt":"2025-01-12T21:39:17","guid":{"rendered":"https:\/\/www.aleviansiklopedisi.com\/?page_id=2157"},"modified":"2026-01-06T22:24:17","modified_gmt":"2026-01-06T22:24:17","slug":"publikationsprozess-und-rechte-der-beteiligten","status":"publish","type":"page","link":"https:\/\/www.aleviansiklopedisi.com\/de\/yayim-sureci-ve-taraflarin-haklari\/","title":{"rendered":"Publikationsprozess und Rechte der Beteiligten"},"content":{"rendered":"<div data-elementor-type=\"wp-page\" data-elementor-id=\"2157\" class=\"elementor elementor-2157\" data-elementor-post-type=\"page\">\n\t\t\t\t<div class=\"elementor-element elementor-element-9fef92b e-flex e-con-boxed e-con e-parent\" data-id=\"9fef92b\" data-element_type=\"container\" data-e-type=\"container\" data-no-translation=\"\">\n\t\t\t\t\t<div class=\"e-con-inner\">\n\t\t\t\t<div class=\"elementor-element elementor-element-3b374d9 elementor-widget elementor-widget-spacer\" data-id=\"3b374d9\" data-element_type=\"widget\" data-e-type=\"widget\" data-widget_type=\"spacer.default\">\n\t\t\t\t<div class=\"elementor-widget-container\">\n\t\t\t\t\t\t\t<div class=\"elementor-spacer\">\n\t\t\t<div class=\"elementor-spacer-inner\"><\/div>\n\t\t<\/div>\n\t\t\t\t\t\t<\/div>\n\t\t\t\t<\/div>\n\t\t<div class=\"elementor-element elementor-element-aaf1de1 e-con-full e-flex e-con e-child\" data-id=\"aaf1de1\" data-element_type=\"container\" data-e-type=\"container\" data-settings=\"{&quot;background_background&quot;:&quot;classic&quot;}\">\n\t\t\t\t<div class=\"elementor-element elementor-element-e188e8e elementor-widget elementor-widget-heading\" data-id=\"e188e8e\" data-element_type=\"widget\" data-e-type=\"widget\" data-widget_type=\"heading.default\">\n\t\t\t\t<div class=\"elementor-widget-container\">\n\t\t\t\t\t<h1 class=\"elementor-heading-title elementor-size-default\">Publikationsprozess und Rechte der Beteiligten<\/h1>\t\t\t\t<\/div>\n\t\t\t\t<\/div>\n\t\t\t\t<div class=\"elementor-element elementor-element-0448309 elementor-widget__width-initial elementor-widget elementor-widget-text-editor\" data-id=\"0448309\" data-element_type=\"widget\" data-e-type=\"widget\" data-widget_type=\"text-editor.default\">\n\t\t\t\t<div class=\"elementor-widget-container\">\n\t\t\t\t\t\t\t\t\t<div class=\"elementor-element elementor-element-fc0ce75 elementor-widget__width-initial elementor-widget elementor-widget-text-editor\" data-id=\"fc0ce75\" data-element_type=\"widget\" data-widget_type=\"text-editor.default\"><p class=\"p1\">Ethische Regeln, Rechte und Verantwortlichkeiten<\/p><p class=\"p1\">Die Ver\u00f6ffentlichung eines Beitrags in der <b>Alevi Enzyklop\u00e4die<\/b> erfolgt in gemeinsamer Verantwortung der Autor<i>innen und der Enzyklop\u00e4die. Der Publikationsprozess betrifft alle Beteiligten \u2013 das Redaktionskomitee, die Autor<\/i>innen und die Gutachter*innen \u2013 die verpflichtet sind, sich an wissenschaftliche Kriterien und ethische Standards zu halten.<\/p><p class=\"p1\">Die Leser<i>innen sind die wichtigste Zielgruppe der Alevi Enzyklop\u00e4die. Sie tragen mit ihren R\u00fcckmeldungen zur \u00dcberpr\u00fcfung, Bewertung und Weiterentwicklung der ver\u00f6ffentlichten Beitr\u00e4ge und der gesamten Publikation bei. Kritik und Vorschl\u00e4ge der Leser<\/i>innen sind eine grundlegende Orientierung f\u00fcr das Redaktionskomitee, die Autor*innen und das Koordinationskomitee der Enzyklop\u00e4die.<\/p><p class=\"p1\"><b>Aufgaben und Rechte des Redaktionskomitees<\/b><\/p><ol class=\"ol1\"><li class=\"li1\">Das Redaktionskomitee der <b>Alevi Enzyklop\u00e4die<\/b> ist verantwortlich f\u00fcr die Entscheidung, welche Beitr\u00e4ge ver\u00f6ffentlicht werden. Dabei achtet es auf:<\/li><\/ol><p class=\"p1\">(a) die \u00dcbereinstimmung mit dem Umfang und den Zielen der Enzyklop\u00e4die,<br \/>(b) die Einhaltung der Schreibregeln,<br \/>(c) die Einhaltung ethischer Standards und<br \/>(d) die Relevanz und Bedeutung f\u00fcr die Leser*innen.<\/p><ol class=\"ol1\"><li class=\"li1\">Wenn ein Beitrag abgelehnt wird, muss das Redaktionskomitee den Autor<i>innen schriftlich die Gr\u00fcnde mitteilen. Abgelehnte Inhalte d\u00fcrfen in keiner Form mit der \u00d6ffentlichkeit oder Dritten geteilt werden. Informationen und Materialien aus diesen Beitr\u00e4gen d\u00fcrfen ohne Zustimmung der Autor<\/i>innen nicht verwendet werden. Alle Daten bleiben vertraulich.<\/li><li class=\"li1\">Bei m\u00f6glichen Interessenkonflikten (z. B. ethischer, religi\u00f6ser, politischer oder wirtschaftlicher Art) darf das Redaktionskomitee solche Beitr\u00e4ge nicht selbst beurteilen.<\/li><li class=\"li1\">In F\u00e4llen, die das eigene Fachwissen \u00fcberschreiten, kann das Redaktionskomitee schriftliche Gutachten von qualifizierten Wissenschaftler<i>innen, Intellektuellen oder Forscher<\/i>innen einholen.<\/li><li class=\"li1\">Das Redaktionskomitee beurteilt die eingereichten Beitr\u00e4ge unabh\u00e4ngig von Geschlecht, sexueller Orientierung, religi\u00f6sem Glauben, ethnischer Herkunft, Staatsangeh\u00f6rigkeit oder politischer Haltung der Autor*innen.<\/li><li class=\"li1\">Das Redaktionskomitee respektiert die pers\u00f6nlichen Rechte der Autor<i>innen. Angaben zu den Autor<\/i>innen, Inhalte der Beitr\u00e4ge, Begutachtungsverfahren, Diskussionen in diesen Prozessen, Gutachterdaten und \u00e4hnliche Informationen d\u00fcrfen weder offen noch indirekt weitergegeben werden.<\/li><li class=\"li1\">Bei ethischen Beschwerden zu ver\u00f6ffentlichten Beitr\u00e4gen muss das Redaktionskomitee Kontakt mit den Autor<i>innen aufnehmen, die Beschwerde pr\u00fcfen und gegebenenfalls Korrekturen veranlassen. Es kann auch Ma\u00dfnahmen wie die Einschaltung von Gutachter<\/i>innen oder im Notfall den R\u00fcckzug des Beitrags ergreifen.<\/li><li class=\"li1\">F\u00fcr strittige Themen soll das Redaktionskomitee unterschiedliche Perspektiven durch weitere Beitr\u00e4ge f\u00f6rdern.<\/li><li class=\"li1\">Die gesamte Kommunikation und alle Begutachtungsprozesse zwischen dem Redaktionskomitee und den Autor*innen werden online archiviert.<\/li><\/ol><p class=\"p2\"><b>Aufgaben und Rechte der Autor*innen<\/b><\/p><ol class=\"ol1\"><li class=\"li2\">Autor*innen sind direkt verantwortlich f\u00fcr den Inhalt ihrer eingereichten Beitr\u00e4ge.<\/li><li class=\"li2\">Alle eingereichten Texte gelten als eigenst\u00e4ndige, originelle Arbeiten. Sie m\u00fcssen frei von Plagiaten sein, den wissenschaftlichen Regeln entsprechen, mit Referenzen belegt und korrekt sein.<\/li><li class=\"li2\">Wenn die Inhalte auf eigenen Forschungsarbeiten beruhen, wird erwartet, dass Autor*innen dazu detaillierte und \u00fcberpr\u00fcfbare Daten bereitstellen.<\/li><li class=\"li2\">Bereits ver\u00f6ffentlichte Texte (online oder gedruckt) d\u00fcrfen eingereicht werden. In diesem Fall m\u00fcssen sie entsprechend den Schreibregeln \u00fcberarbeitet, aktualisiert und die urspr\u00fcnglichen Quellen klar angegeben werden.<\/li><li class=\"li2\">Autor*innen m\u00fcssen jede Art von Interessenkonflikt (wirtschaftlich, politisch oder anderer Art), der ihre Ergebnisse oder Interpretationen beeinflussen k\u00f6nnte, offenlegen.<\/li><li class=\"li2\">In den Beitr\u00e4gen d\u00fcrfen keine diskriminierenden, ausgrenzenden, wertenden oder sexistischen Inhalte enthalten sein.<\/li><li class=\"li2\">Autor*innen k\u00f6nnen ihre ver\u00f6ffentlichten Beitr\u00e4ge korrigieren. \u00c4nderungen werden auf der Enzyklop\u00e4die-Seite als Aktualisierungshinweis vermerkt.<\/li><li class=\"li2\">Autor*innen d\u00fcrfen zu bereits ver\u00f6ffentlichten Themen alternative Texte verfassen. Die <b>Alevi Enzyklop\u00e4die<\/b> unterst\u00fctzt mehrere Beitr\u00e4ge zu demselben Thema, um die Vielfalt der Deutungen und Praktiken des Alevitentums zu zeigen.<\/li><li class=\"li2\">Die Urheberrechte der ver\u00f6ffentlichten Inhalte geh\u00f6ren der <b>Alevi Enzyklop\u00e4die<\/b>.<\/li><li class=\"li2\">Autor*innen sind selbst verantwortlich f\u00fcr die Urheberrechte der verwendeten visuellen und auditiven Materialien sowie f\u00fcr m\u00f6gliche Konflikte und rechtliche Folgen.<\/li><li class=\"li2\">Mit der Einreichung best\u00e4tigen Autor*innen, dass die verwendeten visuellen und auditiven Materialien original sind.<\/li><li class=\"li2\">Bilder, die bereits online oder in gedruckten Werken ver\u00f6ffentlicht wurden, d\u00fcrfen unter Angabe der Quelle verwendet werden.<\/li><li class=\"li2\">Zu einem Beitrag k\u00f6nnen optional bis zu drei Bilder (im JPEG-Format, Aufl\u00f6sung 1200 x 1200) eingereicht werden.<\/li><li class=\"li2\">Autor*innen d\u00fcrfen keine Pseudonyme verwenden. Sie m\u00fcssen ihren echten Namen und (nach M\u00f6glichkeit) ihren akademischen Titel angeben.<\/li><\/ol><p class=\"p2\"><b>Aufgaben und Rechte der Gutachter*innen<\/b><\/p><ol class=\"ol1\"><li class=\"li2\">Gutachter<i>innen werden hinzugezogen, wenn das Redaktionskomitee der <\/i><b><i>Alevi Enzyklop\u00e4die<\/i><\/b><i> einen Beitrag nicht selbst ausreichend beurteilen kann, aus ethischen Gr\u00fcnden nicht begutachten darf oder wenn Einw\u00e4nde gegen bereits ver\u00f6ffentlichte Beitr\u00e4ge vorliegen. In erster Linie werden Gutachter<\/i>innen aus dem Wissenschaftlichen Beirat der Enzyklop\u00e4die ausgew\u00e4hlt. Falls n\u00f6tig, k\u00f6nnen auch andere anerkannte Wissenschaftler<i>innen und Forscher<\/i>innen beauftragt werden.<\/li><li class=\"li2\">Das Redaktionskomitee muss die Anfrage zur Begutachtung, zusammen mit allen relevanten Unterlagen, schriftlich an die Gutachter*innen weiterleiten.<\/li><li class=\"li2\">Gutachter*innen sollen ihre schriftliche Stellungnahme zum eingereichten Beitrag innerhalb von sp\u00e4testens zwei Monaten an das Redaktionskomitee \u00fcbermitteln. Die Beurteilung muss im Rahmen der Schreibregeln, der Publikationsethik sowie der allgemeinen Ziele der Enzyklop\u00e4die erfolgen.<\/li><li class=\"li2\">Gutachter<i>innen d\u00fcrfen die ihnen zur Verf\u00fcgung gestellten Inhalte ohne Erlaubnis der Autor<\/i>innen weder verwenden noch ver\u00f6ffentlichen. Sie sind f\u00fcr die vertrauliche Behandlung dieser Materialien verantwortlich.<\/li><li class=\"li2\">Bei Interessenkonflikten \u2013 aus ethischen oder anderen Gr\u00fcnden \u2013 d\u00fcrfen Gutachter*innen keine Begutachtung \u00fcbernehmen.<\/li><li class=\"li2\">Gutachter<i>innen sollen durch ihre R\u00fcckmeldungen zu den redaktionellen Entscheidungen beitragen und den Autor<\/i>innen helfen, ihre Texte zu verbessern. Die Beurteilungen m\u00fcssen wissenschaftlichen Grunds\u00e4tzen folgen, objektiv und klar begr\u00fcndet sein, keine pers\u00f6nlichen Angriffe enthalten und konstruktiv formuliert werden.<\/li><\/ol><\/div>\t\t\t\t\t\t\t\t<\/div>\n\t\t\t\t<\/div>\n\t\t\t\t<\/div>\n\t\t\t\t<div class=\"elementor-element elementor-element-739a9b2 elementor-widget elementor-widget-spacer\" data-id=\"739a9b2\" data-element_type=\"widget\" data-e-type=\"widget\" data-widget_type=\"spacer.default\">\n\t\t\t\t<div class=\"elementor-widget-container\">\n\t\t\t\t\t\t\t<div class=\"elementor-spacer\">\n\t\t\t<div class=\"elementor-spacer-inner\"><\/div>\n\t\t<\/div>\n\t\t\t\t\t\t<\/div>\n\t\t\t\t<\/div>\n\t\t\t\t\t<\/div>\n\t\t\t\t<\/div>\n\t\t\t\t<\/div>","protected":false},"excerpt":{"rendered":"<p>Etik Kurallar, Haklar ve Sorumluluklar Bir maddenin Alevi Ansiklopedisi\u2019nde yay\u0131nlanmas\u0131 yazarlar\u0131n ve Alevi Ansiklopedisinin kar\u015f\u0131l\u0131kl\u0131 sorumlulu\u011funda yap\u0131lmaktad\u0131r. Alevi Ansiklopedisi Yay\u0131n [&hellip;]<\/p>\n","protected":false},"author":4,"featured_media":0,"parent":0,"menu_order":0,"comment_status":"closed","ping_status":"closed","template":"","meta":{"_acf_changed":false,"site-sidebar-layout":"default","site-content-layout":"","ast-site-content-layout":"default","site-content-style":"default","site-sidebar-style":"default","ast-global-header-display":"","ast-banner-title-visibility":"","ast-main-header-display":"","ast-hfb-above-header-display":"","ast-hfb-below-header-display":"","ast-hfb-mobile-header-display":"","site-post-title":"disabled","ast-breadcrumbs-content":"","ast-featured-img":"","footer-sml-layout":"","ast-disable-related-posts":"","theme-transparent-header-meta":"","adv-header-id-meta":"","stick-header-meta":"","header-above-stick-meta":"","header-main-stick-meta":"","header-below-stick-meta":"","astra-migrate-meta-layouts":"default","ast-page-background-enabled":"default","ast-page-background-meta":{"desktop":{"background-color":"var(--ast-global-color-5)","background-image":"","background-repeat":"repeat","background-position":"center center","background-size":"auto","background-attachment":"scroll","background-type":"","background-media":"","overlay-type":"","overlay-color":"","overlay-opacity":"","overlay-gradient":""},"tablet":{"background-color":"","background-image":"","background-repeat":"repeat","background-position":"center center","background-size":"auto","background-attachment":"scroll","background-type":"","background-media":"","overlay-type":"","overlay-color":"","overlay-opacity":"","overlay-gradient":""},"mobile":{"background-color":"","background-image":"","background-repeat":"repeat","background-position":"center center","background-size":"auto","background-attachment":"scroll","background-type":"","background-media":"","overlay-type":"","overlay-color":"","overlay-opacity":"","overlay-gradient":""}},"ast-content-background-meta":{"desktop":{"background-color":"var(--ast-global-color-4)","background-image":"","background-repeat":"repeat","background-position":"center center","background-size":"auto","background-attachment":"scroll","background-type":"","background-media":"","overlay-type":"","overlay-color":"","overlay-opacity":"","overlay-gradient":""},"tablet":{"background-color":"var(--ast-global-color-4)","background-image":"","background-repeat":"repeat","background-position":"center center","background-size":"auto","background-attachment":"scroll","background-type":"","background-media":"","overlay-type":"","overlay-color":"","overlay-opacity":"","overlay-gradient":""},"mobile":{"background-color":"var(--ast-global-color-4)","background-image":"","background-repeat":"repeat","background-position":"center center","background-size":"auto","background-attachment":"scroll","background-type":"","background-media":"","overlay-type":"","overlay-color":"","overlay-opacity":"","overlay-gradient":""}},"footnotes":""},"class_list":["post-2157","page","type-page","status-publish","hentry"],"acf":[],"_links":{"self":[{"href":"https:\/\/www.aleviansiklopedisi.com\/de\/wp-json\/wp\/v2\/pages\/2157","targetHints":{"allow":["GET"]}}],"collection":[{"href":"https:\/\/www.aleviansiklopedisi.com\/de\/wp-json\/wp\/v2\/pages"}],"about":[{"href":"https:\/\/www.aleviansiklopedisi.com\/de\/wp-json\/wp\/v2\/types\/page"}],"author":[{"embeddable":true,"href":"https:\/\/www.aleviansiklopedisi.com\/de\/wp-json\/wp\/v2\/users\/4"}],"replies":[{"embeddable":true,"href":"https:\/\/www.aleviansiklopedisi.com\/de\/wp-json\/wp\/v2\/comments?post=2157"}],"version-history":[{"count":0,"href":"https:\/\/www.aleviansiklopedisi.com\/de\/wp-json\/wp\/v2\/pages\/2157\/revisions"}],"wp:attachment":[{"href":"https:\/\/www.aleviansiklopedisi.com\/de\/wp-json\/wp\/v2\/media?parent=2157"}],"curies":[{"name":"wp","href":"https:\/\/api.w.org\/{rel}","templated":true}]}}