{"id":2443,"date":"2025-01-13T12:34:04","date_gmt":"2025-01-13T11:34:04","guid":{"rendered":"https:\/\/www.aleviansiklopedisi.com\/?page_id=2443"},"modified":"2026-01-20T08:10:11","modified_gmt":"2026-01-20T08:10:11","slug":"aufruf-zur-mitarbeit","status":"publish","type":"page","link":"https:\/\/www.aleviansiklopedisi.com\/de\/yazarlara-cagri\/","title":{"rendered":"Aufruf zur Mitarbeit"},"content":{"rendered":"<div data-elementor-type=\"wp-page\" data-elementor-id=\"2443\" class=\"elementor elementor-2443\" data-elementor-post-type=\"page\">\n\t\t\t\t<div class=\"elementor-element elementor-element-495213d e-flex e-con-boxed e-con e-parent\" data-id=\"495213d\" data-element_type=\"container\" data-e-type=\"container\" data-no-translation=\"\">\n\t\t\t\t\t<div class=\"e-con-inner\">\n\t\t\t\t<div class=\"elementor-element elementor-element-e7f7dfd elementor-widget elementor-widget-spacer\" data-id=\"e7f7dfd\" data-element_type=\"widget\" data-e-type=\"widget\" data-widget_type=\"spacer.default\">\n\t\t\t\t<div class=\"elementor-widget-container\">\n\t\t\t\t\t\t\t<div class=\"elementor-spacer\">\n\t\t\t<div class=\"elementor-spacer-inner\"><\/div>\n\t\t<\/div>\n\t\t\t\t\t\t<\/div>\n\t\t\t\t<\/div>\n\t\t<div class=\"elementor-element elementor-element-b4abfe3 e-con-full e-flex e-con e-child\" data-id=\"b4abfe3\" data-element_type=\"container\" data-e-type=\"container\" data-settings=\"{&quot;background_background&quot;:&quot;classic&quot;}\">\n\t\t\t\t<div class=\"elementor-element elementor-element-889dbbb elementor-widget elementor-widget-heading\" data-id=\"889dbbb\" data-element_type=\"widget\" data-e-type=\"widget\" data-widget_type=\"heading.default\">\n\t\t\t\t<div class=\"elementor-widget-container\">\n\t\t\t\t\t<h1 class=\"elementor-heading-title elementor-size-default\">Aufruf zur Mitarbeit<\/h1>\t\t\t\t<\/div>\n\t\t\t\t<\/div>\n\t\t\t\t<div class=\"elementor-element elementor-element-4954d4e elementor-widget elementor-widget-text-editor\" data-id=\"4954d4e\" data-element_type=\"widget\" data-e-type=\"widget\" data-widget_type=\"text-editor.default\">\n\t\t\t\t<div class=\"elementor-widget-container\">\n\t\t\t\t\t\t\t\t\t<p class=\"p1\">Sehr geehrte Forschende,<\/p><p class=\"p1\">Die <i>Alevi-Enzyklop\u00e4die<\/i> ist eine digitale Plattform, die es sich zur Aufgabe gemacht hat, pr\u00e4zise und umfassende Informationen \u00fcber den Alevitentum bereitzustellen. Ihr Ziel ist es, die alevitische Kultur f\u00fcr zuk\u00fcnftige Generationen zu bewahren und weiterzugeben, indem sie im begrifflichen und emotionalen Rahmen der alevitischen Gemeinschaft dargestellt wird. Diese Plattform m\u00f6chte die Geschichte, Kultur und den Glauben des Alevitentums auf ganzheitliche und zug\u00e4ngliche Weise sichern, f\u00f6rdern und mit einem breiteren Publikum teilen.<\/p><p class=\"p1\">Das Hauptanliegen der Alevi-Enzyklop\u00e4die ist es, der alevitischen Gemeinschaft und der Welt\u00f6ffentlichkeit eine verl\u00e4ssliche, vielschichtige Informationsquelle zu bieten, das kulturelle Ged\u00e4chtnis des Alevitentums auf eine wissenschaftliche Grundlage zu stellen und es vor \u00e4u\u00dferer Einflussnahme zu sch\u00fctzen. Dabei soll eine dauerhafte Wissensplattform geschaffen werden, die zugleich als Widerstandspunkt gegen vielf\u00e4ltige Manipulationen und Ausl\u00f6schungen alevitischer Kultur fungiert.<\/p><p class=\"p1\">Wir laden hochgesch\u00e4tzte Akademiker*innen und Intellektuelle herzlich ein, zu diesem historischen Vorhaben beizutragen. Sie sind eingeladen, in Ihren Fachgebieten Eintr\u00e4ge zu verfassen \u2013 gem\u00e4\u00df den Richtlinien unseres Schreibhandbuchs \u2013 und diese zur Aufnahme in die Alevi-Enzyklop\u00e4die einzureichen. Ihre Beitr\u00e4ge werden eine wesentliche Rolle dabei spielen, das alevitische Erbe f\u00fcr kommende Generationen zu bewahren und weiterzugeben.<\/p><p class=\"p1\"><b>Einreichungsfristen f\u00fcr den Publikationszeitraum 2025\u20132026<\/b><\/p><p class=\"p1\">Die Enzyklop\u00e4die wird regelm\u00e4\u00dfig auf Grundlage offener Ausschreibungen ver\u00f6ffentlicht. Nach Annahme erscheinen die Beitr\u00e4ge in der Regel innerhalb von zwei Monaten nach Ablauf der Frist.<\/p><p class=\"p1\">Der Publikationsplan f\u00fcr 2025\u20132026 sieht wie folgt aus:<\/p><ul class=\"ul1\"><li class=\"li1\">Gruppe 1: 2. Juli 2025 (Abgeschlossen)<\/li><li class=\"li1\">Gruppe 2: 5. Oktober 2025 (Abgeschlossen)<\/li><li class=\"li1\">Gruppe 3: 15. Januar 2026 (Abgeschlossen)<\/li><li class=\"li1\">Gruppe 4: 15. April 2026 (Abgabefrist: 15. M\u00e4rz 2026)<\/li><li class=\"li1\">Gruppe 5: 15. Juli 2026 (Abgabefrist: 15. Juni 2026)<\/li><li class=\"li1\">Gruppe 6: 15. Oktober 2026 (Abgabefrist: 15. September 2026)<\/li><\/ul><p class=\"p1\">Die Beitr\u00e4ge k\u00f6nnen auf <b>T\u00fcrkisch, Englisch oder Deutsch<\/b> eingereicht werden.<\/p><p class=\"p1\">Detaillierte technische Anleitungen und weitere relevante Richtlinien zum Schreibprozess finden Sie im <a href=\"\/de\/fur-autoren\/\"><strong>Bereich F\u00fcr Autorinnen<\/strong><\/a> auf unserer Website.<\/p><p class=\"p1\">F\u00fcr weitere Informationen oder R\u00fcckfragen wenden Sie sich bitte an das Herausgeber*innengremium der Alevi-Enzyklop\u00e4die.<\/p><p class=\"p1\"><b>Kontakt:<\/b> info@aleviansiklopedisi.com<\/p><p class=\"p1\">Mit freundlichen Gr\u00fc\u00dfen Gr\u00fcndungsgremium der Alevi-Enzyklop\u00e4die<\/p>\t\t\t\t\t\t\t\t<\/div>\n\t\t\t\t<\/div>\n\t\t\t\t<\/div>\n\t\t\t\t<div class=\"elementor-element elementor-element-6b0c835 elementor-widget elementor-widget-spacer\" data-id=\"6b0c835\" data-element_type=\"widget\" data-e-type=\"widget\" data-widget_type=\"spacer.default\">\n\t\t\t\t<div class=\"elementor-widget-container\">\n\t\t\t\t\t\t\t<div class=\"elementor-spacer\">\n\t\t\t<div class=\"elementor-spacer-inner\"><\/div>\n\t\t<\/div>\n\t\t\t\t\t\t<\/div>\n\t\t\t\t<\/div>\n\t\t\t\t\t<\/div>\n\t\t\t\t<\/div>\n\t\t\t\t<\/div>","protected":false},"excerpt":{"rendered":"<p>De\u011ferli Ara\u015ft\u0131rmac\u0131lar, Alevi Ansiklopedisi, Alevilik hakk\u0131nda do\u011fru ve kapsaml\u0131 bilgi sunmay\u0131, bu kadim k\u00fclt\u00fcr\u00fc Alevi toplumunun kendi kavram ve duygu [&hellip;]<\/p>\n","protected":false},"author":4,"featured_media":0,"parent":0,"menu_order":0,"comment_status":"closed","ping_status":"closed","template":"","meta":{"_acf_changed":false,"site-sidebar-layout":"no-sidebar","site-content-layout":"","ast-site-content-layout":"full-width-container","site-content-style":"default","site-sidebar-style":"default","ast-global-header-display":"","ast-banner-title-visibility":"","ast-main-header-display":"","ast-hfb-above-header-display":"","ast-hfb-below-header-display":"","ast-hfb-mobile-header-display":"","site-post-title":"disabled","ast-breadcrumbs-content":"","ast-featured-img":"disabled","footer-sml-layout":"","ast-disable-related-posts":"","theme-transparent-header-meta":"","adv-header-id-meta":"","stick-header-meta":"","header-above-stick-meta":"","header-main-stick-meta":"","header-below-stick-meta":"","astra-migrate-meta-layouts":"default","ast-page-background-enabled":"default","ast-page-background-meta":{"desktop":{"background-color":"var(--ast-global-color-5)","background-image":"","background-repeat":"repeat","background-position":"center center","background-size":"auto","background-attachment":"scroll","background-type":"","background-media":"","overlay-type":"","overlay-color":"","overlay-opacity":"","overlay-gradient":""},"tablet":{"background-color":"","background-image":"","background-repeat":"repeat","background-position":"center center","background-size":"auto","background-attachment":"scroll","background-type":"","background-media":"","overlay-type":"","overlay-color":"","overlay-opacity":"","overlay-gradient":""},"mobile":{"background-color":"","background-image":"","background-repeat":"repeat","background-position":"center center","background-size":"auto","background-attachment":"scroll","background-type":"","background-media":"","overlay-type":"","overlay-color":"","overlay-opacity":"","overlay-gradient":""}},"ast-content-background-meta":{"desktop":{"background-color":"var(--ast-global-color-4)","background-image":"","background-repeat":"repeat","background-position":"center center","background-size":"auto","background-attachment":"scroll","background-type":"","background-media":"","overlay-type":"","overlay-color":"","overlay-opacity":"","overlay-gradient":""},"tablet":{"background-color":"var(--ast-global-color-4)","background-image":"","background-repeat":"repeat","background-position":"center center","background-size":"auto","background-attachment":"scroll","background-type":"","background-media":"","overlay-type":"","overlay-color":"","overlay-opacity":"","overlay-gradient":""},"mobile":{"background-color":"var(--ast-global-color-4)","background-image":"","background-repeat":"repeat","background-position":"center center","background-size":"auto","background-attachment":"scroll","background-type":"","background-media":"","overlay-type":"","overlay-color":"","overlay-opacity":"","overlay-gradient":""}},"footnotes":""},"class_list":["post-2443","page","type-page","status-publish","hentry"],"acf":[],"_links":{"self":[{"href":"https:\/\/www.aleviansiklopedisi.com\/de\/wp-json\/wp\/v2\/pages\/2443","targetHints":{"allow":["GET"]}}],"collection":[{"href":"https:\/\/www.aleviansiklopedisi.com\/de\/wp-json\/wp\/v2\/pages"}],"about":[{"href":"https:\/\/www.aleviansiklopedisi.com\/de\/wp-json\/wp\/v2\/types\/page"}],"author":[{"embeddable":true,"href":"https:\/\/www.aleviansiklopedisi.com\/de\/wp-json\/wp\/v2\/users\/4"}],"replies":[{"embeddable":true,"href":"https:\/\/www.aleviansiklopedisi.com\/de\/wp-json\/wp\/v2\/comments?post=2443"}],"version-history":[{"count":0,"href":"https:\/\/www.aleviansiklopedisi.com\/de\/wp-json\/wp\/v2\/pages\/2443\/revisions"}],"wp:attachment":[{"href":"https:\/\/www.aleviansiklopedisi.com\/de\/wp-json\/wp\/v2\/media?parent=2443"}],"curies":[{"name":"wp","href":"https:\/\/api.w.org\/{rel}","templated":true}]}}