{"id":3097,"date":"2025-03-13T20:02:35","date_gmt":"2025-03-13T20:02:35","guid":{"rendered":"https:\/\/www.aleviansiklopedisi.com\/?page_id=3097"},"modified":"2026-01-06T22:39:10","modified_gmt":"2026-01-06T22:39:10","slug":"leitfaden-registrierung-und-einreichung","status":"publish","type":"page","link":"https:\/\/www.aleviansiklopedisi.com\/de\/yazarlar-icin-kayit-ve-madde-yukleme-kilavuzu\/","title":{"rendered":"Leitfaden f\u00fcr Registrierung und Beitragseinreichung f\u00fcr Autor*innen"},"content":{"rendered":"<div data-elementor-type=\"wp-page\" data-elementor-id=\"3097\" class=\"elementor elementor-3097\" data-elementor-post-type=\"page\">\n\t\t\t\t<div class=\"elementor-element elementor-element-1cfe9fc e-flex e-con-boxed e-con e-parent\" data-id=\"1cfe9fc\" data-element_type=\"container\" data-e-type=\"container\" data-no-translation=\"\">\n\t\t\t\t\t<div class=\"e-con-inner\">\n\t\t\t\t<div class=\"elementor-element elementor-element-9f75b97 elementor-widget elementor-widget-spacer\" data-id=\"9f75b97\" data-element_type=\"widget\" data-e-type=\"widget\" data-widget_type=\"spacer.default\">\n\t\t\t\t<div class=\"elementor-widget-container\">\n\t\t\t\t\t\t\t<div class=\"elementor-spacer\">\n\t\t\t<div class=\"elementor-spacer-inner\"><\/div>\n\t\t<\/div>\n\t\t\t\t\t\t<\/div>\n\t\t\t\t<\/div>\n\t\t<div class=\"elementor-element elementor-element-5ccf224 e-con-full e-flex e-con e-child\" data-id=\"5ccf224\" data-element_type=\"container\" data-e-type=\"container\" data-settings=\"{&quot;background_background&quot;:&quot;classic&quot;}\">\n\t\t\t\t<div class=\"elementor-element elementor-element-05380de elementor-widget elementor-widget-heading\" data-id=\"05380de\" data-element_type=\"widget\" data-e-type=\"widget\" data-widget_type=\"heading.default\">\n\t\t\t\t<div class=\"elementor-widget-container\">\n\t\t\t\t\t<h1 class=\"elementor-heading-title elementor-size-default\">Leitfaden f\u00fcr Registrierung und Beitragseinreichung f\u00fcr Autor*innen<\/h1>\t\t\t\t<\/div>\n\t\t\t\t<\/div>\n\t\t\t\t<div class=\"elementor-element elementor-element-8876341 elementor-widget__width-initial elementor-widget elementor-widget-text-editor\" data-id=\"8876341\" data-element_type=\"widget\" data-e-type=\"widget\" data-widget_type=\"text-editor.default\">\n\t\t\t\t<div class=\"elementor-widget-container\">\n\t\t\t\t\t\t\t\t\t<div data-id=\"b81f141\" data-element_type=\"container\" data-settings=\"{&quot;background_background&quot;:&quot;classic&quot;}\"><div data-id=\"34aa419\" data-element_type=\"widget\" data-widget_type=\"text-editor.default\"><p><strong>1. Registrierung als Autor*in:<\/strong><\/p><p>a. F\u00fcllen Sie das Anmeldeformular unter dem Reiter \u201eAutorinnen-Konto erstellen\u201c aus und schlie\u00dfen Sie die Vorregistrierung ab.<br \/>b. Klicken Sie anschlie\u00dfend auf den Link, den Sie an die angegebene E-Mail-Adresse erhalten. F\u00fcllen Sie im ge\u00f6ffneten \u201eAutorinnen-Registrierungsformular\u201c die erforderlichen Angaben aus. Mit Abschluss dieses Schrittes wird Ihr pers\u00f6nliches Profil aktiviert und Sie k\u00f6nnen Beitr\u00e4ge einreichen.<\/p><p><strong>2. Beitragseinreichung:<\/strong><\/p><p>Um einen Beitrag hochzuladen, klicken Sie auf die Schaltfl\u00e4che \u201eNeuen Beitrag hinzuf\u00fcgen\u201c. F\u00fcllen Sie alle notwendigen Informationen vollst\u00e4ndig aus und laden Sie Ihren Beitrag im Word-Format sowie (falls vorhanden) Bilder im JPG-Format hoch.<\/p><p><strong>3. Redaktionelle Kontrolle:<\/strong><\/p><p>Alle eingereichten Beitr\u00e4ge werden von den Herausgeberinnen im Rahmen der Schreib- und Publikationsrichtlinien gepr\u00fcft. W\u00e4hrend dieses Prozesses bleibt das Redaktionskomitee in Kontakt mit den Autorinnen und informiert sie \u00fcber die einzelnen Publikationsschritte.<\/p><p><strong>4. Ergebnis:<\/strong><\/p><p>Nach der Pr\u00fcfung durch die Herausgeber*innen wird der Beitrag je nach Bewertung in den Publikationsprozess aufgenommen.<\/p><\/div><\/div>\t\t\t\t\t\t\t\t<\/div>\n\t\t\t\t<\/div>\n\t\t\t\t<\/div>\n\t\t\t\t<div class=\"elementor-element elementor-element-7bf49d6 elementor-widget elementor-widget-spacer\" data-id=\"7bf49d6\" data-element_type=\"widget\" data-e-type=\"widget\" data-widget_type=\"spacer.default\">\n\t\t\t\t<div class=\"elementor-widget-container\">\n\t\t\t\t\t\t\t<div class=\"elementor-spacer\">\n\t\t\t<div class=\"elementor-spacer-inner\"><\/div>\n\t\t<\/div>\n\t\t\t\t\t\t<\/div>\n\t\t\t\t<\/div>\n\t\t\t\t\t<\/div>\n\t\t\t\t<\/div>\n\t\t\t\t<\/div>","protected":false},"excerpt":{"rendered":"<p>1. Yazar Kayd\u0131: a. \u201cYazar Hesab\u0131 Olu\u015ftur\u201d sekmesindeki kay\u0131t formunu doldurarak \u00f6n kay\u0131t i\u015flemini tamamlay\u0131n\u0131z.b. Formda belirtti\u011finiz e-posta adresine gelen [&hellip;]<\/p>\n","protected":false},"author":4,"featured_media":0,"parent":0,"menu_order":0,"comment_status":"closed","ping_status":"closed","template":"","meta":{"_acf_changed":false,"site-sidebar-layout":"no-sidebar","site-content-layout":"","ast-site-content-layout":"full-width-container","site-content-style":"default","site-sidebar-style":"default","ast-global-header-display":"","ast-banner-title-visibility":"","ast-main-header-display":"","ast-hfb-above-header-display":"","ast-hfb-below-header-display":"","ast-hfb-mobile-header-display":"","site-post-title":"disabled","ast-breadcrumbs-content":"","ast-featured-img":"disabled","footer-sml-layout":"","ast-disable-related-posts":"","theme-transparent-header-meta":"","adv-header-id-meta":"","stick-header-meta":"","header-above-stick-meta":"","header-main-stick-meta":"","header-below-stick-meta":"","astra-migrate-meta-layouts":"default","ast-page-background-enabled":"default","ast-page-background-meta":{"desktop":{"background-color":"var(--ast-global-color-5)","background-image":"","background-repeat":"repeat","background-position":"center center","background-size":"auto","background-attachment":"scroll","background-type":"","background-media":"","overlay-type":"","overlay-color":"","overlay-opacity":"","overlay-gradient":""},"tablet":{"background-color":"","background-image":"","background-repeat":"repeat","background-position":"center center","background-size":"auto","background-attachment":"scroll","background-type":"","background-media":"","overlay-type":"","overlay-color":"","overlay-opacity":"","overlay-gradient":""},"mobile":{"background-color":"","background-image":"","background-repeat":"repeat","background-position":"center center","background-size":"auto","background-attachment":"scroll","background-type":"","background-media":"","overlay-type":"","overlay-color":"","overlay-opacity":"","overlay-gradient":""}},"ast-content-background-meta":{"desktop":{"background-color":"var(--ast-global-color-4)","background-image":"","background-repeat":"repeat","background-position":"center center","background-size":"auto","background-attachment":"scroll","background-type":"","background-media":"","overlay-type":"","overlay-color":"","overlay-opacity":"","overlay-gradient":""},"tablet":{"background-color":"var(--ast-global-color-4)","background-image":"","background-repeat":"repeat","background-position":"center center","background-size":"auto","background-attachment":"scroll","background-type":"","background-media":"","overlay-type":"","overlay-color":"","overlay-opacity":"","overlay-gradient":""},"mobile":{"background-color":"var(--ast-global-color-4)","background-image":"","background-repeat":"repeat","background-position":"center center","background-size":"auto","background-attachment":"scroll","background-type":"","background-media":"","overlay-type":"","overlay-color":"","overlay-opacity":"","overlay-gradient":""}},"footnotes":""},"class_list":["post-3097","page","type-page","status-publish","hentry"],"acf":[],"_links":{"self":[{"href":"https:\/\/www.aleviansiklopedisi.com\/de\/wp-json\/wp\/v2\/pages\/3097","targetHints":{"allow":["GET"]}}],"collection":[{"href":"https:\/\/www.aleviansiklopedisi.com\/de\/wp-json\/wp\/v2\/pages"}],"about":[{"href":"https:\/\/www.aleviansiklopedisi.com\/de\/wp-json\/wp\/v2\/types\/page"}],"author":[{"embeddable":true,"href":"https:\/\/www.aleviansiklopedisi.com\/de\/wp-json\/wp\/v2\/users\/4"}],"replies":[{"embeddable":true,"href":"https:\/\/www.aleviansiklopedisi.com\/de\/wp-json\/wp\/v2\/comments?post=3097"}],"version-history":[{"count":0,"href":"https:\/\/www.aleviansiklopedisi.com\/de\/wp-json\/wp\/v2\/pages\/3097\/revisions"}],"wp:attachment":[{"href":"https:\/\/www.aleviansiklopedisi.com\/de\/wp-json\/wp\/v2\/media?parent=3097"}],"curies":[{"name":"wp","href":"https:\/\/api.w.org\/{rel}","templated":true}]}}