{"id":3152,"date":"2025-03-13T21:08:06","date_gmt":"2025-03-13T21:08:06","guid":{"rendered":"https:\/\/www.aleviansiklopedisi.com\/?page_id=3152"},"modified":"2026-01-05T15:42:20","modified_gmt":"2026-01-05T15:42:20","slug":"projektgremien-und-satzung","status":"publish","type":"page","link":"https:\/\/www.aleviansiklopedisi.com\/de\/proje-kurullari-ve-tuzuk\/","title":{"rendered":"Projektgremien und Satzung"},"content":{"rendered":"<div data-elementor-type=\"wp-page\" data-elementor-id=\"3152\" class=\"elementor elementor-3152\" data-elementor-post-type=\"page\">\n\t\t\t\t<div class=\"elementor-element elementor-element-8786cae e-flex e-con-boxed e-con e-parent\" data-id=\"8786cae\" data-element_type=\"container\" data-e-type=\"container\" data-no-translation=\"\">\n\t\t\t\t\t<div class=\"e-con-inner\">\n\t\t\t\t<div class=\"elementor-element elementor-element-4218f19 elementor-widget elementor-widget-spacer\" data-id=\"4218f19\" data-element_type=\"widget\" data-e-type=\"widget\" data-widget_type=\"spacer.default\">\n\t\t\t\t<div class=\"elementor-widget-container\">\n\t\t\t\t\t\t\t<div class=\"elementor-spacer\">\n\t\t\t<div class=\"elementor-spacer-inner\"><\/div>\n\t\t<\/div>\n\t\t\t\t\t\t<\/div>\n\t\t\t\t<\/div>\n\t\t<div class=\"elementor-element elementor-element-70ca436 e-con-full e-flex e-con e-child\" data-id=\"70ca436\" data-element_type=\"container\" data-e-type=\"container\" data-settings=\"{&quot;background_background&quot;:&quot;classic&quot;}\">\n\t\t\t\t<div class=\"elementor-element elementor-element-0128926 elementor-widget elementor-widget-heading\" data-id=\"0128926\" data-element_type=\"widget\" data-e-type=\"widget\" data-widget_type=\"heading.default\">\n\t\t\t\t<div class=\"elementor-widget-container\">\n\t\t\t\t\t<h1 class=\"elementor-heading-title elementor-size-default\">PROJEKTGREMIEN UND SATZUNG<\/h1>\t\t\t\t<\/div>\n\t\t\t\t<\/div>\n\t\t\t\t<div class=\"elementor-element elementor-element-b62d278 elementor-widget__width-initial elementor-widget elementor-widget-text-editor\" data-id=\"b62d278\" data-element_type=\"widget\" data-e-type=\"widget\" data-widget_type=\"text-editor.default\">\n\t\t\t\t<div class=\"elementor-widget-container\">\n\t\t\t\t\t\t\t\t\t<p style=\"text-align: center;\"><b>Projektgremien und Satzung<\/b><\/p><p style=\"text-align: center;\"><b>Definitionen, Aufgaben, Rechte und Pflichten<\/b><\/p><p>\u00a0<\/p><p><b>Die Parteien des Projekts Alevi Enzyklop\u00e4die<\/b><\/p><p><span style=\"font-weight: 400;\">Die <\/span><i><span style=\"font-weight: 400;\">Alevi Enzyklop\u00e4die<\/span><\/i><span style=\"font-weight: 400;\"> ist ein Projekt, das auf Einladung der <\/span><b>Hakikat Stiftung (Niederlande) \u2013 R\u0131za-\u015eehri-Akademie<\/b><span style=\"font-weight: 400;\"> ins Leben gerufen wurde.<\/span><\/p><p><span style=\"font-weight: 400;\">Die Enzyklop\u00e4die verpflichtet sich, das traditionelle und aktuelle Wissen \u00fcber den Alevitentum in all seinen Dimensionen vollst\u00e4ndig und umfassend auf einer Online-Plattform der \u00d6ffentlichkeit zug\u00e4nglich zu machen. Sie folgt dabei den in diesem Dokument beschriebenen Regeln f\u00fcr den Ablauf sowie den Grunds\u00e4tzen der Publikationsehtik. Angesichts der Tatsache, dass das Wissen \u00fcber den Alevitentum stark manipuliert und verstreut ist, legt die Enzyklop\u00e4die gr\u00f6\u00dften Wert auf wissenschaftliche Methoden und akademische Sorgfalt, um dieses Wissen durch ihre Ver\u00f6ffentlichungen auf den heutigen Informationsplattformen den kommenden Generationen weiterzugeben.<\/span><\/p><p><span style=\"font-weight: 400;\">Die Organe und Gremien, die das Projekt Alevi Enzyklop\u00e4die tragen, sind:<\/span><\/p><ol><li style=\"font-weight: 400;\" aria-level=\"1\"><b>Koordinationsrat der Alevi Enzyklop\u00e4die<\/b><b><br \/><\/b><span style=\"font-weight: 400;\"> 1.1 <\/span><b>Vorstand der R\u0131za-\u015eehri-Akademie<\/b><b><br \/><\/b><span style=\"font-weight: 400;\">\u00a0 \u00a0 1.1.1 <\/span><b>Technisches Team der Website Alevi Enzyklop\u00e4die<\/b><b><br \/><\/b><span style=\"font-weight: 400;\"> 1.2 <\/span><b>Redaktionsrat der Alevi Enzyklop\u00e4die<\/b><b><br \/><\/b><span style=\"font-weight: 400;\">\u00a0 \u00a0 1.2.1 <\/span><b>Wissenschaftlicher Beirat der Alevi Enzyklop\u00e4die<\/b><\/li><\/ol><p><span style=\"font-weight: 400;\">Die Definitionen, Aufgaben und gegenseitigen Beziehungen dieser Gremien sind im Folgenden aufgef\u00fchrt.<\/span><\/p><p><b>(1) Koordinationsrat der Alevi Enzyklop\u00e4die<\/b><\/p><ol><li style=\"font-weight: 400;\" aria-level=\"1\"><span style=\"font-weight: 400;\">Der Koordinationsrat der Alevi Enzyklop\u00e4die besteht aus Mitgliedern des Vorstands der R\u0131za-\u015eehri-Akademie und des Redaktionsrats der Alevi Enzyklop\u00e4die. Er ist das oberste Gremium und tr\u00e4gt die Verantwortung f\u00fcr die Durchf\u00fchrung des Projekts.<\/span><\/li><li style=\"font-weight: 400;\" aria-level=\"1\"><span style=\"font-weight: 400;\">Der Rat tritt mindestens einmal im Monat zusammen. Dabei bewertet er die Arbeiten der drei Grundpfeiler des Projekts (R\u0131za-\u015eehri-Akademie, Redaktionsrat der Alevi Enzyklop\u00e4die und Technisches Team der Website). Er \u00fcberpr\u00fcft, ob Aktivit\u00e4ten und Publikationen dem vorgesehenen Programm und den Inhalten entsprechen, und trifft richtungsweisende Entscheidungen. Bei Bedarf kann der Rat auch au\u00dferhalb des festgelegten Kalenders zus\u00e4tzliche Sitzungen einberufen.<\/span><\/li><li style=\"font-weight: 400;\" aria-level=\"1\"><span style=\"font-weight: 400;\">Die Mitglieder des Koordinationsrats m\u00fcssen in ihren jeweiligen Bereichen darauf achten, im Einklang mit den anderen Gremien zu handeln, wenn es um bindende Aktivit\u00e4ten im Rahmen des Projekts geht. \u00d6ffentliche Erkl\u00e4rungen, Stellungnahmen, Artikel oder das Auftreten im Namen des Projekts (z. B. Teilnahme an Plattformen, Unterzeichnung von Dokumenten) d\u00fcrfen nur in Abstimmung mit den anderen Gremien erfolgen. Ma\u00dfgeblich ist dabei stets der allgemeine Rahmen und die Ziele des Projekts Alevi Enzyklop\u00e4die. Handlungen, die dem Projekt schaden k\u00f6nnten, sind zu vermeiden.<\/span><\/li><li style=\"font-weight: 400;\" aria-level=\"1\"><span style=\"font-weight: 400;\">\u00c4nderungen an den in diesem Dokument genannten Bestimmungen und Regelungen kann der Koordinationsrat nur dann beschlie\u00dfen, wenn alle Mitglieder anwesend sind und eine Einigung erzielt wird.<\/span><\/li><\/ol><p><b>(1.1) Hakikat Stiftung (Niederlande) \u2013 Vorstand der R\u0131za-\u015eehri-Akademie<\/b><\/p><ol><li style=\"font-weight: 400;\" aria-level=\"1\"><span style=\"font-weight: 400;\">Als Initiator des Projekts, Tr\u00e4ger der materiellen Infrastruktur und Organisator der \u00f6ffentlichen Aktivit\u00e4ten im Zusammenhang mit dem Projekt ist die R\u0131za-\u015eehri-Akademie ein nat\u00fcrlicher Bestandteil der im Projekt eingerichteten Gremien.<\/span><\/li><li style=\"font-weight: 400;\" aria-level=\"1\"><span style=\"font-weight: 400;\">Der Vorstand der R\u0131za-\u015eehri-Akademie ist im Koordinationsrat der Alevi Enzyklop\u00e4die mit mindestens zwei Mitgliedern vertreten.<\/span><\/li><li style=\"font-weight: 400;\" aria-level=\"1\"><span style=\"font-weight: 400;\">Er vertritt die Ansichten und Vorschl\u00e4ge der Stiftung und \u00fcbernimmt dabei verschiedene Aufgaben zur Weiterentwicklung des Projekts \u2013 wie die Bekanntmachung in der alevitischen \u00d6ffentlichkeit, die Koordination mit anderen Alevi-Institutionen sowie die Vertretung auf internationalen Plattformen.<\/span><\/li><li style=\"font-weight: 400;\" aria-level=\"1\"><span style=\"font-weight: 400;\">Der Vorstand der R\u0131za-\u015eehri-Akademie darf \u00f6ffentliche Erkl\u00e4rungen im Namen des Projekts, Ver\u00f6ffentlichungen oder Stellungnahmen nur in Abstimmung mit dem Redaktionsrat der Alevi Enzyklop\u00e4die abgeben.<\/span><\/li><\/ol><p><b>(1.1.1) Technisches Team der Website Alevi Enzyklop\u00e4die<\/b><\/p><ol><li style=\"font-weight: 400;\" aria-level=\"1\"><span style=\"font-weight: 400;\">Das Technische Team der Website Alevi Enzyklop\u00e4die umfasst die Vertreter der Firmen, die vertraglich mit der Hakikat Stiftung (Niederlande) verbunden sind, sowie die Personen, die f\u00fcr die technischen Aufgaben des Projekts zust\u00e4ndig sind.<\/span><\/li><li style=\"font-weight: 400;\" aria-level=\"1\"><span style=\"font-weight: 400;\">Auf Wunsch legt das Technische Team dem Koordinationsrat der Alevi Enzyklop\u00e4die Informationen, Berichte und Vorschl\u00e4ge zur Website vor.<\/span><\/li><li style=\"font-weight: 400;\" aria-level=\"1\"><span style=\"font-weight: 400;\">Das Technische Team arbeitet bei der Gestaltung der Website und der Ver\u00f6ffentlichung der Inhalte unter der Leitung des Redaktionsrats der Alevi Enzyklop\u00e4die und nimmt die gew\u00fcnschten \u00c4nderungen an der Website vor.<\/span><\/li><li style=\"font-weight: 400;\" aria-level=\"1\"><span style=\"font-weight: 400;\">Ohne Wissen und Zustimmung des Koordinationsrats und\/oder des Redaktionsrats der Alevi Enzyklop\u00e4die darf das Technische Team keine \u00c4nderungen an der Website vornehmen. Es darf auch keine Erkl\u00e4rungen im Namen des Projekts abgeben.<\/span><\/li><\/ol><p><b>(1.2) Redaktionsrat der Alevi Enzyklop\u00e4die<\/b><\/p><ol><li style=\"font-weight: 400;\" aria-level=\"1\"><span style=\"font-weight: 400;\">Der Redaktionsrat der Alevi Enzyklop\u00e4die wurde auf Einladung der R\u0131za-\u015eehri-Akademie gegr\u00fcndet und besteht aus Wissenschaftlerinnen und Wissenschaftlern, die im Bereich Alevitentum publiziert haben.<\/span><ul><li style=\"font-weight: 400;\" aria-level=\"2\"><span style=\"font-weight: 400;\">Der Redaktionsrat organisiert den Publikationsprozess der Enzyklop\u00e4die unabh\u00e4ngig.<\/span><\/li><li style=\"font-weight: 400;\" aria-level=\"2\"><span style=\"font-weight: 400;\">Die Mitglieder arbeiten auf freiwilliger Basis im Projekt mit und f\u00fchren ihre Aufgaben in diesem Rahmen aus.<\/span><\/li><li style=\"font-weight: 400;\" aria-level=\"2\"><span style=\"font-weight: 400;\">Wenn ausreichende Mittel und Ressourcen vorhanden sind, k\u00f6nnen die Mitglieder ihre Arbeit auch professionell und gegen Bezahlung leisten.<\/span><\/li><li style=\"font-weight: 400;\" aria-level=\"2\"><span style=\"font-weight: 400;\">Zus\u00e4tzlich kann die R\u0131za-\u015eehri-Akademie mindestens zweimal im Jahr eine Honorarauszahlung an die Mitglieder vornehmen.<\/span><\/li><li style=\"font-weight: 400;\" aria-level=\"2\"><span style=\"font-weight: 400;\">Innerhalb des unten beschriebenen Rahmens und der Regeln organisiert der Redaktionsrat seine Arbeit eigenst\u00e4ndig.<\/span><\/li><\/ul><\/li><li style=\"font-weight: 400;\" aria-level=\"1\"><span style=\"font-weight: 400;\">Der Redaktionsrat der Alevi Enzyklop\u00e4die ist im Koordinationsrat der Alevi Enzyklop\u00e4die mit mindestens zwei Mitgliedern vertreten.<\/span><\/li><li style=\"font-weight: 400;\" aria-level=\"1\"><span style=\"font-weight: 400;\">Um die Qualit\u00e4t und Effizienz des Projekts zu sichern, kann der Redaktionsrat bei Bedarf neue Wissenschaftlerinnen, Wissenschaftler und Forschende einladen. In diesem Fall ist eine Abstimmung mit dem Vorstand der R\u0131za-\u015eehri-Akademie erforderlich.<\/span><ul><li style=\"font-weight: 400;\" aria-level=\"2\"><span style=\"font-weight: 400;\">Die Mitglieder des Redaktionsrats sind Akademikerinnen und Akademiker bzw. Forschende, die im Bereich Alevitentum gearbeitet haben oder arbeiten.<\/span><\/li><li style=\"font-weight: 400;\" aria-level=\"2\"><span style=\"font-weight: 400;\">Bevorzugt werden Personen ausgew\u00e4hlt, die Erfahrungen im Redigieren oder Schreiben haben, \u00fcber Fachwissen und Erfahrung im Bereich verf\u00fcgen, \u00fcber bestimmte Netzwerke verbunden sind und bereit sind, diese Arbeit auf freiwilliger Basis zu \u00fcbernehmen.<\/span><\/li><li style=\"font-weight: 400;\" aria-level=\"2\"><span style=\"font-weight: 400;\">Die Zahl der Mitglieder darf 11 nicht \u00fcberschreiten.<\/span><\/li><\/ul><\/li><li style=\"font-weight: 400;\" aria-level=\"1\"><span style=\"font-weight: 400;\">Der Redaktionsrat darf \u00f6ffentliche Erkl\u00e4rungen, Ver\u00f6ffentlichungen oder Stellungnahmen im Namen des Projekts nur in Abstimmung mit dem Vorstand der R\u0131za-\u015eehri-Akademie abgeben.<\/span><\/li><li style=\"font-weight: 400;\" aria-level=\"1\"><span style=\"font-weight: 400;\">Der Redaktionsrat organisiert seine Sitzungen nach seinem eigenen Arbeitsplan. Wenn n\u00f6tig, kann ein Vertreter des Vorstands der R\u0131za-\u015eehri-Akademie an diesen Sitzungen teilnehmen.<\/span><\/li><\/ol><p><b>(1.2.1) Wissenschaftlicher Beirat der Alevi Enzyklop\u00e4die<\/b><\/p><ol><li style=\"font-weight: 400;\" aria-level=\"1\"><span style=\"font-weight: 400;\">Der Wissenschaftliche Beirat der Alevi Enzyklop\u00e4die besteht aus Akademikerinnen, Forschenden und Intellektuellen, die im Bereich Alevitentum und in verwandten Disziplinen international anerkannt sind, in diesem Rahmen bedeutende Werke ver\u00f6ffentlicht haben und\/oder aktuell in diesen Feldern t\u00e4tig sind. Mit ihrem Wissen und ihrer Kompetenz k\u00f6nnen sie das Projekt auf internationaler Ebene vertreten und ihr Fachwissen einbringen.<\/span><\/li><li style=\"font-weight: 400;\" aria-level=\"1\"><span style=\"font-weight: 400;\">Der Wissenschaftliche Beirat arbeitet gemeinsam mit dem Redaktionsrat der Alevi Enzyklop\u00e4die. Bei Bedarf k\u00f6nnen einzelne Mitglieder des Beirats zu Sitzungen des Koordinationsrats der Akademie eingeladen werden.<\/span><\/li><li style=\"font-weight: 400;\" aria-level=\"1\"><span style=\"font-weight: 400;\">Der Wissenschaftliche Beirat kann auf Einladung des Redaktionsrats der Alevi Enzyklop\u00e4die zu thematischen Sitzungen mit Publikationsschwerpunkt einberufen werden.<\/span><\/li><li style=\"font-weight: 400;\" aria-level=\"1\"><span style=\"font-weight: 400;\">Der Wissenschaftliche Beirat bewertet die Publikationen der Alevi Enzyklop\u00e4die im Hinblick auf den Umfang des Projekts, seine Ziele und die wissenschaftliche Angemessenheit. Er teilt dazu seine Einsch\u00e4tzungen und Empfehlungen mit.<\/span><\/li><\/ol><p><span style=\"font-weight: 400;\">\u00a0<\/span><\/p><p>\u00a0<\/p>\t\t\t\t\t\t\t\t<\/div>\n\t\t\t\t<\/div>\n\t\t\t\t<\/div>\n\t\t\t\t<div class=\"elementor-element elementor-element-c3512ce elementor-widget elementor-widget-spacer\" data-id=\"c3512ce\" data-element_type=\"widget\" data-e-type=\"widget\" data-widget_type=\"spacer.default\">\n\t\t\t\t<div class=\"elementor-widget-container\">\n\t\t\t\t\t\t\t<div class=\"elementor-spacer\">\n\t\t\t<div class=\"elementor-spacer-inner\"><\/div>\n\t\t<\/div>\n\t\t\t\t\t\t<\/div>\n\t\t\t\t<\/div>\n\t\t\t\t\t<\/div>\n\t\t\t\t<\/div>\n\t\t\t\t<\/div>","protected":false},"excerpt":{"rendered":"<p>Tan\u0131mlar, G\u00f6revler, Haklar ve Sorumluluklar Alevi Ansiklopedisi Projesinin Taraflar\u0131 Alevi Ansiklopedisi, Hakikat Vakf\u0131 (Hollanda) \u2013 R\u0131za \u015eehri Akademisi\u2019nin davetiyle ba\u015flat\u0131lm\u0131\u015f [&hellip;]<\/p>\n","protected":false},"author":4,"featured_media":0,"parent":0,"menu_order":0,"comment_status":"closed","ping_status":"closed","template":"","meta":{"_acf_changed":false,"site-sidebar-layout":"no-sidebar","site-content-layout":"","ast-site-content-layout":"full-width-container","site-content-style":"default","site-sidebar-style":"default","ast-global-header-display":"","ast-banner-title-visibility":"","ast-main-header-display":"","ast-hfb-above-header-display":"","ast-hfb-below-header-display":"","ast-hfb-mobile-header-display":"","site-post-title":"disabled","ast-breadcrumbs-content":"","ast-featured-img":"disabled","footer-sml-layout":"","ast-disable-related-posts":"","theme-transparent-header-meta":"","adv-header-id-meta":"","stick-header-meta":"","header-above-stick-meta":"","header-main-stick-meta":"","header-below-stick-meta":"","astra-migrate-meta-layouts":"default","ast-page-background-enabled":"default","ast-page-background-meta":{"desktop":{"background-color":"var(--ast-global-color-5)","background-image":"","background-repeat":"repeat","background-position":"center center","background-size":"auto","background-attachment":"scroll","background-type":"","background-media":"","overlay-type":"","overlay-color":"","overlay-opacity":"","overlay-gradient":""},"tablet":{"background-color":"","background-image":"","background-repeat":"repeat","background-position":"center center","background-size":"auto","background-attachment":"scroll","background-type":"","background-media":"","overlay-type":"","overlay-color":"","overlay-opacity":"","overlay-gradient":""},"mobile":{"background-color":"","background-image":"","background-repeat":"repeat","background-position":"center center","background-size":"auto","background-attachment":"scroll","background-type":"","background-media":"","overlay-type":"","overlay-color":"","overlay-opacity":"","overlay-gradient":""}},"ast-content-background-meta":{"desktop":{"background-color":"var(--ast-global-color-4)","background-image":"","background-repeat":"repeat","background-position":"center center","background-size":"auto","background-attachment":"scroll","background-type":"","background-media":"","overlay-type":"","overlay-color":"","overlay-opacity":"","overlay-gradient":""},"tablet":{"background-color":"var(--ast-global-color-4)","background-image":"","background-repeat":"repeat","background-position":"center center","background-size":"auto","background-attachment":"scroll","background-type":"","background-media":"","overlay-type":"","overlay-color":"","overlay-opacity":"","overlay-gradient":""},"mobile":{"background-color":"var(--ast-global-color-4)","background-image":"","background-repeat":"repeat","background-position":"center center","background-size":"auto","background-attachment":"scroll","background-type":"","background-media":"","overlay-type":"","overlay-color":"","overlay-opacity":"","overlay-gradient":""}},"footnotes":""},"class_list":["post-3152","page","type-page","status-publish","hentry"],"acf":[],"_links":{"self":[{"href":"https:\/\/www.aleviansiklopedisi.com\/de\/wp-json\/wp\/v2\/pages\/3152","targetHints":{"allow":["GET"]}}],"collection":[{"href":"https:\/\/www.aleviansiklopedisi.com\/de\/wp-json\/wp\/v2\/pages"}],"about":[{"href":"https:\/\/www.aleviansiklopedisi.com\/de\/wp-json\/wp\/v2\/types\/page"}],"author":[{"embeddable":true,"href":"https:\/\/www.aleviansiklopedisi.com\/de\/wp-json\/wp\/v2\/users\/4"}],"replies":[{"embeddable":true,"href":"https:\/\/www.aleviansiklopedisi.com\/de\/wp-json\/wp\/v2\/comments?post=3152"}],"version-history":[{"count":0,"href":"https:\/\/www.aleviansiklopedisi.com\/de\/wp-json\/wp\/v2\/pages\/3152\/revisions"}],"wp:attachment":[{"href":"https:\/\/www.aleviansiklopedisi.com\/de\/wp-json\/wp\/v2\/media?parent=3152"}],"curies":[{"name":"wp","href":"https:\/\/api.w.org\/{rel}","templated":true}]}}