{"id":3271,"date":"2025-03-14T00:42:42","date_gmt":"2025-03-14T00:42:42","guid":{"rendered":"https:\/\/www.aleviansiklopedisi.com\/?page_id=3271"},"modified":"2025-09-29T16:06:32","modified_gmt":"2025-09-29T16:06:32","slug":"alevi-networks","status":"publish","type":"page","link":"https:\/\/www.aleviansiklopedisi.com\/de\/alevi-bilgi-agi\/","title":{"rendered":"Alevi Networks"},"content":{"rendered":"<div data-elementor-type=\"wp-page\" data-elementor-id=\"3271\" class=\"elementor elementor-3271\" data-elementor-post-type=\"page\">\n\t\t\t\t<div class=\"elementor-element elementor-element-57bb092 e-flex e-con-boxed e-con e-parent\" data-id=\"57bb092\" data-element_type=\"container\" data-e-type=\"container\">\n\t\t\t\t\t<div class=\"e-con-inner\">\n\t\t\t\t<div class=\"elementor-element elementor-element-50674f4 elementor-widget elementor-widget-spacer\" data-id=\"50674f4\" data-element_type=\"widget\" data-e-type=\"widget\" data-widget_type=\"spacer.default\">\n\t\t\t\t<div class=\"elementor-widget-container\">\n\t\t\t\t\t\t\t<div class=\"elementor-spacer\">\n\t\t\t<div class=\"elementor-spacer-inner\"><\/div>\n\t\t<\/div>\n\t\t\t\t\t\t<\/div>\n\t\t\t\t<\/div>\n\t\t<div class=\"elementor-element elementor-element-c8de266 e-con-full e-flex e-con e-child\" data-id=\"c8de266\" data-element_type=\"container\" data-e-type=\"container\" data-settings=\"{&quot;background_background&quot;:&quot;classic&quot;}\">\n\t\t\t\t<div class=\"elementor-element elementor-element-46d84d4 elementor-widget elementor-widget-heading\" data-id=\"46d84d4\" data-element_type=\"widget\" data-e-type=\"widget\" data-widget_type=\"heading.default\">\n\t\t\t\t<div class=\"elementor-widget-container\">\n\t\t\t\t\t<h1 class=\"elementor-heading-title elementor-size-default\">Alevi Networks<\/h1>\t\t\t\t<\/div>\n\t\t\t\t<\/div>\n\t\t\t\t<div class=\"elementor-element elementor-element-c41ba1b elementor-widget elementor-widget-text-editor\" data-id=\"c41ba1b\" data-element_type=\"widget\" data-e-type=\"widget\" data-widget_type=\"text-editor.default\">\n\t\t\t\t<div class=\"elementor-widget-container\">\n\t\t\t\t\t\t\t\t\t<p style=\"text-align: left;\">Dieser Abschnitt dient als ein Online-Wissenszentrum \u00fcber den Alevitentum und vereint vielf\u00e4ltige digitale Ressourcen, die neue Wege zur Erkundung der alevitischen Geschichte, Kultur und Religion er\u00f6ffnen. Von akademischen Plattformen und alevitischen Akademien \u00fcber Online-Ausstellungen, digitale Museen, k\u00fcnstlerische Arbeiten bis hin zu kuratierten Essays hebt die Sammlung die Vielfalt an Stimmen und Perspektiven hervor, die dieses Feld pr\u00e4gen. Die Leserinnen und Leser k\u00f6nnen sich mit transnationalen Initiativen, Erinnerungsr\u00e4umen und kreativen Projekten auseinandersetzen, die sowohl wissenschaftliche als auch gemeinschaftsorientierte Ans\u00e4tze widerspiegeln. Durch die Zusammenf\u00fchrung dieser Ressourcen an einem Ort bietet die Alevi Enzyklop\u00e4die ein Tor zum Zugang zu verl\u00e4sslichen und breit gef\u00e4cherten Informationen \u00fcber den Alevitentum in verschiedenen Disziplinen und Medien.<\/p>\t\t\t\t\t\t\t\t<\/div>\n\t\t\t\t<\/div>\n\t\t\t\t<div class=\"elementor-element elementor-element-cf67fe4 elementor-widget elementor-widget-shortcode\" data-id=\"cf67fe4\" data-element_type=\"widget\" data-e-type=\"widget\" data-widget_type=\"shortcode.default\">\n\t\t\t\t<div class=\"elementor-widget-container\">\n\t\t\t\t\t\t\t<div class=\"elementor-shortcode\"><h3>Alevitische Akademie<\/h3><ul class=\"kurum-listesi\"><li class=\"kurum-item\"><div class=\"kurum-baslik\">GADEV Alevi Akademisi<\/div><div class=\"kurum-link\"><a href=\"https:\/\/www.gadev.org.tr\/\" target=\"_blank\" rel=\"noopener noreferrer\">https:\/\/www.gadev.org.tr\/<\/a><\/div><\/li><li class=\"kurum-item\"><div class=\"kurum-baslik\">R\u0131za \u015eehri Akademisi<\/div><div class=\"kurum-link\"><a href=\"https:\/\/rizasehriakademisi.com\/\" target=\"_blank\" rel=\"noopener noreferrer\">https:\/\/rizasehriakademisi.com\/<\/a><\/div><\/li><\/ul><h3>Online-Akademische Netzwerke &amp; Projekte<\/h3><ul class=\"kurum-listesi\"><li class=\"kurum-item\"><div class=\"kurum-baslik\">Alevi Studies Network<\/div><div class=\"kurum-link\"><a href=\"https:\/\/alevistudiesnetwork.org\/\" target=\"_blank\" rel=\"noopener noreferrer\">https:\/\/alevistudiesnetwork.org\/<\/a><\/div><\/li><li class=\"kurum-item\"><div class=\"kurum-baslik\">Dersim 1937\/38 (Ruhr University Bochum)<\/div><div class=\"kurum-link\"><a href=\"https:\/\/www.sowi.ruhr-uni-bochum.de\/dersim\/index.html.de\" target=\"_blank\" rel=\"noopener noreferrer\">https:\/\/www.sowi.ruhr-uni-bochum.de\/dersim\/index.html.de<\/a><\/div><\/li><li class=\"kurum-item\"><div class=\"kurum-baslik\">Nafi Baba Tasavvuf Ara\u015ft\u0131rmalar\u0131 Merkezi<\/div><div class=\"kurum-link\"><a href=\"https:\/\/hist.bogazici.edu.tr\/event-types\/nafi-baba-tasavvuf-arastirmalari-merkezi\" target=\"_blank\" rel=\"noopener noreferrer\">https:\/\/hist.bogazici.edu.tr\/event-types\/nafi-baba-tasavvuf-arastirmalari-merkezi<\/a><\/div><\/li><li class=\"kurum-item\"><div class=\"kurum-baslik\">The Alevis of the Munzur Valley<\/div><div class=\"kurum-link\"><a href=\"https:\/\/www.munzurvalley.com\/\" target=\"_blank\" rel=\"noopener noreferrer\">https:\/\/www.munzurvalley.com\/<\/a><\/div><\/li><li class=\"kurum-item\"><div class=\"kurum-baslik\">Yolpedia<\/div><div class=\"kurum-link\"><a href=\"https:\/\/yolpedia.eu\/\" target=\"_blank\" rel=\"noopener noreferrer\">https:\/\/yolpedia.eu\/<\/a><\/div><\/li><\/ul><h3>Online-Museen &amp; Ausstellungen<\/h3><ul class=\"kurum-listesi\"><li class=\"kurum-item\"><div class=\"kurum-baslik\">Dersim Museum in Exile \u2013 A Digital Memory Space for Cultural Continuity<\/div><div class=\"kurum-link\"><a href=\"https:\/\/dersimmuze.com\/\" target=\"_blank\" rel=\"noopener noreferrer\">https:\/\/dersimmuze.com\/<\/a><\/div><\/li><li class=\"kurum-item\"><div class=\"kurum-baslik\">Felsen, Wasser und Feuer: Heilige Landschaften der Alevis von Dersim \u2013 Glaube, Migration und heilige R\u00e4ume in der deutschen Diaspora<\/div><div class=\"kurum-link\"><a href=\"https:\/\/ddbstudio.deutsche-digitale-bibliothek.de\/heilige-geografie-dersim-und-diaspora\" target=\"_blank\" rel=\"noopener noreferrer\">https:\/\/ddbstudio.deutsche-digitale-bibliothek.de\/heilige-geografie-dersim-und-diaspora<\/a><\/div><\/li><li class=\"kurum-item\"><div class=\"kurum-baslik\">The Mad\u0131mak Memorial Center \/ Mad\u0131mak Katliam\u0131 Haf\u0131za Merkezi (Mad\u0131mak Online Museum)<\/div><div class=\"kurum-link\"><a href=\"http:\/\/madimak.info\/\" target=\"_blank\" rel=\"noopener noreferrer\">http:\/\/madimak.info\/<\/a><\/div><\/li><li class=\"kurum-item\"><div class=\"kurum-baslik\">Zozan<\/div><div class=\"kurum-link\"><a href=\"https:\/\/www.zozan.at\/\" target=\"_blank\" rel=\"noopener noreferrer\">https:\/\/www.zozan.at\/<\/a><\/div><\/li><\/ul><h3>YouTube &amp; Online TV<\/h3><ul class=\"kurum-listesi\"><li class=\"kurum-item\"><div class=\"kurum-baslik\">AL TV Berlin<\/div><div class=\"kurum-link\"><a href=\"https:\/\/www.youtube.com\/@ALTVBerlin\" target=\"_blank\" rel=\"noopener noreferrer\">https:\/\/www.youtube.com\/@ALTVBerlin<\/a><\/div><\/li><li class=\"kurum-item\"><div class=\"kurum-baslik\">Can TV, \u201cYolun Tarihi\u201d Program\u0131<\/div><div class=\"kurum-link\"><a href=\"https:\/\/cantv.tv\/?s=%C3%A7i%C4%9Fdem+boz\" target=\"_blank\" rel=\"noopener noreferrer\">https:\/\/cantv.tv\/?s=%C3%A7i%C4%9Fdem+boz<\/a><\/div><\/li><li class=\"kurum-item\"><div class=\"kurum-baslik\">Pir Sultan<\/div><div class=\"kurum-link\"><a href=\"http:\/\/www.youtube.com\/@pir_sultan\" target=\"_blank\" rel=\"noopener noreferrer\">http:\/\/www.youtube.com\/@pir_sultan<\/a><\/div><\/li><li class=\"kurum-item\"><div class=\"kurum-baslik\">School of Alevism<\/div><div class=\"kurum-link\"><a href=\"https:\/\/www.youtube.com\/@schoolofalevism\" target=\"_blank\" rel=\"noopener noreferrer\">https:\/\/www.youtube.com\/@schoolofalevism<\/a><\/div><\/li><\/ul><h3>Online-K\u00fcnstlerische Werke<\/h3><ul class=\"kurum-listesi\"><li class=\"kurum-item\"><div class=\"kurum-baslik\">And The Mountain Said To Munzur: You, River Of My Tears<\/div><div class=\"kurum-link\"><a href=\"https:\/\/miriamstanke.com\/projects\/and-the-mountain-said-to-munzur-you-river-of-my-tears\/\" target=\"_blank\" rel=\"noopener noreferrer\">https:\/\/miriamstanke.com\/projects\/and-the-mountain-said-to-munzur-you-river-of-my-tears\/<\/a><\/div><\/li><li class=\"kurum-item\"><div class=\"kurum-baslik\">Da\u011fdaki Ke\u00e7i, G\u00f6kteki Ay, Sudaki Bal\u0131k<\/div><div class=\"kurum-link\"><a href=\"https:\/\/www.culture-civic.org\/projeler\/dagdaki-keci-gokteki-ay-sudaki-balik\" target=\"_blank\" rel=\"noopener noreferrer\">https:\/\/www.culture-civic.org\/projeler\/dagdaki-keci-gokteki-ay-sudaki-balik<\/a><\/div><\/li><\/ul><h3>Ausgew\u00e4hlte Online-Werke (Nachrichten, Essays, Blogs, Projektberichte usw.)<\/h3><ul class=\"kurum-listesi\"><li class=\"kurum-item\"><div class=\"kurum-baslik\">Alevism in Turkey: Problems and Solutions Seven Demands, Seven Proposals<\/div><div class=\"kurum-link\"><a href=\"https:\/\/tr.boell.org\/en\/2016\/04\/18\/alevism-turkey-problem-and-solutions-seven-demands-seven-proposals\" target=\"_blank\" rel=\"noopener noreferrer\">https:\/\/tr.boell.org\/en\/2016\/04\/18\/alevism-turkey-problem-and-solutions-seven-demands-seven-proposals<\/a><\/div><\/li><li class=\"kurum-item\"><div class=\"kurum-baslik\">Finding Paradise in Turkey\u2019s Munzur Valley\u00a0<\/div><div class=\"kurum-link\"><a href=\"https:\/\/www.nytimes.com\/2015\/06\/28\/travel\/finding-paradise-in-turkeys-munzur-valley.html\" target=\"_blank\" rel=\"noopener noreferrer\">https:\/\/www.nytimes.com\/2015\/06\/28\/travel\/finding-paradise-in-turkeys-munzur-valley.html<\/a><\/div><\/li><li class=\"kurum-item\"><div class=\"kurum-baslik\">The Massacre in Dersim Still Haunts Kurds in Turkey<\/div><div class=\"kurum-link\"><a href=\"https:\/\/jacobin.com\/2021\/01\/massacre-dersim-turkey-kurds-erdogan\" target=\"_blank\" rel=\"noopener noreferrer\">https:\/\/jacobin.com\/2021\/01\/massacre-dersim-turkey-kurds-erdogan<\/a><\/div><\/li><\/ul><h3>Se\u00e7ilmi\u015f Online Belgeseller<\/h3><ul class=\"kurum-listesi\"><li class=\"kurum-item\"><div class=\"kurum-baslik\">Alevism in the German diaspora \u2013 a success story?<\/div><div class=\"kurum-link\"><a href=\"https:\/\/www.youtube.com\/watch?v=3GVrtAHEMLM&#038;t=569s\" target=\"_blank\" rel=\"noopener noreferrer\">https:\/\/www.youtube.com\/watch?v=3GVrtAHEMLM&#038;t=569s<\/a><\/div><\/li><li class=\"kurum-item\"><div class=\"kurum-baslik\">Alevitentum &#8211; Eine Suche nach Identit\u00e4t<\/div><div class=\"kurum-link\"><a href=\"https:\/\/www.youtube.com\/watch?v=dqLzaD3EBcY&#038;t=1687s%20\" target=\"_blank\" rel=\"noopener noreferrer\">https:\/\/www.youtube.com\/watch?v=dqLzaD3EBcY&#038;t=1687s%20<\/a><\/div><\/li><\/ul><\/div>\n\t\t\t\t\t\t<\/div>\n\t\t\t\t<\/div>\n\t\t\t\t<\/div>\n\t\t\t\t<div class=\"elementor-element elementor-element-3cbb3d9 elementor-widget elementor-widget-spacer\" data-id=\"3cbb3d9\" data-element_type=\"widget\" data-e-type=\"widget\" data-widget_type=\"spacer.default\">\n\t\t\t\t<div class=\"elementor-widget-container\">\n\t\t\t\t\t\t\t<div class=\"elementor-spacer\">\n\t\t\t<div class=\"elementor-spacer-inner\"><\/div>\n\t\t<\/div>\n\t\t\t\t\t\t<\/div>\n\t\t\t\t<\/div>\n\t\t\t\t\t<\/div>\n\t\t\t\t<\/div>\n\t\t\t\t<\/div>","protected":false},"excerpt":{"rendered":"<p>Bu b\u00f6l\u00fcm, Alevilik \u00fczerine \u00e7evrimi\u00e7i bir bilgi merkezi i\u015flevi g\u00f6rerek Alevi tarihi, k\u00fclt\u00fcr\u00fc ve inanc\u0131n\u0131 ke\u015ffetmek i\u00e7in yeni yollar sunan [&hellip;]<\/p>\n","protected":false},"author":4,"featured_media":0,"parent":0,"menu_order":0,"comment_status":"closed","ping_status":"closed","template":"","meta":{"_acf_changed":false,"site-sidebar-layout":"no-sidebar","site-content-layout":"","ast-site-content-layout":"full-width-container","site-content-style":"default","site-sidebar-style":"default","ast-global-header-display":"","ast-banner-title-visibility":"","ast-main-header-display":"","ast-hfb-above-header-display":"","ast-hfb-below-header-display":"","ast-hfb-mobile-header-display":"","site-post-title":"disabled","ast-breadcrumbs-content":"","ast-featured-img":"disabled","footer-sml-layout":"","ast-disable-related-posts":"","theme-transparent-header-meta":"","adv-header-id-meta":"","stick-header-meta":"","header-above-stick-meta":"","header-main-stick-meta":"","header-below-stick-meta":"","astra-migrate-meta-layouts":"default","ast-page-background-enabled":"default","ast-page-background-meta":{"desktop":{"background-color":"var(--ast-global-color-5)","background-image":"","background-repeat":"repeat","background-position":"center center","background-size":"auto","background-attachment":"scroll","background-type":"","background-media":"","overlay-type":"","overlay-color":"","overlay-opacity":"","overlay-gradient":""},"tablet":{"background-color":"","background-image":"","background-repeat":"repeat","background-position":"center center","background-size":"auto","background-attachment":"scroll","background-type":"","background-media":"","overlay-type":"","overlay-color":"","overlay-opacity":"","overlay-gradient":""},"mobile":{"background-color":"","background-image":"","background-repeat":"repeat","background-position":"center center","background-size":"auto","background-attachment":"scroll","background-type":"","background-media":"","overlay-type":"","overlay-color":"","overlay-opacity":"","overlay-gradient":""}},"ast-content-background-meta":{"desktop":{"background-color":"var(--ast-global-color-4)","background-image":"","background-repeat":"repeat","background-position":"center center","background-size":"auto","background-attachment":"scroll","background-type":"","background-media":"","overlay-type":"","overlay-color":"","overlay-opacity":"","overlay-gradient":""},"tablet":{"background-color":"var(--ast-global-color-4)","background-image":"","background-repeat":"repeat","background-position":"center center","background-size":"auto","background-attachment":"scroll","background-type":"","background-media":"","overlay-type":"","overlay-color":"","overlay-opacity":"","overlay-gradient":""},"mobile":{"background-color":"var(--ast-global-color-4)","background-image":"","background-repeat":"repeat","background-position":"center center","background-size":"auto","background-attachment":"scroll","background-type":"","background-media":"","overlay-type":"","overlay-color":"","overlay-opacity":"","overlay-gradient":""}},"footnotes":""},"class_list":["post-3271","page","type-page","status-publish","hentry"],"acf":[],"_links":{"self":[{"href":"https:\/\/www.aleviansiklopedisi.com\/de\/wp-json\/wp\/v2\/pages\/3271","targetHints":{"allow":["GET"]}}],"collection":[{"href":"https:\/\/www.aleviansiklopedisi.com\/de\/wp-json\/wp\/v2\/pages"}],"about":[{"href":"https:\/\/www.aleviansiklopedisi.com\/de\/wp-json\/wp\/v2\/types\/page"}],"author":[{"embeddable":true,"href":"https:\/\/www.aleviansiklopedisi.com\/de\/wp-json\/wp\/v2\/users\/4"}],"replies":[{"embeddable":true,"href":"https:\/\/www.aleviansiklopedisi.com\/de\/wp-json\/wp\/v2\/comments?post=3271"}],"version-history":[{"count":0,"href":"https:\/\/www.aleviansiklopedisi.com\/de\/wp-json\/wp\/v2\/pages\/3271\/revisions"}],"wp:attachment":[{"href":"https:\/\/www.aleviansiklopedisi.com\/de\/wp-json\/wp\/v2\/media?parent=3271"}],"curies":[{"name":"wp","href":"https:\/\/api.w.org\/{rel}","templated":true}]}}