{"id":3645,"date":"2025-03-17T11:43:36","date_gmt":"2025-03-17T11:43:36","guid":{"rendered":"https:\/\/www.aleviansiklopedisi.com\/?page_id=3645"},"modified":"2026-01-06T22:44:41","modified_gmt":"2026-01-06T22:44:41","slug":"wie-man-fuer-die-alevi-enzyklopaedie-schreibt","status":"publish","type":"page","link":"https:\/\/www.aleviansiklopedisi.com\/de\/alevi-ansiklopedisine-neyi-nasil-yazilmali\/","title":{"rendered":"Alevi Ansiklopedisi&#8217;ne Neyi Nas\u0131l Yaz\u0131lmal\u0131?"},"content":{"rendered":"<div data-elementor-type=\"wp-page\" data-elementor-id=\"3645\" class=\"elementor elementor-3645\" data-elementor-post-type=\"page\">\n\t\t\t\t<div class=\"elementor-element elementor-element-b7c0af7 e-flex e-con-boxed e-con e-parent\" data-id=\"b7c0af7\" data-element_type=\"container\" data-e-type=\"container\" data-no-translation=\"\">\n\t\t\t\t\t<div class=\"e-con-inner\">\n\t\t\t\t<div class=\"elementor-element elementor-element-6805848 elementor-widget elementor-widget-spacer\" data-id=\"6805848\" data-element_type=\"widget\" data-e-type=\"widget\" data-widget_type=\"spacer.default\">\n\t\t\t\t<div class=\"elementor-widget-container\">\n\t\t\t\t\t\t\t<div class=\"elementor-spacer\">\n\t\t\t<div class=\"elementor-spacer-inner\"><\/div>\n\t\t<\/div>\n\t\t\t\t\t\t<\/div>\n\t\t\t\t<\/div>\n\t\t<div class=\"elementor-element elementor-element-6558ab7 e-con-full e-flex e-con e-child\" data-id=\"6558ab7\" data-element_type=\"container\" data-e-type=\"container\" data-settings=\"{&quot;background_background&quot;:&quot;classic&quot;}\">\n\t\t\t\t<div class=\"elementor-element elementor-element-e18e01d elementor-widget elementor-widget-heading\" data-id=\"e18e01d\" data-element_type=\"widget\" data-e-type=\"widget\" data-widget_type=\"heading.default\">\n\t\t\t\t<div class=\"elementor-widget-container\">\n\t\t\t\t\t<h1 class=\"elementor-heading-title elementor-size-default\">Wie Soll Man F\u00fcr Die Alevi Enzyklop\u00e4die Schreiben?<\/h1>\t\t\t\t<\/div>\n\t\t\t\t<\/div>\n\t\t\t\t<div class=\"elementor-element elementor-element-e0fb50c elementor-widget elementor-widget-heading\" data-id=\"e0fb50c\" data-element_type=\"widget\" data-e-type=\"widget\" data-widget_type=\"heading.default\">\n\t\t\t\t<div class=\"elementor-widget-container\">\n\t\t\t\t\t<h2 class=\"elementor-heading-title elementor-size-default\">Dokumentation Eines Fragilen Und Bedrohten Kulturerbes<\/h2>\t\t\t\t<\/div>\n\t\t\t\t<\/div>\n\t\t\t\t<div class=\"elementor-element elementor-element-fb42cff elementor-widget__width-initial elementor-widget elementor-widget-text-editor\" data-id=\"fb42cff\" data-element_type=\"widget\" data-e-type=\"widget\" data-widget_type=\"text-editor.default\">\n\t\t\t\t<div class=\"elementor-widget-container\">\n\t\t\t\t\t\t\t\t\t<div data-id=\"b81f141\" data-element_type=\"container\" data-settings=\"{&quot;background_background&quot;:&quot;classic&quot;}\"><div data-id=\"34aa419\" data-element_type=\"widget\" data-widget_type=\"text-editor.default\"><p class=\"p1\"><b>Enzyklop\u00e4disches Schreiben<\/b><\/p><p class=\"p1\">Das Schreiben eines Enzyklop\u00e4dieartikels erfordert eine andere Methode als wissenschaftliche Aufs\u00e4tze, Essays oder Fachb\u00fccher. Ziel, Struktur, Inhalt, Pr\u00e4sentation und Stil eines Enzyklop\u00e4diebeitrags unterscheiden sich deutlich von anderen akademischen Textarten. Dieser Leitfaden enth\u00e4lt die Grundregeln f\u00fcr Autor*innen, die zur <b>Alevi Enzyklop\u00e4die<\/b> beitragen m\u00f6chten.<\/p><p class=\"p1\">Enzyklop\u00e4dien sind in der Regel eine verl\u00e4ssliche Informationsquelle f\u00fcr Sch\u00fcler<i>innen, Studierende, Forschende und Akademiker<\/i>innen. Die Artikel m\u00fcssen mit akademischer Sorgfalt erstellt werden und zugleich f\u00fcr eine breite Leserschaft verst\u00e4ndlich und zug\u00e4nglich sein. Im Unterschied zu W\u00f6rterb\u00fcchern bieten Enzyklop\u00e4dieartikel nicht nur kurze Definitionen. Sie behandeln ein Thema ausf\u00fchrlicher, sind jedoch weniger komplex und technisch als Fachb\u00fccher. Sie sollen systematisch informieren und den Leser*innen eine klare Perspektive geben.<\/p><p class=\"p1\">Die <b>Alevi Enzyklop\u00e4die<\/b> geht wegen ihres besonderen Themas \u00fcber diesen klassischen Rahmen hinaus: Sie ist so konzipiert, dass sie sowohl kurze, lexikalische Beitr\u00e4ge als auch systematische und detaillierte enzyklop\u00e4dische Artikel umfasst. In jedem Format jedoch bleibt die Enzyklop\u00e4die den akademischen Standards verpflichtet und ver\u00f6ffentlicht Inhalte, die wissenschaftliche Qualit\u00e4t und Zug\u00e4nglichkeit verbinden.<\/p><p class=\"p1\"><b>Die Schwierigkeiten des Schreibens: Geografisch-kulturelle Vielfalt &amp; umstrittene Themen<\/b><\/p><p class=\"p1\">Obwohl die akademische und intellektuelle Literatur \u00fcber das Alevitentum heute ein beachtliches Ausma\u00df erreicht hat, ist die Erstellung einer enzyklop\u00e4dischen Arbeit dar\u00fcber mit verschiedenen Herausforderungen verbunden. Der Grund daf\u00fcr liegt in der relativ jungen Forschung sowie in den oft widerspr\u00fcchlichen Perspektiven.<\/p><p class=\"p1\">Historisch gesehen wurde das Alevitentum gr\u00f6\u00dftenteils m\u00fcndlich weitergegeben. Das wissenschaftliche Interesse, das die Alevi-Literatur stark gepr\u00e4gt hat, entwickelte sich erst in den letzten f\u00fcnfzig Jahren \u2013 beschleunigt durch die Migration der Aleviten in die gro\u00dfen St\u00e4dte der T\u00fcrkei und Westeuropas. Deshalb finden sich in der schriftlichen Literatur nicht nur Spuren innerer und \u00e4u\u00dferer Dynamiken wie Migration, sozialer Wandel, Politisierung und S\u00e4kularisierung, sondern auch Einfl\u00fcsse westlicher kolonialer Ideen und Ans\u00e4tze.<\/p><p class=\"p1\">Heute ist das Alevitentum sowohl in der internationalen Wissenschaft als auch in der \u00d6ffentlichkeit ein zunehmend diskutiertes Thema. Unterschiedliche ideologische, religi\u00f6s-soziale, ethno-kulturelle und politische Perspektiven f\u00fchren zu verschiedenen Deutungen der alevitischen Identit\u00e4t, Geschichte, Soziologie, Theologie und Praxis. Auch die institutionellen Strukturen innerhalb der Alevi-Gemeinschaft spiegeln diese Vielfalt wider und schaffen unterschiedliche Narrative und Diskurse.<\/p><p class=\"p1\">Dar\u00fcber hinaus ist das Alevitentum inzwischen zu einer \u00fcbergeordneten Identit\u00e4t geworden, die Gemeinschaften in einem gro\u00dfen geografischen Raum von den Balkanen \u00fcber Anatolien, den Kaukasus und den Nahen Osten umfasst. Unter Ber\u00fccksichtigung historischer und zeitgen\u00f6ssischer Bektaschi- und Sufi-Traditionen erweitert sich dieses Gebiet sogar bis vom iranischen Hochland bis nach Ostasien.<\/p><p class=\"p1\">Da die Aleviten eine mehrsprachige Gemeinschaft mit unterschiedlichen ethnischen Wurzeln sind, unterscheiden sich auch ihre heutigen Deutungen und Praktiken. Diese historischen, geografischen und kulturellen Dynamiken tragen wesentlich zu den anhaltenden Debatten \u00fcber die gesellschaftliche und religi\u00f6se Identit\u00e4t der Aleviten bei.<\/p><p class=\"p1\"><b>Warum braucht es die Alevi Enzyklop\u00e4die?<\/b><\/p><p class=\"p1\">Eine umfassende Enzyklop\u00e4die \u00fcber das Alevitentum zu erstellen, ist \u2013 trotz der oben genannten Schwierigkeiten \u2013 sowohl eine intellektuelle Verantwortung als auch eine dringende Notwendigkeit. Aleviten waren in der Geschichte systematischem Druck, Assimilation sowie physischer und epistemischer Gewalt ausgesetzt. Das Fehlen einer allgemein zug\u00e4nglichen, sorgf\u00e4ltig erarbeiteten und vielseitigen Informationsquelle hat dazu beigetragen, dass die Geschichte, Kultur und der Glaube der Aleviten oft manipuliert oder durch \u00e4u\u00dfere Eingriffe verzerrt wurden.<\/p><p class=\"p1\">Eine <b>Online- und frei zug\u00e4ngliche Enzyklop\u00e4die<\/b> bietet die M\u00f6glichkeit, solche Risiken zu \u00fcberwinden und die verschiedenen Dimensionen des Alevitentums umfassend darzustellen. Noch wichtiger ist, dass die Alevi Enzyklop\u00e4die dazu beitr\u00e4gt, Wissen \u00fcber das Alevitentum mit den Begriffen, Perspektiven und Empfindungen aus der eigenen Bedeutungswelt der Aleviten zu formulieren. Dadurch k\u00f6nnen Aleviten ihr kulturelles Erbe selbst vertreten und sich gegen assimilatorische, koloniale oder hegemoniale Diskurse behaupten.<\/p><p class=\"p1\">In einer Zeit, in der kollektive Identit\u00e4t, Erinnerung und Emotionen intensiv diskutiert werden, ist die Alevi Enzyklop\u00e4die auch ein entscheidender Schritt zur <b>Demokratisierung der Wissensproduktion<\/b> und zur Schaffung eines pluralistischen akademischen Rahmens. Dar\u00fcber hinaus erlaubt sie mehrere Beitr\u00e4ge zum gleichen Thema und spiegelt so die kulturelle und politische Vielfalt der alevitischen Gemeinschaft auch aus einer wissenschaftlichen Perspektive wider.<\/p><p class=\"p1\"><b>Wor\u00fcber und wie soll man schreiben?<\/b><\/p><p class=\"p1\">Die <b>Alevi Enzyklop\u00e4die<\/b> ist ein Nachschlagewerk \u00fcber die Geschichte, Kultur, Glaubensvorstellungen, Rituale, wichtigen Pers\u00f6nlichkeiten, Orte und Institutionen des Alevitentums. Die Artikel sollen sich auf grundlegende Informationen konzentrieren und ohne subjektive Kommentare oder kritische Bewertungen Fragen beantworten wie: <i>Wer, was, wann, wo, warum, wie, welche Diskussionen gibt es, welche (wissenschaftlichen\/zuverl\u00e4ssigen) Quellen existieren?<\/i><\/p><p class=\"p1\">Beim Schreiben \u00fcber historische Pers\u00f6nlichkeiten m\u00fcssen Autor*innen eine neutrale Sprache verwenden und idealisierende Darstellungen vermeiden. Biografische Artikel sollen grundlegende Angaben enthalten, zum Beispiel Geburts- und Sterbedaten, Geburtsort, Ausbildung, beruflicher Werdegang und die Bedeutung f\u00fcr das Alevitentum. Die Artikel sollen den historischen und soziopolitischen Kontext klar aufzeigen.<\/p><p class=\"p1\">Da das Alevitentum theologisch, politisch und kulturell vielf\u00e4ltig ist, m\u00fcssen unterschiedliche Perspektiven in den Beitr\u00e4gen ausgewogen dargestellt werden. Die Artikel sollen es den Leser*innen erm\u00f6glichen, die einschl\u00e4gige akademische Literatur selbstst\u00e4ndig zu bewerten.<\/p><p class=\"p1\"><b>Akademische und methodische Standards<\/b><\/p><p class=\"p1\">Alle Autor*innen, die zur <b>Alevi Enzyklop\u00e4die<\/b> beitragen, m\u00fcssen die folgenden akademischen Standards einhalten:<\/p><ul class=\"ul1\"><li class=\"li1\"><b>Neutralit\u00e4t:<\/b> Die Artikel sollen objektiv und ausgewogen sein und d\u00fcrfen keine ideologischen oder politischen Tendenzen enthalten.<\/li><li class=\"li1\"><b>Wissenschaftliche Sorgfalt:<\/b> Es sollen verl\u00e4ssliche akademische Quellen und Prim\u00e4rdokumente verwendet werden.<\/li><li class=\"li1\"><b>Klarheit und Zug\u00e4nglichkeit:<\/b> Komplexe Themen sollen in einfacher und verst\u00e4ndlicher Sprache erkl\u00e4rt werden.<\/li><li class=\"li1\"><b>Zitation und Literaturverzeichnis:<\/b> Quellen m\u00fcssen gem\u00e4\u00df dem Zitationssystem der Enzyklop\u00e4die angegeben werden.<\/li><li class=\"li1\"><b>Pluralismus:<\/b> Unterschiedliche Ansichten sollen ausgewogen dargestellt werden.<\/li><\/ul><\/div><\/div>\t\t\t\t\t\t\t\t<\/div>\n\t\t\t\t<\/div>\n\t\t\t\t<\/div>\n\t\t\t\t<div class=\"elementor-element elementor-element-66311af elementor-widget elementor-widget-spacer\" data-id=\"66311af\" data-element_type=\"widget\" data-e-type=\"widget\" data-widget_type=\"spacer.default\">\n\t\t\t\t<div class=\"elementor-widget-container\">\n\t\t\t\t\t\t\t<div class=\"elementor-spacer\">\n\t\t\t<div class=\"elementor-spacer-inner\"><\/div>\n\t\t<\/div>\n\t\t\t\t\t\t<\/div>\n\t\t\t\t<\/div>\n\t\t\t\t\t<\/div>\n\t\t\t\t<\/div>\n\t\t\t\t<\/div>","protected":false},"excerpt":{"rendered":"<p>Alevi Ansiklopedisi&#8217;ne Neyi Nas\u0131l Yazmal\u0131? KIRILGAN VE TEHD\u0130T ALTINDAK\u0130 B\u0130R K\u00dcLT\u00dcREL M\u0130RASIN BELGELENMES\u0130 Ansiklopedik Yaz\u0131n Ansiklopedi maddesi yaz\u0131m\u0131, akademik makaleler, [&hellip;]<\/p>\n","protected":false},"author":4,"featured_media":0,"parent":0,"menu_order":0,"comment_status":"closed","ping_status":"closed","template":"","meta":{"_acf_changed":false,"site-sidebar-layout":"no-sidebar","site-content-layout":"","ast-site-content-layout":"full-width-container","site-content-style":"default","site-sidebar-style":"default","ast-global-header-display":"","ast-banner-title-visibility":"","ast-main-header-display":"","ast-hfb-above-header-display":"","ast-hfb-below-header-display":"","ast-hfb-mobile-header-display":"","site-post-title":"disabled","ast-breadcrumbs-content":"","ast-featured-img":"disabled","footer-sml-layout":"","ast-disable-related-posts":"","theme-transparent-header-meta":"","adv-header-id-meta":"","stick-header-meta":"","header-above-stick-meta":"","header-main-stick-meta":"","header-below-stick-meta":"","astra-migrate-meta-layouts":"default","ast-page-background-enabled":"default","ast-page-background-meta":{"desktop":{"background-color":"var(--ast-global-color-5)","background-image":"","background-repeat":"repeat","background-position":"center center","background-size":"auto","background-attachment":"scroll","background-type":"","background-media":"","overlay-type":"","overlay-color":"","overlay-opacity":"","overlay-gradient":""},"tablet":{"background-color":"","background-image":"","background-repeat":"repeat","background-position":"center center","background-size":"auto","background-attachment":"scroll","background-type":"","background-media":"","overlay-type":"","overlay-color":"","overlay-opacity":"","overlay-gradient":""},"mobile":{"background-color":"","background-image":"","background-repeat":"repeat","background-position":"center center","background-size":"auto","background-attachment":"scroll","background-type":"","background-media":"","overlay-type":"","overlay-color":"","overlay-opacity":"","overlay-gradient":""}},"ast-content-background-meta":{"desktop":{"background-color":"var(--ast-global-color-4)","background-image":"","background-repeat":"repeat","background-position":"center center","background-size":"auto","background-attachment":"scroll","background-type":"","background-media":"","overlay-type":"","overlay-color":"","overlay-opacity":"","overlay-gradient":""},"tablet":{"background-color":"var(--ast-global-color-4)","background-image":"","background-repeat":"repeat","background-position":"center center","background-size":"auto","background-attachment":"scroll","background-type":"","background-media":"","overlay-type":"","overlay-color":"","overlay-opacity":"","overlay-gradient":""},"mobile":{"background-color":"var(--ast-global-color-4)","background-image":"","background-repeat":"repeat","background-position":"center center","background-size":"auto","background-attachment":"scroll","background-type":"","background-media":"","overlay-type":"","overlay-color":"","overlay-opacity":"","overlay-gradient":""}},"footnotes":""},"class_list":["post-3645","page","type-page","status-publish","hentry"],"acf":[],"_links":{"self":[{"href":"https:\/\/www.aleviansiklopedisi.com\/de\/wp-json\/wp\/v2\/pages\/3645","targetHints":{"allow":["GET"]}}],"collection":[{"href":"https:\/\/www.aleviansiklopedisi.com\/de\/wp-json\/wp\/v2\/pages"}],"about":[{"href":"https:\/\/www.aleviansiklopedisi.com\/de\/wp-json\/wp\/v2\/types\/page"}],"author":[{"embeddable":true,"href":"https:\/\/www.aleviansiklopedisi.com\/de\/wp-json\/wp\/v2\/users\/4"}],"replies":[{"embeddable":true,"href":"https:\/\/www.aleviansiklopedisi.com\/de\/wp-json\/wp\/v2\/comments?post=3645"}],"version-history":[{"count":0,"href":"https:\/\/www.aleviansiklopedisi.com\/de\/wp-json\/wp\/v2\/pages\/3645\/revisions"}],"wp:attachment":[{"href":"https:\/\/www.aleviansiklopedisi.com\/de\/wp-json\/wp\/v2\/media?parent=3645"}],"curies":[{"name":"wp","href":"https:\/\/api.w.org\/{rel}","templated":true}]}}