{"id":3692,"date":"2025-03-18T19:41:08","date_gmt":"2025-03-18T19:41:08","guid":{"rendered":"https:\/\/www.aleviansiklopedisi.com\/?page_id=3692"},"modified":"2026-01-05T15:44:20","modified_gmt":"2026-01-05T15:44:20","slug":"wer-bildet-alevi-enzyklopaedie-wie-funktioniert-ziele","status":"publish","type":"page","link":"https:\/\/www.aleviansiklopedisi.com\/de\/kimlerden-olusuyor-ve-nasil-calisiyor-hedefleri-neler\/","title":{"rendered":"Wer bildet sie? Wie funktioniert sie? Was sind ihre Ziele?"},"content":{"rendered":"<div data-elementor-type=\"wp-page\" data-elementor-id=\"3692\" class=\"elementor elementor-3692\" data-elementor-post-type=\"page\">\n\t\t\t\t<div class=\"elementor-element elementor-element-09d26e2 e-flex e-con-boxed e-con e-parent\" data-id=\"09d26e2\" data-element_type=\"container\" data-e-type=\"container\" data-no-translation=\"\">\n\t\t\t\t\t<div class=\"e-con-inner\">\n\t\t\t\t<div class=\"elementor-element elementor-element-f1baff5 elementor-widget elementor-widget-spacer\" data-id=\"f1baff5\" data-element_type=\"widget\" data-e-type=\"widget\" data-widget_type=\"spacer.default\">\n\t\t\t\t<div class=\"elementor-widget-container\">\n\t\t\t\t\t\t\t<div class=\"elementor-spacer\">\n\t\t\t<div class=\"elementor-spacer-inner\"><\/div>\n\t\t<\/div>\n\t\t\t\t\t\t<\/div>\n\t\t\t\t<\/div>\n\t\t<div class=\"elementor-element elementor-element-4a730d6 e-con-full e-flex e-con e-child\" data-id=\"4a730d6\" data-element_type=\"container\" data-e-type=\"container\" data-settings=\"{&quot;background_background&quot;:&quot;classic&quot;}\">\n\t\t\t\t<div class=\"elementor-element elementor-element-fcabd48 elementor-widget elementor-widget-heading\" data-id=\"fcabd48\" data-element_type=\"widget\" data-e-type=\"widget\" data-widget_type=\"heading.default\">\n\t\t\t\t<div class=\"elementor-widget-container\">\n\t\t\t\t\t<h1 class=\"elementor-heading-title elementor-size-default\">WER BILDET DIE ALEVI-ENZYKLOP\u00c4DIE?<\/h1>\t\t\t\t<\/div>\n\t\t\t\t<\/div>\n\t\t\t\t<div class=\"elementor-element elementor-element-3cc90d1 elementor-widget elementor-widget-heading\" data-id=\"3cc90d1\" data-element_type=\"widget\" data-e-type=\"widget\" data-widget_type=\"heading.default\">\n\t\t\t\t<div class=\"elementor-widget-container\">\n\t\t\t\t\t<h2 class=\"elementor-heading-title elementor-size-default\">WIE FUNKTIONIERT SIE? WAS SIND IHRE ZIELE?<\/h2>\t\t\t\t<\/div>\n\t\t\t\t<\/div>\n\t\t\t\t<div class=\"elementor-element elementor-element-27c8c5c elementor-widget__width-initial elementor-widget elementor-widget-text-editor\" data-id=\"27c8c5c\" data-element_type=\"widget\" data-e-type=\"widget\" data-widget_type=\"text-editor.default\">\n\t\t\t\t<div class=\"elementor-widget-container\">\n\t\t\t\t\t\t\t\t\t<p style=\"text-align: center;\"><b>Wer bildet die Alevi-Enzyklop\u00e4die?<\/b><\/p><p style=\"text-align: center;\"><b>Wie funktioniert sie? Was sind ihre Ziele?<\/b><\/p><p><span style=\"font-weight: 400;\">\u00a0<\/span><\/p><p><span style=\"font-weight: 400;\">Die <\/span><i><span style=\"font-weight: 400;\">Alevi Enzyklop\u00e4die<\/span><\/i><span style=\"font-weight: 400;\"> besteht aus drei Haupts\u00e4ulen:<\/span><\/p><ul><li style=\"font-weight: 400;\" aria-level=\"1\"><span style=\"font-weight: 400;\">Unterst\u00fctzende Institutionen und Plattformen<\/span><\/li><li style=\"font-weight: 400;\" aria-level=\"1\"><span style=\"font-weight: 400;\">Redaktionsrat &amp; Wissenschaftlicher Beirat<\/span><\/li><li style=\"font-weight: 400;\" aria-level=\"1\"><span style=\"font-weight: 400;\">Technisches Team<\/span><\/li><\/ul><ol><li><b> Unterst\u00fctzende Institutionen und Plattformen<\/b><\/li><\/ol><p><span style=\"font-weight: 400;\">Das Projekt wurde auf Einladung der R\u0131za-\u015eehri-Akademie ins Leben gerufen. Verschiedene alevitische Institutionen aus der T\u00fcrkei und Europa sowie akademische Plattformen im Bereich Alevitentum unterst\u00fctzen das Projekt. Die R\u0131za-\u015eehri-Akademie \u00fcbernimmt dabei eine wichtige Rolle: Sie stellt die Verbindung zu anderen Institutionen her, sorgt f\u00fcr die \u00f6ffentliche Bekanntmachung und Pr\u00e4sentation des Projekts und ist verantwortlich f\u00fcr die materielle Infrastruktur und deren Aufrechterhaltung.<\/span><\/p><ol start=\"2\"><li><b> Redaktionsrat<\/b><\/li><\/ol><p><span style=\"font-weight: 400;\">Der Redaktionsrat arbeitet in Abstimmung mit den anderen Gremien der Enzyklop\u00e4die, ist jedoch bei der Organisation und Durchf\u00fchrung des Publikationsprozesses unabh\u00e4ngig. Er ist auch verantwortlich f\u00fcr die Organisation des Wissenschaftlichen Beirats, seine Einbindung in den Prozess sowie daf\u00fcr, dass die Enzyklop\u00e4die internationale wissenschaftliche Standards erf\u00fcllt.<\/span><\/p><p><b>2.1 Wissenschaftlicher Beirat<\/b><\/p><p><span style=\"font-weight: 400;\">Der Wissenschaftliche Beirat wird als Expertengremium verstanden, das in Fragen konsultiert wird, die \u00fcber das Wissen und die Kompetenzen des Redaktionsrats hinausgehen. Dar\u00fcber hinaus wird er als Netzwerk von Fachleuten betrachtet, das bei gemeinsamen Sitzungen, Symposien und Workshops regelm\u00e4\u00dfig sein Wissen und seine Erfahrung einbringen und so die Enzyklop\u00e4die bereichern kann.<\/span><\/p><ol start=\"3\"><li><b> Technisches Team<\/b><\/li><\/ol><p><span style=\"font-weight: 400;\">Das Technische Team ist verantwortlich f\u00fcr die Erstellung und Betreuung der Website der Enzyklop\u00e4die sowie f\u00fcr die Aufbereitung der visuellen Materialien.<\/span><\/p><p><span style=\"font-weight: 400;\">\u00a0<\/span><\/p><p><b>Welche Ziele verfolgt die Alevi Enzyklop\u00e4die im Austausch mit der akademischen Welt?<\/b><\/p><p><span style=\"font-weight: 400;\">Die Alevi Enzyklop\u00e4die ist als eine langfristige Online-Wissensplattform konzipiert, die Schritt f\u00fcr Schritt ihre Inhalte erweitert und bereichert. Dabei sollen vor allem Akademikerinnen und Akademiker, Nachwuchswissenschaftlerinnen und -wissenschaftler (Master- und Doktoratsstudierende) aus dem Bereich der Alevi Studies und verwandten Disziplinen beteiligt werden.<\/span><\/p><p><span style=\"font-weight: 400;\">Zu diesem Zweck plant die Enzyklop\u00e4die die Organisation von j\u00e4hrlichen Symposien und Workshops, um einen gemeinsamen Wissensraum und Austausch zu schaffen.<\/span><\/p><p><span style=\"font-weight: 400;\">Dar\u00fcber hinaus ist es der Enzyklop\u00e4die wichtig, auf allen geeigneten akademischen Plattformen pr\u00e4sent zu sein und mit einer breiteren Autorenschaft in Kontakt zu treten.<\/span><\/p><p><span style=\"font-weight: 400;\">In diesem Zusammenhang ist vorgesehen, den Redaktionsrat in den n\u00e4chsten Phasen zu erweitern und zu einem internationalen Team auszubauen sowie die aktive Beteiligung des Wissenschaftlichen Beirats zu st\u00e4rken.<\/span><\/p><p><span style=\"font-weight: 400;\">\u00a0<\/span><\/p><p><b>Wie kann ich die Alevi Enzyklop\u00e4die unterst\u00fctzen?<\/b><\/p><p><span style=\"font-weight: 400;\">Sie k\u00f6nnen die Arbeit der <\/span><i><span style=\"font-weight: 400;\">Alevi Enzyklop\u00e4die<\/span><\/i><span style=\"font-weight: 400;\"> auf verschiedene Weise unterst\u00fctzen:<\/span><\/p><ul><li style=\"font-weight: 400;\" aria-level=\"1\"><span style=\"font-weight: 400;\">Indem Sie Artikel f\u00fcr die Enzyklop\u00e4die einreichen \u2013 entweder auf Grundlage Ihrer bereits ver\u00f6ffentlichten B\u00fccher, Aufs\u00e4tze oder anderer schriftlicher Arbeiten oder als neu verfasste Beitr\u00e4ge.<\/span><\/li><li style=\"font-weight: 400;\" aria-level=\"1\"><span style=\"font-weight: 400;\">Indem Sie die Soziale-Medien -Konten der Enzyklop\u00e4die verfolgen, Beitr\u00e4ge kommentieren und in Ihren eigenen Kan\u00e4len teilen.<\/span><\/li><li style=\"font-weight: 400;\" aria-level=\"1\"><span style=\"font-weight: 400;\">Indem Sie auf Plakate, Ank\u00fcndigungen, Brosch\u00fcren, Nachrichten usw., die in den sozialen Medien ver\u00f6ffentlicht werden, reagieren und diese in Ihren Netzwerken weiterverbreiten.<\/span><\/li><li style=\"font-weight: 400;\" aria-level=\"1\"><span style=\"font-weight: 400;\">Indem Sie an der Spendenkampagne teilnehmen und die auf freiwilliger Basis organisierte Arbeit unterst\u00fctzen.<\/span><\/li><li style=\"font-weight: 400;\" aria-level=\"1\"><span style=\"font-weight: 400;\">Indem Sie Menschen in Ihrem Umfeld, die sich f\u00fcr die Geschichte, Kultur oder Geografie der Aleviten interessieren, ermutigen, mitzuschreiben oder sich freiwillig zu engagieren.<\/span><\/li><\/ul><p>\u00a0<\/p>\t\t\t\t\t\t\t\t<\/div>\n\t\t\t\t<\/div>\n\t\t\t\t<\/div>\n\t\t\t\t<div class=\"elementor-element elementor-element-411bfab elementor-widget elementor-widget-spacer\" data-id=\"411bfab\" data-element_type=\"widget\" data-e-type=\"widget\" data-widget_type=\"spacer.default\">\n\t\t\t\t<div class=\"elementor-widget-container\">\n\t\t\t\t\t\t\t<div class=\"elementor-spacer\">\n\t\t\t<div class=\"elementor-spacer-inner\"><\/div>\n\t\t<\/div>\n\t\t\t\t\t\t<\/div>\n\t\t\t\t<\/div>\n\t\t\t\t\t<\/div>\n\t\t\t\t<\/div>\n\t\t\t\t<\/div>","protected":false},"excerpt":{"rendered":"<p>ALEV\u0130 ANS\u0130KLOPED\u0130S\u0130 K\u0130MLERDEN OLU\u015eUYOR? NASIL \u00c7ALI\u015eIYOR? NELER HEDEFL\u0130YOR? Alevi Ansiklopedisine nas\u0131l destek olabilirim? Daha \u00f6nce yay\u0131nlanm\u0131\u015f kitaplar\u0131n\u0131zdan, makalelerinizden, di\u011fer yaz\u0131l\u0131 [&hellip;]<\/p>\n","protected":false},"author":4,"featured_media":0,"parent":0,"menu_order":0,"comment_status":"closed","ping_status":"closed","template":"","meta":{"_acf_changed":false,"site-sidebar-layout":"no-sidebar","site-content-layout":"","ast-site-content-layout":"full-width-container","site-content-style":"default","site-sidebar-style":"default","ast-global-header-display":"","ast-banner-title-visibility":"","ast-main-header-display":"","ast-hfb-above-header-display":"","ast-hfb-below-header-display":"","ast-hfb-mobile-header-display":"","site-post-title":"disabled","ast-breadcrumbs-content":"","ast-featured-img":"disabled","footer-sml-layout":"","ast-disable-related-posts":"","theme-transparent-header-meta":"","adv-header-id-meta":"","stick-header-meta":"","header-above-stick-meta":"","header-main-stick-meta":"","header-below-stick-meta":"","astra-migrate-meta-layouts":"default","ast-page-background-enabled":"default","ast-page-background-meta":{"desktop":{"background-color":"var(--ast-global-color-5)","background-image":"","background-repeat":"repeat","background-position":"center center","background-size":"auto","background-attachment":"scroll","background-type":"","background-media":"","overlay-type":"","overlay-color":"","overlay-opacity":"","overlay-gradient":""},"tablet":{"background-color":"","background-image":"","background-repeat":"repeat","background-position":"center center","background-size":"auto","background-attachment":"scroll","background-type":"","background-media":"","overlay-type":"","overlay-color":"","overlay-opacity":"","overlay-gradient":""},"mobile":{"background-color":"","background-image":"","background-repeat":"repeat","background-position":"center center","background-size":"auto","background-attachment":"scroll","background-type":"","background-media":"","overlay-type":"","overlay-color":"","overlay-opacity":"","overlay-gradient":""}},"ast-content-background-meta":{"desktop":{"background-color":"var(--ast-global-color-4)","background-image":"","background-repeat":"repeat","background-position":"center center","background-size":"auto","background-attachment":"scroll","background-type":"","background-media":"","overlay-type":"","overlay-color":"","overlay-opacity":"","overlay-gradient":""},"tablet":{"background-color":"var(--ast-global-color-4)","background-image":"","background-repeat":"repeat","background-position":"center center","background-size":"auto","background-attachment":"scroll","background-type":"","background-media":"","overlay-type":"","overlay-color":"","overlay-opacity":"","overlay-gradient":""},"mobile":{"background-color":"var(--ast-global-color-4)","background-image":"","background-repeat":"repeat","background-position":"center center","background-size":"auto","background-attachment":"scroll","background-type":"","background-media":"","overlay-type":"","overlay-color":"","overlay-opacity":"","overlay-gradient":""}},"footnotes":""},"class_list":["post-3692","page","type-page","status-publish","hentry"],"acf":[],"_links":{"self":[{"href":"https:\/\/www.aleviansiklopedisi.com\/de\/wp-json\/wp\/v2\/pages\/3692","targetHints":{"allow":["GET"]}}],"collection":[{"href":"https:\/\/www.aleviansiklopedisi.com\/de\/wp-json\/wp\/v2\/pages"}],"about":[{"href":"https:\/\/www.aleviansiklopedisi.com\/de\/wp-json\/wp\/v2\/types\/page"}],"author":[{"embeddable":true,"href":"https:\/\/www.aleviansiklopedisi.com\/de\/wp-json\/wp\/v2\/users\/4"}],"replies":[{"embeddable":true,"href":"https:\/\/www.aleviansiklopedisi.com\/de\/wp-json\/wp\/v2\/comments?post=3692"}],"version-history":[{"count":0,"href":"https:\/\/www.aleviansiklopedisi.com\/de\/wp-json\/wp\/v2\/pages\/3692\/revisions"}],"wp:attachment":[{"href":"https:\/\/www.aleviansiklopedisi.com\/de\/wp-json\/wp\/v2\/media?parent=3692"}],"curies":[{"name":"wp","href":"https:\/\/api.w.org\/{rel}","templated":true}]}}