{"id":6172,"date":"2025-06-14T00:31:47","date_gmt":"2025-06-14T00:31:47","guid":{"rendered":"https:\/\/www.aleviansiklopedisi.com\/?page_id=6172"},"modified":"2026-02-08T20:26:51","modified_gmt":"2026-02-08T20:26:51","slug":"eintragsverzeichnis","status":"publish","type":"page","link":"https:\/\/www.aleviansiklopedisi.com\/de\/madde-indeksi\/","title":{"rendered":"Eintragsverzeichnis"},"content":{"rendered":"<div data-elementor-type=\"wp-page\" data-elementor-id=\"6172\" class=\"elementor elementor-6172\" data-elementor-post-type=\"page\">\n\t\t\t\t<div class=\"elementor-element elementor-element-b9d7290 e-flex e-con-boxed e-con e-parent\" data-id=\"b9d7290\" data-element_type=\"container\" data-e-type=\"container\">\n\t\t\t\t\t<div class=\"e-con-inner\">\n\t\t\t\t<div class=\"elementor-element elementor-element-588dba2 elementor-widget elementor-widget-spacer\" data-id=\"588dba2\" data-element_type=\"widget\" data-e-type=\"widget\" data-widget_type=\"spacer.default\">\n\t\t\t\t<div class=\"elementor-widget-container\">\n\t\t\t\t\t\t\t<div class=\"elementor-spacer\">\n\t\t\t<div class=\"elementor-spacer-inner\"><\/div>\n\t\t<\/div>\n\t\t\t\t\t\t<\/div>\n\t\t\t\t<\/div>\n\t\t<div class=\"elementor-element elementor-element-11bceef e-con-full e-flex e-con e-child\" data-id=\"11bceef\" data-element_type=\"container\" data-e-type=\"container\" data-settings=\"{&quot;background_background&quot;:&quot;classic&quot;}\">\n\t\t\t\t<div class=\"elementor-element elementor-element-cc24602 elementor-widget elementor-widget-heading\" data-id=\"cc24602\" data-element_type=\"widget\" data-e-type=\"widget\" data-widget_type=\"heading.default\">\n\t\t\t\t<div class=\"elementor-widget-container\">\n\t\t\t\t\t<h1 class=\"elementor-heading-title elementor-size-default\">Eintragsverzeichnis<\/h1>\t\t\t\t<\/div>\n\t\t\t\t<\/div>\n\t\t\t\t<div class=\"elementor-element elementor-element-298d1b1 elementor-widget elementor-widget-text-editor\" data-id=\"298d1b1\" data-element_type=\"widget\" data-e-type=\"widget\" data-no-translation=\"\" data-widget_type=\"text-editor.default\">\n\t\t\t\t<div class=\"elementor-widget-container\">\n\t\t\t\t\t<style>.elementor-element-298d1b1{display:none !important}<\/style>\t\t\t\t<\/div>\n\t\t\t\t<\/div>\n\t\t\t\t<div class=\"elementor-element elementor-element-10fc250 elementor-widget elementor-widget-text-editor\" data-id=\"10fc250\" data-element_type=\"widget\" data-e-type=\"widget\" data-no-translation=\"\" data-widget_type=\"text-editor.default\">\n\t\t\t\t<div class=\"elementor-widget-container\">\n\t\t\t\t\t<style>.elementor-element-10fc250{display:none !important}<\/style>\t\t\t\t<\/div>\n\t\t\t\t<\/div>\n\t\t\t\t<div class=\"elementor-element elementor-element-ab5d03d elementor-widget elementor-widget-text-editor\" data-id=\"ab5d03d\" data-element_type=\"widget\" data-e-type=\"widget\" data-no-translation=\"\" data-widget_type=\"text-editor.default\">\n\t\t\t\t<div class=\"elementor-widget-container\">\n\t\t\t\t\t\t\t\t\tIn diesem Bereich finden Sie Inhalte zur Alevitischen Glaubens- und Kulturwelt, die nach enzyklop\u00e4dischen Schreib- und Inhaltskriterien erstellt wurden. Alle Texte wurden vom Redaktionsrat und vom Wissenschaftlichen Beirat der Alevi-Enzyklop\u00e4die gepr\u00fcft und freigegeben. Die Beitr\u00e4ge basieren auf bestehenden wissenschaftlichen Arbeiten, wurden aktualisiert oder neu f\u00fcr die Enzyklop\u00e4die verfasst. Ziel ist es, verl\u00e4ssliche und aktuelle Informationen zu verschiedenen Themen des Alevitentums bereitzustellen.\t\t\t\t\t\t\t\t<\/div>\n\t\t\t\t<\/div>\n\t\t\t\t<div class=\"elementor-element elementor-element-d3263c3 elementor-widget elementor-widget-shortcode\" data-id=\"d3263c3\" data-element_type=\"widget\" data-e-type=\"widget\" data-widget_type=\"shortcode.default\">\n\t\t\t\t<div class=\"elementor-widget-container\">\n\t\t\t\t\t\t\t<div class=\"elementor-shortcode\"><div class=\"maddeler-index-list\"><ul><li class=\"index-letter-heading\"><h3>A<\/h3><\/li><li><a href=\"https:\/\/www.aleviansiklopedisi.com\/de\/madde-x\/ehli-hak-ehli-hakikat-yarasanilik-kakailer-7400\/\">Ahl-\u00e9 Haqq (Ehli Heq, Ahl-\u00e9-Haq\u00eeqat, Yarsanismus, Kaka\u2018i)<\/a><div class=\"madde-author\">\u2014 Prof. Dr. Tessa Hofmann<\/div><\/li><li><a href=\"https:\/\/www.aleviansiklopedisi.com\/de\/madde-x\/alevi-televizyon-kanallari-ayrimciligi-haberlestirmede-yapisal-ve-temsili-sinirlar-6889\/\">Alevi-Fernsehnetzwerke: Strukturelle und repr\u00e4sentative Grenzen in der Berichterstattung \u00fcber Diskriminierung<\/a><div class=\"madde-author\">\u2014 Nazl\u0131 \u00d6zkan<\/div><\/li><li><a href=\"https:\/\/www.aleviansiklopedisi.com\/de\/madde-x\/alevilik-ve-toplumsal-travma-7382\/\">Alevitentum und kollektives Trauma<\/a><div class=\"madde-author\">\u2014 Filiz \u00c7elik<\/div><\/li><li><a href=\"https:\/\/www.aleviansiklopedisi.com\/de\/madde-x\/alevi-televizyon-kanallari-medya-ve-alevilik-6887\/\">Alevitische Fernsehsender: Medien und Alevitentum<\/a><div class=\"madde-author\">\u2014 Nazl\u0131 \u00d6zkan<\/div><\/li><li><a href=\"https:\/\/www.aleviansiklopedisi.com\/de\/madde-x\/apsu-absu-avsu-8436\/\">Apsu (Ab\u015fu, Avsu)<\/a><div class=\"madde-author\">\u2014 Erdal Gezik<\/div><\/li><li class=\"index-letter-heading\"><h3>B<\/h3><\/li><li><a href=\"https:\/\/www.aleviansiklopedisi.com\/de\/madde-x\/agac-kultu-kutsal-agaclar-ve-dilek-agaclari-8104\/\">Baumverehrung: Heilige B\u00e4ume und Wunschb\u00e4ume<\/a><div class=\"madde-author\">\u2014 Prof. Dr. Tessa Hofmann<\/div><\/li><li><a href=\"https:\/\/www.aleviansiklopedisi.com\/de\/madde-x\/daglar-ve-ates-tapinimi-dersim-alevi-inanclarinin-hristiyanlik-oncesi-izleri-5763\/\">Berge und Feuerkult: Heilige Gipfel und feurige Rituale: Auf den Spuren der vorchristlichen Wurzeln des alevitischen Glaubens in Dersim<\/a><div class=\"madde-author\">\u2014 Prof. Dr. Tessa Hofmann<\/div><\/li><li><a href=\"https:\/\/www.aleviansiklopedisi.com\/de\/madde-x\/bext-baht-8437\/\">Bext (Baht)<\/a><div class=\"madde-author\">\u2014 Erdal Gezik<\/div><\/li><li class=\"index-letter-heading\"><h3>D<\/h3><\/li><li><a href=\"https:\/\/www.aleviansiklopedisi.com\/de\/madde-x\/haci-bektas-i-veli-dergahi-6156\/\">Das Hac\u0131-Bekta\u015f-\u0131-Veli-Dergah<\/a><div class=\"madde-author\">\u2014 Dilek K\u0131z\u0131lda\u011f<\/div><\/li><li><a href=\"https:\/\/www.aleviansiklopedisi.com\/de\/madde-x\/sivas-katliami-2-temmuz-1993-6108\/\">Das Sivas-Massaker vom 2. Juli 1993<\/a><div class=\"madde-author\">\u2014 Besim Can ZIRH<\/div><\/li><li><a href=\"https:\/\/www.aleviansiklopedisi.com\/de\/madde-x\/dedeler-alevi-toplumunda-dinsel-liderligin-donusumu-6538\/\">Dedes: Transformation religi\u00f6ser F\u00fchrung in der alevitischen Gemeinschaft<\/a><div class=\"madde-author\">\u2014 Dr. Deniz Co\u015fan Eke<\/div><\/li><li><a href=\"https:\/\/www.aleviansiklopedisi.com\/de\/madde-x\/dersim-jiar-u-diyar-kutsal-cografya-5870\/\">Dersim \u2013 Jiar \u00fb Diyar (Heilige Geographie)<\/a><div class=\"madde-author\">\u2014 Dr. Ahmet Kerim G\u00fcltekin<\/div><\/li><li><a href=\"https:\/\/www.aleviansiklopedisi.com\/de\/madde-x\/dersim-soykirimlar-1914-18-1937-38-5754\/\">Dersim: V\u00f6lkermorde (1914\u201318 und 1937\u201338)<\/a><div class=\"madde-author\">\u2014 Prof. Dr. Tessa Hofmann<\/div><\/li><li><a href=\"https:\/\/www.aleviansiklopedisi.com\/de\/madde-x\/kadin-ve-alevilik-6660\/\">Die Rolle der Frauen im Alevitentum<\/a><div class=\"madde-author\">\u2014 Dr. Hayal Hano\u011flu<\/div><\/li><li class=\"index-letter-heading\"><h3>E<\/h3><\/li><li><a href=\"https:\/\/www.aleviansiklopedisi.com\/de\/madde-x\/hafiza-ve-dersim-6749\/\">Erinnerung und Dersim<\/a><div class=\"madde-author\">\u2014 Zana Kibar<\/div><\/li><li class=\"index-letter-heading\"><h3>F<\/h3><\/li><li><a href=\"https:\/\/www.aleviansiklopedisi.com\/de\/madde-x\/firik-dede-7604\/\">Firik Dede (Pir Firik von Dersim)<\/a><div class=\"madde-author\">\u2014 Dr. Ahmet Kerim G\u00fcltekin<\/div><\/li><li class=\"index-letter-heading\"><h3>G<\/h3><\/li><li><a href=\"https:\/\/www.aleviansiklopedisi.com\/de\/madde-x\/gagan-1-5686\/\">Ga\u011fan<\/a><div class=\"madde-author\">\u2014 Dr. Ahmet Kerim G\u00fcltekin<\/div><\/li><li><a href=\"https:\/\/www.aleviansiklopedisi.com\/de\/madde-x\/gagan-2-5699\/\">Ga\u011fan (2)<\/a><div class=\"madde-author\">\u2014 Prof. Dr. Tessa Hofmann<\/div><\/li><li><a href=\"https:\/\/www.aleviansiklopedisi.com\/de\/madde-x\/soykirim-8094\/\">Genozid<\/a><div class=\"madde-author\">\u2014 Christian Gudehus<\/div><\/li><li><a href=\"https:\/\/www.aleviansiklopedisi.com\/de\/madde-x\/tanrinin-isigi-ve-gorkemi-raa-haq-inancinin-takipcileri-ve-komsularinda-gunes-kultu-7850\/\">Glanz und Licht Gottes: Sonnenkult bei den Raa Haq und ihren Nachbarn<\/a><div class=\"madde-author\">\u2014 Prof. Dr. Tessa Hofmann<\/div><\/li><li><a href=\"https:\/\/www.aleviansiklopedisi.com\/de\/madde-x\/nar-yasam-ve-olumun-celiskili-sembolu-7403\/\">Granat\u00e4pfel: Ambivalentes Symbol f\u00fcr Leben und Tod<\/a><div class=\"madde-author\">\u2014 Prof. Dr. Tessa Hofmann<\/div><\/li><li class=\"index-letter-heading\"><h3>H<\/h3><\/li><li><a href=\"https:\/\/www.aleviansiklopedisi.com\/de\/madde-x\/hako-sur-dersimde-kurt-aleviler-ve-ermeniler-arasinda-bahar-ritueli-7407\/\">Hako S\u00fbr: Ein Fr\u00fchlingsritual der kurdischen Aleviten und Armenier in Dersim<\/a><div class=\"madde-author\">\u2014 Dr. Ahmet Kerim G\u00fcltekin<\/div><\/li><li><a href=\"https:\/\/www.aleviansiklopedisi.com\/de\/madde-x\/hizir-xizir-6133\/\">H\u0131z\u0131r \/ X\u0131z\u0131r<\/a><div class=\"madde-author\">\u2014 Samuel Vock-Verley<\/div><\/li><li class=\"index-letter-heading\"><h3>J<\/h3><\/li><li><a href=\"https:\/\/www.aleviansiklopedisi.com\/de\/madde-x\/jiare-ziyaret-raa-haqi-dersim-aleviligi-inancinda-kutsal-mekanlar-ve-objeler-6755\/\">Jiare \/ Ziyaret \u2013 (Heilige Orte und Objekte) im Raa-Haqi-Glauben (Dersimer Alevitentum)<\/a><div class=\"madde-author\">\u2014 Dr. Ahmet Kerim G\u00fcltekin<\/div><\/li><li class=\"index-letter-heading\"><h3>M<\/h3><\/li><li><a href=\"https:\/\/www.aleviansiklopedisi.com\/de\/madde-x\/zaza-muzigi-7882\/\">Musik der Zaza<\/a><div class=\"madde-author\">\u2014 Martin Greve<\/div><\/li><li class=\"index-letter-heading\"><h3>P<\/h3><\/li><li><a href=\"https:\/\/www.aleviansiklopedisi.com\/de\/madde-x\/cennet-irmaklari-ve-munzur-nehri-dersim-6773\/\">Paradies und Paradiesfl\u00fcsse<\/a><div class=\"madde-author\">\u2014 Prof. Dr. Tessa Hofmann<\/div><\/li><li class=\"index-letter-heading\"><h3>S<\/h3><\/li><li><a href=\"https:\/\/www.aleviansiklopedisi.com\/de\/madde-x\/sahmaran-ve-sahapet-kurtler-ezidiler-ve-ermenilerde-yilan-kultleri-8399\/\">Schahmaran und Schahapet: Die Schlangenkulte der Kurden, Jesiden und Armenier<\/a><div class=\"madde-author\">\u2014 Prof. Dr. Tessa Hofmann<\/div><\/li><li><a href=\"https:\/\/www.aleviansiklopedisi.com\/de\/madde-x\/seyit-riza-aniti-dersim-8097\/\">Seyit-R\u0131za-Denkmal (Dersim)<\/a><div class=\"madde-author\">\u2014 Zana Kibar<\/div><\/li><li><a href=\"https:\/\/www.aleviansiklopedisi.com\/de\/madde-x\/seyyid-seyfeddin-piri-sevdin-ocagi-8867\/\">Seyyid Seyfeddin (Piri Sevdin) Ocak<\/a><div class=\"madde-author\">\u2014 Dr. Ali Eren Demir<\/div><\/li><li class=\"index-letter-heading\"><h3>X<\/h3><\/li><li><a href=\"https:\/\/www.aleviansiklopedisi.com\/de\/madde-x\/xizirin-hizirin-kutsal-davari-dersimin-kutsal-dag-kecileri-8858\/\">X\u0131z\u0131r (H\u0131z\u0131r) und seine heilige Herde (die heiligen Bergziegen von Dersim)<\/a><div class=\"madde-author\">\u2014 Samuel Vock-Verley<\/div><\/li><li><a href=\"https:\/\/www.aleviansiklopedisi.com\/de\/madde-x\/xizirin-hizirin-kutsal-davari-dersimin-bezuvar-dag-kecileri-7855\/\">X\u0131z\u0131rs (H\u0131z\u0131rs) Heilige Herde (Bezoarziegen von Dersim) <\/a><div class=\"madde-author\">\u2014 Prof. Dr. Tessa Hofmann<\/div><\/li><li class=\"index-letter-heading\"><h3>Z<\/h3><\/li><li><a href=\"https:\/\/www.aleviansiklopedisi.com\/de\/madde-x\/alevilik-baglaminda-zazaca-7396\/\">Zazaki im Kontext des Alevitentums<\/a><div class=\"madde-author\">\u2014 Magister (MA) Mesut Asm\u00ean Keskin<\/div><\/li><li><a href=\"https:\/\/www.aleviansiklopedisi.com\/de\/madde-x\/zorunlu-alevi-gocu-8101\/\">Zwangsmigration der Alevit:innen<\/a><div class=\"madde-author\">\u2014 Zana Kibar<\/div><\/li><\/ul><\/div><\/div>\n\t\t\t\t\t\t<\/div>\n\t\t\t\t<\/div>\n\t\t\t\t<\/div>\n\t\t\t\t<div class=\"elementor-element elementor-element-80d028b elementor-widget elementor-widget-spacer\" data-id=\"80d028b\" data-element_type=\"widget\" data-e-type=\"widget\" data-widget_type=\"spacer.default\">\n\t\t\t\t<div class=\"elementor-widget-container\">\n\t\t\t\t\t\t\t<div class=\"elementor-spacer\">\n\t\t\t<div class=\"elementor-spacer-inner\"><\/div>\n\t\t<\/div>\n\t\t\t\t\t\t<\/div>\n\t\t\t\t<\/div>\n\t\t\t\t\t<\/div>\n\t\t\t\t<\/div>\n\t\t\t\t<\/div>","protected":false},"excerpt":{"rendered":"<p>MADDE \u0130NDEKS\u0130 Bu b\u00f6l\u00fcmde, Alevi Ansiklopedisi Yay\u0131n Kurulu ve Bilimsel Dan\u0131\u015fma Kurulunun de\u011ferlendirme ve onay\u0131yla; ansiklopedik yaz\u0131m ilkeleri ve i\u00e7erik [&hellip;]<\/p>\n","protected":false},"author":4,"featured_media":0,"parent":0,"menu_order":0,"comment_status":"closed","ping_status":"closed","template":"","meta":{"_acf_changed":false,"site-sidebar-layout":"no-sidebar","site-content-layout":"","ast-site-content-layout":"full-width-container","site-content-style":"default","site-sidebar-style":"default","ast-global-header-display":"","ast-banner-title-visibility":"","ast-main-header-display":"","ast-hfb-above-header-display":"","ast-hfb-below-header-display":"","ast-hfb-mobile-header-display":"","site-post-title":"disabled","ast-breadcrumbs-content":"","ast-featured-img":"disabled","footer-sml-layout":"","ast-disable-related-posts":"","theme-transparent-header-meta":"","adv-header-id-meta":"","stick-header-meta":"","header-above-stick-meta":"","header-main-stick-meta":"","header-below-stick-meta":"","astra-migrate-meta-layouts":"default","ast-page-background-enabled":"default","ast-page-background-meta":{"desktop":{"background-color":"var(--ast-global-color-5)","background-image":"","background-repeat":"repeat","background-position":"center center","background-size":"auto","background-attachment":"scroll","background-type":"","background-media":"","overlay-type":"","overlay-color":"","overlay-opacity":"","overlay-gradient":""},"tablet":{"background-color":"","background-image":"","background-repeat":"repeat","background-position":"center center","background-size":"auto","background-attachment":"scroll","background-type":"","background-media":"","overlay-type":"","overlay-color":"","overlay-opacity":"","overlay-gradient":""},"mobile":{"background-color":"","background-image":"","background-repeat":"repeat","background-position":"center center","background-size":"auto","background-attachment":"scroll","background-type":"","background-media":"","overlay-type":"","overlay-color":"","overlay-opacity":"","overlay-gradient":""}},"ast-content-background-meta":{"desktop":{"background-color":"var(--ast-global-color-4)","background-image":"","background-repeat":"repeat","background-position":"center center","background-size":"auto","background-attachment":"scroll","background-type":"","background-media":"","overlay-type":"","overlay-color":"","overlay-opacity":"","overlay-gradient":""},"tablet":{"background-color":"var(--ast-global-color-4)","background-image":"","background-repeat":"repeat","background-position":"center center","background-size":"auto","background-attachment":"scroll","background-type":"","background-media":"","overlay-type":"","overlay-color":"","overlay-opacity":"","overlay-gradient":""},"mobile":{"background-color":"var(--ast-global-color-4)","background-image":"","background-repeat":"repeat","background-position":"center center","background-size":"auto","background-attachment":"scroll","background-type":"","background-media":"","overlay-type":"","overlay-color":"","overlay-opacity":"","overlay-gradient":""}},"footnotes":""},"class_list":["post-6172","page","type-page","status-publish","hentry"],"acf":[],"_links":{"self":[{"href":"https:\/\/www.aleviansiklopedisi.com\/de\/wp-json\/wp\/v2\/pages\/6172","targetHints":{"allow":["GET"]}}],"collection":[{"href":"https:\/\/www.aleviansiklopedisi.com\/de\/wp-json\/wp\/v2\/pages"}],"about":[{"href":"https:\/\/www.aleviansiklopedisi.com\/de\/wp-json\/wp\/v2\/types\/page"}],"author":[{"embeddable":true,"href":"https:\/\/www.aleviansiklopedisi.com\/de\/wp-json\/wp\/v2\/users\/4"}],"replies":[{"embeddable":true,"href":"https:\/\/www.aleviansiklopedisi.com\/de\/wp-json\/wp\/v2\/comments?post=6172"}],"version-history":[{"count":0,"href":"https:\/\/www.aleviansiklopedisi.com\/de\/wp-json\/wp\/v2\/pages\/6172\/revisions"}],"wp:attachment":[{"href":"https:\/\/www.aleviansiklopedisi.com\/de\/wp-json\/wp\/v2\/media?parent=6172"}],"curies":[{"name":"wp","href":"https:\/\/api.w.org\/{rel}","templated":true}]}}