{"id":8325,"date":"2025-11-04T17:45:42","date_gmt":"2025-11-04T17:45:42","guid":{"rendered":"https:\/\/www.aleviansiklopedisi.com\/?page_id=8325"},"modified":"2026-01-09T16:51:58","modified_gmt":"2026-01-09T16:51:58","slug":"internationale-akademische-projekte","status":"publish","type":"page","link":"https:\/\/www.aleviansiklopedisi.com\/de\/uluslararasi-akademik-projeler\/","title":{"rendered":"Internationale Akademische Projekte"},"content":{"rendered":"<div data-elementor-type=\"wp-page\" data-elementor-id=\"8325\" class=\"elementor elementor-8325\" data-elementor-post-type=\"page\">\n\t\t\t\t<div class=\"elementor-element elementor-element-d3b27ba e-flex e-con-boxed e-con e-parent\" data-id=\"d3b27ba\" data-element_type=\"container\" data-e-type=\"container\">\n\t\t\t\t\t<div class=\"e-con-inner\">\n\t\t\t\t<div class=\"elementor-element elementor-element-ca4b707 elementor-widget elementor-widget-spacer\" data-id=\"ca4b707\" data-element_type=\"widget\" data-e-type=\"widget\" data-widget_type=\"spacer.default\">\n\t\t\t\t<div class=\"elementor-widget-container\">\n\t\t\t\t\t\t\t<div class=\"elementor-spacer\">\n\t\t\t<div class=\"elementor-spacer-inner\"><\/div>\n\t\t<\/div>\n\t\t\t\t\t\t<\/div>\n\t\t\t\t<\/div>\n\t\t<div class=\"elementor-element elementor-element-ff707e6 e-con-full e-flex e-con e-child\" data-id=\"ff707e6\" data-element_type=\"container\" data-e-type=\"container\" data-settings=\"{&quot;background_background&quot;:&quot;classic&quot;}\">\n\t\t\t\t<div class=\"elementor-element elementor-element-f7bd926 elementor-widget elementor-widget-heading\" data-id=\"f7bd926\" data-element_type=\"widget\" data-e-type=\"widget\" data-widget_type=\"heading.default\">\n\t\t\t\t<div class=\"elementor-widget-container\">\n\t\t\t\t\t<h1 class=\"elementor-heading-title elementor-size-default\">Internationale Akademische Projekte<\/h1>\t\t\t\t<\/div>\n\t\t\t\t<\/div>\n\t\t\t\t<div class=\"elementor-element elementor-element-cd80436 elementor-widget elementor-widget-text-editor\" data-id=\"cd80436\" data-element_type=\"widget\" data-e-type=\"widget\" data-no-translation=\"\" data-widget_type=\"text-editor.default\">\n\t\t\t\t<div class=\"elementor-widget-container\">\n\t\t\t\t\t<style>.elementor-element-cd80436{display:none !important}<\/style>\t\t\t\t<\/div>\n\t\t\t\t<\/div>\n\t\t\t\t<div class=\"elementor-element elementor-element-9a807a2 elementor-widget elementor-widget-text-editor\" data-id=\"9a807a2\" data-element_type=\"widget\" data-e-type=\"widget\" data-no-translation=\"\" data-widget_type=\"text-editor.default\">\n\t\t\t\t<div class=\"elementor-widget-container\">\n\t\t\t\t\t<style>.elementor-element-9a807a2{display:none !important}<\/style>\t\t\t\t<\/div>\n\t\t\t\t<\/div>\n\t\t\t\t<div class=\"elementor-element elementor-element-79785f2 elementor-widget elementor-widget-text-editor\" data-id=\"79785f2\" data-element_type=\"widget\" data-e-type=\"widget\" data-no-translation=\"\" data-widget_type=\"text-editor.default\">\n\t\t\t\t<div class=\"elementor-widget-container\">\n\t\t\t\t\t\t\t\t\t<p>Seit ihrer Gr\u00fcndung versteht sich die Alevi Enzyklop\u00e4die nicht nur als digitale Wissensplattform, sondern zugleich als ein offenes Forschungsnetzwerk f\u00fcr internationale akademische Zusammenarbeit. Durch gemeinsame Initiativen mit Universit\u00e4ten, Forschungsinstituten, Museen und kulturellen Einrichtungen in verschiedenen L\u00e4ndern verfolgt die Alevi Enzyklop\u00e4die das Ziel, die Sichtbarkeit und Zirkulation wissenschaftlicher Erkenntnisse \u00fcber Glaubensformen, historische Kontinuit\u00e4ten, kulturelle Praktiken und soziale Repr\u00e4sentationen des Alevitentums zu st\u00e4rken.<\/p><p>Verankert in den Prinzipien von Open Access, Mehrsprachigkeit und Interdisziplinarit\u00e4t zielt das Projekt darauf ab, eine nachhaltige Wissensinfrastruktur aufzubauen, die den Dialog zwischen der internationalen Wissenschaftsgemeinschaft und dem kulturellen Erbe des Alevitentums vertieft und langfristig absichert.<\/p><p>Der Bereich \u201eInternationale Akademische Projekte\u201c b\u00fcndelt kooperative Forschungsarbeiten, Publikationen, akademische Partnerschaften, Ausstellungen, Symposien und Feldforschungen, die im Rahmen dieser Zusammenarbeit entstanden sind. Ziel ist es, die laufenden Kooperationen der Alevi Enzyklop\u00e4die innerhalb globaler Netzwerke wissenschaftlicher Wissensproduktion sichtbar zu machen und zugleich eine Grundlage f\u00fcr zuk\u00fcnftige interdisziplin\u00e4re Forschungsinitiativen zu schaffen.<\/p>\t\t\t\t\t\t\t\t<\/div>\n\t\t\t\t<\/div>\n\t\t<div class=\"elementor-element elementor-element-016ae61 e-grid e-con-full e-con e-child\" data-id=\"016ae61\" data-element_type=\"container\" data-e-type=\"container\">\n\t\t<div class=\"elementor-element elementor-element-01d79d1 e-con-full e-flex e-con e-child\" data-id=\"01d79d1\" data-element_type=\"container\" data-e-type=\"container\" data-settings=\"{&quot;background_background&quot;:&quot;classic&quot;}\" data-no-translation=\"\">\n\t\t<div class=\"elementor-element elementor-element-567919d e-con-full e-flex e-con e-child\" data-id=\"567919d\" data-element_type=\"container\" data-e-type=\"container\">\n\t\t\t\t<div class=\"elementor-element elementor-element-4e3a2c3 elementor-widget elementor-widget-image\" data-id=\"4e3a2c3\" data-element_type=\"widget\" data-e-type=\"widget\" data-widget_type=\"image.default\">\n\t\t\t\t<div class=\"elementor-widget-container\">\n\t\t\t\t\t\t\t\t\t\t\t\t\t\t\t<img fetchpriority=\"high\" decoding=\"async\" width=\"1500\" height=\"939\" src=\"https:\/\/www.aleviansiklopedisi.com\/wp-content\/uploads\/2025\/11\/VLACH-logo-standard.webp\" class=\"attachment-full size-full wp-image-8327\" alt=\"\" srcset=\"https:\/\/www.aleviansiklopedisi.com\/wp-content\/uploads\/2025\/11\/VLACH-logo-standard.webp 1500w, https:\/\/www.aleviansiklopedisi.com\/wp-content\/uploads\/2025\/11\/VLACH-logo-standard-300x188.webp 300w, https:\/\/www.aleviansiklopedisi.com\/wp-content\/uploads\/2025\/11\/VLACH-logo-standard-1024x641.webp 1024w, https:\/\/www.aleviansiklopedisi.com\/wp-content\/uploads\/2025\/11\/VLACH-logo-standard-768x481.jpg 768w, https:\/\/www.aleviansiklopedisi.com\/wp-content\/uploads\/2025\/11\/VLACH-logo-standard-18x12.jpg 18w\" sizes=\"(max-width: 1500px) 100vw, 1500px\" \/>\t\t\t\t\t\t\t\t\t\t\t\t\t\t\t<\/div>\n\t\t\t\t<\/div>\n\t\t\t\t<\/div>\n\t\t<div class=\"elementor-element elementor-element-046e643 e-con-full e-flex e-con e-child\" data-id=\"046e643\" data-element_type=\"container\" data-e-type=\"container\" data-settings=\"{&quot;background_background&quot;:&quot;classic&quot;}\">\n\t\t\t\t<div class=\"elementor-element elementor-element-ffceb76 elementor-widget elementor-widget-heading\" data-id=\"ffceb76\" data-element_type=\"widget\" data-e-type=\"widget\" data-widget_type=\"heading.default\">\n\t\t\t\t<div class=\"elementor-widget-container\">\n\t\t\t\t\t<h2 class=\"elementor-heading-title elementor-size-default\">\u00d6sterreichische Akademie der Wissenschaften<\/h2>\t\t\t\t<\/div>\n\t\t\t\t<\/div>\n\t\t\t\t<div class=\"elementor-element elementor-element-9b75d0c elementor-widget elementor-widget-heading\" data-id=\"9b75d0c\" data-element_type=\"widget\" data-e-type=\"widget\" data-widget_type=\"heading.default\">\n\t\t\t\t<div class=\"elementor-widget-container\">\n\t\t\t\t\t<h3 class=\"elementor-heading-title elementor-size-default\">Alevi Enzyklop\u00e4die \u2013 VLACH-Partnerschaft<\/h3>\t\t\t\t<\/div>\n\t\t\t\t<\/div>\n\t\t\t\t<div class=\"elementor-element elementor-element-a64a3f8 elementor-widget elementor-widget-text-editor\" data-id=\"a64a3f8\" data-element_type=\"widget\" data-e-type=\"widget\" data-widget_type=\"text-editor.default\">\n\t\t\t\t<div class=\"elementor-widget-container\">\n\t\t\t\t\t\t\t\t\t<p>Die Alevi Enzyklop\u00e4die und die Kommission f\u00fcr bedrohte Sprachen und kulturelles Erbe (VLACH) der \u00d6sterreichischen Akademie der Wissenschaften haben eine Partnerschaft auf der Grundlage gemeinsamer wissenschaftlicher Interessen und ethischer Verpflichtungen zum Schutz kulturellen Erbes etabliert. Beide Initiativen teilen eine zentrale Vision: die Dokumentation, Analyse und nachhaltige Sicherung sprachlicher und kultureller Vielfalt durch offene, kollaborative und gemeinschaftsorientierte Forschung.<\/p><p>Das Alevitentum stellt ein umfangreiches kulturelles Erbe dar, das sich \u00fcber mehrere Regionen erstreckt und vielf\u00e4ltige sprachliche, historische und traditionelle Hintergr\u00fcnde umfasst. Dazu geh\u00f6ren auch alevitische Gemeinschaften, die bedrohte Sprachen wie K\u0131rmancki (Zazaki) in der Region Dersim (T\u00fcrkei) sprechen, welche von der UNESCO als gef\u00e4hrdete Sprache eingestuft wird. In diesem Zusammenhang weisen die Zielsetzungen und methodischen Ans\u00e4tze der Alevi Enzyklop\u00e4die und von VLACH eine enge \u00dcbereinstimmung auf: Beide verfolgen das Anliegen, immaterielles kulturelles und sprachliches Erbe durch innovative, interdisziplin\u00e4re und niedrigschwellige Plattformen zu sch\u00fctzen und zu revitalisieren.<\/p><p>Die Kooperation sieht einen kontinuierlichen Austausch von Wissen, Expertise und Materialien vor und zielt auf die Entwicklung gemeinsamer Forschungs- und Dokumentationsprojekte. Insbesondere das wachsende digitale Videoarchiv der Alevi Enzyklop\u00e4die \u2013 etwa der Bereich \u201eAus den Worten der religi\u00f6sen Autorit\u00e4ten\u201c \u2013 wird als Teil eines gemeinsamen Rahmens verstanden, der lebendige m\u00fcndliche Traditionen, kollektives Ged\u00e4chtnis und Sprachen alevitischer Gemeinschaften dokumentiert und damit zu den \u00fcbergeordneten Zielen kultureller Vielfalt und Kulturerhalt beitr\u00e4gt, die auch VLACH verfolgt.<\/p>\t\t\t\t\t\t\t\t<\/div>\n\t\t\t\t<\/div>\n\t\t\t\t<div class=\"elementor-element elementor-element-6c8e9ea elementor-mobile-align-center elementor-list-item-link-inline elementor-align-start elementor-icon-list--layout-traditional elementor-widget elementor-widget-icon-list\" data-id=\"6c8e9ea\" data-element_type=\"widget\" data-e-type=\"widget\" data-widget_type=\"icon-list.default\">\n\t\t\t\t<div class=\"elementor-widget-container\">\n\t\t\t\t\t\t\t<ul class=\"elementor-icon-list-items\">\n\t\t\t\t\t\t\t<li class=\"elementor-icon-list-item\">\n\t\t\t\t\t\t\t\t\t\t\t<a href=\"https:\/\/www.oeaw.ac.at\/vlach\/\" target=\"_blank\">\n\n\t\t\t\t\t\t\t\t\t\t\t\t<span class=\"elementor-icon-list-icon\">\n\t\t\t\t\t\t\t<svg aria-hidden=\"true\" class=\"e-font-icon-svg e-fas-external-link-alt\" viewbox=\"0 0 512 512\" xmlns=\"http:\/\/www.w3.org\/2000\/svg\"><path d=\"M432,320H400a16,16,0,0,0-16,16V448H64V128H208a16,16,0,0,0,16-16V80a16,16,0,0,0-16-16H48A48,48,0,0,0,0,112V464a48,48,0,0,0,48,48H400a48,48,0,0,0,48-48V336A16,16,0,0,0,432,320ZM488,0h-128c-21.37,0-32.05,25.91-17,41l35.73,35.73L135,320.37a24,24,0,0,0,0,34L157.67,377a24,24,0,0,0,34,0L435.28,133.32,471,169c15,15,41,4.5,41-17V24A24,24,0,0,0,488,0Z\"><\/path><\/svg>\t\t\t\t\t\t<\/span>\n\t\t\t\t\t\t\t\t\t\t<span class=\"elementor-icon-list-text\">www.oeaw.ac.at\/vlach\/<\/span>\n\t\t\t\t\t\t\t\t\t\t\t<\/a>\n\t\t\t\t\t\t\t\t\t<\/li>\n\t\t\t\t\t\t<\/ul>\n\t\t\t\t\t\t<\/div>\n\t\t\t\t<\/div>\n\t\t\t\t<\/div>\n\t\t\t\t<\/div>\n\t\t\t\t<\/div>\n\t\t\t\t<\/div>\n\t\t\t\t<div class=\"elementor-element elementor-element-40a422d elementor-widget elementor-widget-spacer\" data-id=\"40a422d\" data-element_type=\"widget\" data-e-type=\"widget\" data-widget_type=\"spacer.default\">\n\t\t\t\t<div class=\"elementor-widget-container\">\n\t\t\t\t\t\t\t<div class=\"elementor-spacer\">\n\t\t\t<div class=\"elementor-spacer-inner\"><\/div>\n\t\t<\/div>\n\t\t\t\t\t\t<\/div>\n\t\t\t\t<\/div>\n\t\t\t\t\t<\/div>\n\t\t\t\t<\/div>\n\t\t\t\t<\/div>","protected":false},"excerpt":{"rendered":"<p>Uluslararas\u0131 Akademik Projeler Alevi Ansiklopedisi, yay\u0131n hayat\u0131na girdi\u011fi g\u00fcnden bu yana yaln\u0131zca dijital bir bilgi platformu de\u011fil, ayn\u0131 zamanda uluslararas\u0131 [&hellip;]<\/p>\n","protected":false},"author":4,"featured_media":0,"parent":0,"menu_order":0,"comment_status":"closed","ping_status":"closed","template":"","meta":{"_acf_changed":false,"site-sidebar-layout":"no-sidebar","site-content-layout":"","ast-site-content-layout":"full-width-container","site-content-style":"default","site-sidebar-style":"default","ast-global-header-display":"","ast-banner-title-visibility":"","ast-main-header-display":"","ast-hfb-above-header-display":"","ast-hfb-below-header-display":"","ast-hfb-mobile-header-display":"","site-post-title":"disabled","ast-breadcrumbs-content":"","ast-featured-img":"disabled","footer-sml-layout":"","ast-disable-related-posts":"","theme-transparent-header-meta":"","adv-header-id-meta":"","stick-header-meta":"","header-above-stick-meta":"","header-main-stick-meta":"","header-below-stick-meta":"","astra-migrate-meta-layouts":"default","ast-page-background-enabled":"default","ast-page-background-meta":{"desktop":{"background-color":"var(--ast-global-color-5)","background-image":"","background-repeat":"repeat","background-position":"center center","background-size":"auto","background-attachment":"scroll","background-type":"","background-media":"","overlay-type":"","overlay-color":"","overlay-opacity":"","overlay-gradient":""},"tablet":{"background-color":"","background-image":"","background-repeat":"repeat","background-position":"center center","background-size":"auto","background-attachment":"scroll","background-type":"","background-media":"","overlay-type":"","overlay-color":"","overlay-opacity":"","overlay-gradient":""},"mobile":{"background-color":"","background-image":"","background-repeat":"repeat","background-position":"center center","background-size":"auto","background-attachment":"scroll","background-type":"","background-media":"","overlay-type":"","overlay-color":"","overlay-opacity":"","overlay-gradient":""}},"ast-content-background-meta":{"desktop":{"background-color":"var(--ast-global-color-4)","background-image":"","background-repeat":"repeat","background-position":"center center","background-size":"auto","background-attachment":"scroll","background-type":"","background-media":"","overlay-type":"","overlay-color":"","overlay-opacity":"","overlay-gradient":""},"tablet":{"background-color":"var(--ast-global-color-4)","background-image":"","background-repeat":"repeat","background-position":"center center","background-size":"auto","background-attachment":"scroll","background-type":"","background-media":"","overlay-type":"","overlay-color":"","overlay-opacity":"","overlay-gradient":""},"mobile":{"background-color":"var(--ast-global-color-4)","background-image":"","background-repeat":"repeat","background-position":"center center","background-size":"auto","background-attachment":"scroll","background-type":"","background-media":"","overlay-type":"","overlay-color":"","overlay-opacity":"","overlay-gradient":""}},"footnotes":""},"class_list":["post-8325","page","type-page","status-publish","hentry"],"acf":[],"_links":{"self":[{"href":"https:\/\/www.aleviansiklopedisi.com\/de\/wp-json\/wp\/v2\/pages\/8325","targetHints":{"allow":["GET"]}}],"collection":[{"href":"https:\/\/www.aleviansiklopedisi.com\/de\/wp-json\/wp\/v2\/pages"}],"about":[{"href":"https:\/\/www.aleviansiklopedisi.com\/de\/wp-json\/wp\/v2\/types\/page"}],"author":[{"embeddable":true,"href":"https:\/\/www.aleviansiklopedisi.com\/de\/wp-json\/wp\/v2\/users\/4"}],"replies":[{"embeddable":true,"href":"https:\/\/www.aleviansiklopedisi.com\/de\/wp-json\/wp\/v2\/comments?post=8325"}],"version-history":[{"count":0,"href":"https:\/\/www.aleviansiklopedisi.com\/de\/wp-json\/wp\/v2\/pages\/8325\/revisions"}],"wp:attachment":[{"href":"https:\/\/www.aleviansiklopedisi.com\/de\/wp-json\/wp\/v2\/media?parent=8325"}],"curies":[{"name":"wp","href":"https:\/\/api.w.org\/{rel}","templated":true}]}}