{"id":940,"date":"2024-12-12T12:12:38","date_gmt":"2024-12-12T11:12:38","guid":{"rendered":"https:\/\/www.aleviansiklopedisi.com\/?page_id=940"},"modified":"2026-01-05T15:39:47","modified_gmt":"2026-01-05T15:39:47","slug":"ueber-die-enzyklopaedie","status":"publish","type":"page","link":"https:\/\/www.aleviansiklopedisi.com\/de\/ansiklopedi-hakkinda\/","title":{"rendered":"\u00dcber die Enzyklop\u00e4die"},"content":{"rendered":"<div data-elementor-type=\"wp-page\" data-elementor-id=\"940\" class=\"elementor elementor-940\" data-elementor-post-type=\"page\">\n\t\t\t\t<div class=\"elementor-element elementor-element-9a90127 e-flex e-con-boxed e-con e-parent\" data-id=\"9a90127\" data-element_type=\"container\" data-e-type=\"container\" data-no-translation=\"\">\n\t\t\t\t\t<div class=\"e-con-inner\">\n\t\t\t\t<div class=\"elementor-element elementor-element-a756fe6 elementor-widget elementor-widget-spacer\" data-id=\"a756fe6\" data-element_type=\"widget\" data-e-type=\"widget\" data-widget_type=\"spacer.default\">\n\t\t\t\t<div class=\"elementor-widget-container\">\n\t\t\t\t\t\t\t<div class=\"elementor-spacer\">\n\t\t\t<div class=\"elementor-spacer-inner\"><\/div>\n\t\t<\/div>\n\t\t\t\t\t\t<\/div>\n\t\t\t\t<\/div>\n\t\t<div class=\"elementor-element elementor-element-8821dab e-con-full e-flex e-con e-child\" data-id=\"8821dab\" data-element_type=\"container\" data-e-type=\"container\" data-settings=\"{&quot;background_background&quot;:&quot;classic&quot;}\">\n\t\t\t\t<div class=\"elementor-element elementor-element-fdb235d elementor-widget elementor-widget-heading\" data-id=\"fdb235d\" data-element_type=\"widget\" data-e-type=\"widget\" data-widget_type=\"heading.default\">\n\t\t\t\t<div class=\"elementor-widget-container\">\n\t\t\t\t\t<h1 class=\"elementor-heading-title elementor-size-default\">\u00dcBER DIE ENZYKLOP\u00c4DIE<\/h1>\t\t\t\t<\/div>\n\t\t\t\t<\/div>\n\t\t\t\t<div class=\"elementor-element elementor-element-47e56a6 elementor-widget__width-initial elementor-widget elementor-widget-text-editor\" data-id=\"47e56a6\" data-element_type=\"widget\" data-e-type=\"widget\" data-widget_type=\"text-editor.default\">\n\t\t\t\t<div class=\"elementor-widget-container\">\n\t\t\t\t\t\t\t\t\t<p><b>\u00dcber die Enzyklop\u00e4die<\/b><\/p><p><span style=\"font-weight: 400;\">Das im April 2024 unter der Leitung der R\u0131za-\u015eehri-Akademie begonnene Projekt \u201eAlevi-Enzyklop\u00e4die\u201c verfolgt das Ziel, Wissen \u00fcber das Alevitentum auf Basis seiner eigenen Quellen zu generieren und zu sammeln. Vorhandene schriftliche Quellen sollen systematisch geordnet, untersucht und den Leser: innen in einer verst\u00e4ndlichen und ganzheitlichen Form zur Verf\u00fcgung gestellt werden. Gleichzeitig soll dieses Wissen auf einer digitalen Plattform, die den Anforderungen der heutigen Zeit entspricht, f\u00fcr die internationale \u00d6ffentlichkeit zug\u00e4nglich gemacht werden.<\/span><\/p><p><span style=\"font-weight: 400;\">Die Alevi-Enzyklop\u00e4die versteht sich als unverzichtbares Wissensforum, das dazu beitr\u00e4gt, alle Hindernisse und Bedrohungen f\u00fcr die historische Existenz des Alevitentums zu \u00fcberwinden. Insbesondere das in den letzten 30 Jahren entstandene akademische und intellektuelle Wissen soll hier sichtbar werden. Das Ziel besteht darin, das Alevitentum mit seinen eigenen Begriffen, Gedanken und Empfindungen auszudr\u00fccken und so ohne Verf\u00e4lschung oder Zerst\u00f6rung an neue Generationen, Forschende und die Wissenschaft weiterzugeben.<\/span><\/p><p><b>Warum eine Enzyklop\u00e4die?<\/b><\/p><p><span style=\"font-weight: 400;\">Enzyklop\u00e4dien unterscheiden sich von W\u00f6rterb\u00fcchern oder Sammelb\u00e4nden durch ihren breiten Umfang, ihre besondere Schreibweise und Funktion. Seit ihrem Entstehen im modernen Zeitalter im 18. Jahrhundert in Frankreich dienten Enzyklop\u00e4dien dazu, Gesellschaften aufzukl\u00e4ren und mit der Kraft des wahren Wissens von alten Herrschaftsstrukturen (ancien r\u00e9gime) zu befreien. Mit dem Vermitteln von historischem und aktuellem Wissen auf wissenschaftlicher Grundlage an die Menschen sind sie als solche wichtigen Werkzeuge und bilden einen Meilenstein in der \u00dcberwindung von Unterdr\u00fcckungsverh\u00e4ltnissen. Hierbei wird f\u00fcr das Alevitentum, das in vielf\u00e4ltiger Weise von Regimen Unterdr\u00fcckung erfahren hat, diese revolution\u00e4re Anwendung ein wichtiger, zukunftsweisender Schritt sein.<\/span><\/p><p><b>Das historische Erbe bewahren<\/b><\/p><p><span style=\"font-weight: 400;\">In seiner Geschichte war das Alevitentum immer wieder gezwungen, sich gegen Zwangsassimilierung, Massaker sowie die Manipulation und Verf\u00e4lschung seines kulturellen (Wissens-)Erbes zu behaupten. Bis heute gibt es daher gro\u00dfe Anstrengungen und Diskussionen dar\u00fcber, wie dieses Erbe richtig verstanden, bewahrt und weitergegeben werden kann. Die Alevi-Enzyklop\u00e4die wird hierbei ein umfassendes und vielseitiges Wissensarchiv sein, das insbesondere den nachfolgenden Generationen erm\u00f6glichen wird, das Alevitentum auf wissenschaftlicher Basis aus seinen eigenen Quellen kennenzulernen. Auf diese Weise wird sie auch ein Mittel sein, um mit dem Verstehen, dem Empowerment und der \u00dcbertragung der eigenen alevitischen kulturellen Identit\u00e4t einen wesentlichen Beitrag im Kampf gegen Desinformation zu leisten.<\/span><\/p><p><span style=\"font-weight: 400;\">Die Enzyklop\u00e4die soll das kulturelle Erbe aller Alevit: innen mit ihren unterschiedlichen ethnischen und\/oder religi\u00f6s-traditionellen Wurzeln widerspiegeln. Im Sinne eines ganzheitlichen Identit\u00e4tsverst\u00e4ndnisses wird sie basierend auf der Vielfalt und dem kulturellen Reichtum der alevitischen Gemeinschaft einen Beitrag zu deren Identit\u00e4tsbildungsprozess leisten.<\/span><\/p><p><b>Umfassender und wissenschaftlicher Ansatz<\/b><\/p><p><span style=\"font-weight: 400;\">Angesichts der Tatsache, dass sich das Wissen \u00fcber das Alevitentum heute in verschiedenen Sprachen der Welt vervielf\u00e4ltigt und rasch verbreitet, wird die Alevi-Enzyklop\u00e4die eine Plattform sein, die darauf abzielt, einen m\u00f6glichst umfassenden \u00dcberblick \u00fcber das Alevitentum zu bieten, dabei verschiedene akademische und intellektuelle Ans\u00e4tze und Interpretationen ber\u00fccksichtigt und diesen Informationsreichtum ohne Abweichung von wissenschaftlichen Kriterien zug\u00e4nglich macht.<\/span><\/p><p><span style=\"font-weight: 400;\">Die Alevi-Enzyklop\u00e4die wird von kompetenten Autor: innen, Forscher: innen und Wissenschaftler: innen verfasst und nach Genehmigung durch den Redaktionsausschuss ver\u00f6ffentlicht. Sie wird ein breites Spektrum an Themen aus der alevitischen Kulturwelt abdecken, darunter Begrifflichkeiten, Institutionen, historische Hintergr\u00fcnde, aktuelle soziologische und anthropologische Aspekte, Symbole, Werte, Emotionen und das m\u00fcndliche Kulturerbe.<\/span><\/p><p><b>Digitale und dynamische Inhalte<\/b><\/p><p><span style=\"font-weight: 400;\">Als offene digitale Plattform wird die Alevi-Enzyklop\u00e4die mit der Zeit in ihrer Qualit\u00e4t und ihrem Umfang erweitert und stets aktualisiert. So spiegelt sie auch die sich wandelnde soziale Realit\u00e4t wider.<\/span><\/p><p><b>Mehrsprachiger Zugang<\/b><\/p><p><span style=\"font-weight: 400;\">Die Alevi-Enzyklop\u00e4die soll als mehrsprachige Plattform allen Interessierten, insbesondere der jungen Generation in der europ\u00e4ischen Diaspora, zug\u00e4nglich gemacht werden. Zu diesem Zweck wird sie in Zukunft in verschiedene europ\u00e4ische Sprachen \u00fcbersetzt, um ein breiteres Publikum zu erreichen.<\/span><\/p><p><b>Mitwirkende<\/b><\/p><p><span style=\"font-weight: 400;\">Zur Enzyklop\u00e4die tragen nicht nur Akademikerinnen bei. Auch Pers\u00f6nlichkeiten aus der alevitischen Gemeinschaft, Intellektuelle, erfahrene Alevit: innen sowie religi\u00f6se Autorit\u00e4ten k\u00f6nnen Beitr\u00e4ge leisten. So soll die Vielfalt und das Erbe der alevitischen Kultur sichtbar gemacht und weitergegeben werden.<\/span><\/p>\t\t\t\t\t\t\t\t<\/div>\n\t\t\t\t<\/div>\n\t\t\t\t<\/div>\n\t\t\t\t<div class=\"elementor-element elementor-element-773b33c elementor-widget elementor-widget-spacer\" data-id=\"773b33c\" data-element_type=\"widget\" data-e-type=\"widget\" data-widget_type=\"spacer.default\">\n\t\t\t\t<div class=\"elementor-widget-container\">\n\t\t\t\t\t\t\t<div class=\"elementor-spacer\">\n\t\t\t<div class=\"elementor-spacer-inner\"><\/div>\n\t\t<\/div>\n\t\t\t\t\t\t<\/div>\n\t\t\t\t<\/div>\n\t\t\t\t\t<\/div>\n\t\t\t\t<\/div>\n\t\t\t\t<\/div>","protected":false},"excerpt":{"rendered":"<p>ANS\u0130KLOPED\u0130 HAKKINDA R\u0131za \u015eehri Akademisi \u00f6nc\u00fcl\u00fc\u011f\u00fcnde Nisan 2024\u2019te ba\u015flayan Alevi Ansiklopedisi \u00e7al\u0131\u015fmas\u0131, 21. y\u00fczy\u0131l\u0131n ilk \u00e7eyre\u011fini tamamlad\u0131\u011f\u0131m\u0131z bug\u00fcnlerde, kendi kaynaklar\u0131ndan [&hellip;]<\/p>\n","protected":false},"author":4,"featured_media":0,"parent":0,"menu_order":0,"comment_status":"closed","ping_status":"closed","template":"","meta":{"_acf_changed":false,"site-sidebar-layout":"default","site-content-layout":"","ast-site-content-layout":"default","site-content-style":"default","site-sidebar-style":"default","ast-global-header-display":"","ast-banner-title-visibility":"","ast-main-header-display":"","ast-hfb-above-header-display":"","ast-hfb-below-header-display":"","ast-hfb-mobile-header-display":"","site-post-title":"disabled","ast-breadcrumbs-content":"","ast-featured-img":"","footer-sml-layout":"","ast-disable-related-posts":"","theme-transparent-header-meta":"","adv-header-id-meta":"","stick-header-meta":"","header-above-stick-meta":"","header-main-stick-meta":"","header-below-stick-meta":"","astra-migrate-meta-layouts":"default","ast-page-background-enabled":"default","ast-page-background-meta":{"desktop":{"background-color":"var(--ast-global-color-5)","background-image":"","background-repeat":"repeat","background-position":"center center","background-size":"auto","background-attachment":"scroll","background-type":"","background-media":"","overlay-type":"","overlay-color":"","overlay-opacity":"","overlay-gradient":""},"tablet":{"background-color":"","background-image":"","background-repeat":"repeat","background-position":"center center","background-size":"auto","background-attachment":"scroll","background-type":"","background-media":"","overlay-type":"","overlay-color":"","overlay-opacity":"","overlay-gradient":""},"mobile":{"background-color":"","background-image":"","background-repeat":"repeat","background-position":"center center","background-size":"auto","background-attachment":"scroll","background-type":"","background-media":"","overlay-type":"","overlay-color":"","overlay-opacity":"","overlay-gradient":""}},"ast-content-background-meta":{"desktop":{"background-color":"var(--ast-global-color-4)","background-image":"","background-repeat":"repeat","background-position":"center center","background-size":"auto","background-attachment":"scroll","background-type":"","background-media":"","overlay-type":"","overlay-color":"","overlay-opacity":"","overlay-gradient":""},"tablet":{"background-color":"var(--ast-global-color-4)","background-image":"","background-repeat":"repeat","background-position":"center center","background-size":"auto","background-attachment":"scroll","background-type":"","background-media":"","overlay-type":"","overlay-color":"","overlay-opacity":"","overlay-gradient":""},"mobile":{"background-color":"var(--ast-global-color-4)","background-image":"","background-repeat":"repeat","background-position":"center center","background-size":"auto","background-attachment":"scroll","background-type":"","background-media":"","overlay-type":"","overlay-color":"","overlay-opacity":"","overlay-gradient":""}},"footnotes":""},"class_list":["post-940","page","type-page","status-publish","hentry"],"acf":[],"_links":{"self":[{"href":"https:\/\/www.aleviansiklopedisi.com\/de\/wp-json\/wp\/v2\/pages\/940","targetHints":{"allow":["GET"]}}],"collection":[{"href":"https:\/\/www.aleviansiklopedisi.com\/de\/wp-json\/wp\/v2\/pages"}],"about":[{"href":"https:\/\/www.aleviansiklopedisi.com\/de\/wp-json\/wp\/v2\/types\/page"}],"author":[{"embeddable":true,"href":"https:\/\/www.aleviansiklopedisi.com\/de\/wp-json\/wp\/v2\/users\/4"}],"replies":[{"embeddable":true,"href":"https:\/\/www.aleviansiklopedisi.com\/de\/wp-json\/wp\/v2\/comments?post=940"}],"version-history":[{"count":0,"href":"https:\/\/www.aleviansiklopedisi.com\/de\/wp-json\/wp\/v2\/pages\/940\/revisions"}],"wp:attachment":[{"href":"https:\/\/www.aleviansiklopedisi.com\/de\/wp-json\/wp\/v2\/media?parent=940"}],"curies":[{"name":"wp","href":"https:\/\/api.w.org\/{rel}","templated":true}]}}