{"id":8325,"date":"2025-11-04T17:45:42","date_gmt":"2025-11-04T17:45:42","guid":{"rendered":"https:\/\/www.aleviansiklopedisi.com\/?page_id=8325"},"modified":"2026-01-09T16:51:58","modified_gmt":"2026-01-09T16:51:58","slug":"international-academic-projects","status":"publish","type":"page","link":"https:\/\/www.aleviansiklopedisi.com\/en\/uluslararasi-akademik-projeler\/","title":{"rendered":"International Academic Projects"},"content":{"rendered":"<div data-elementor-type=\"wp-page\" data-elementor-id=\"8325\" class=\"elementor elementor-8325\" data-elementor-post-type=\"page\">\n\t\t\t\t<div class=\"elementor-element elementor-element-d3b27ba e-flex e-con-boxed e-con e-parent\" data-id=\"d3b27ba\" data-element_type=\"container\" data-e-type=\"container\">\n\t\t\t\t\t<div class=\"e-con-inner\">\n\t\t\t\t<div class=\"elementor-element elementor-element-ca4b707 elementor-widget elementor-widget-spacer\" data-id=\"ca4b707\" data-element_type=\"widget\" data-e-type=\"widget\" data-widget_type=\"spacer.default\">\n\t\t\t\t<div class=\"elementor-widget-container\">\n\t\t\t\t\t\t\t<div class=\"elementor-spacer\">\n\t\t\t<div class=\"elementor-spacer-inner\"><\/div>\n\t\t<\/div>\n\t\t\t\t\t\t<\/div>\n\t\t\t\t<\/div>\n\t\t<div class=\"elementor-element elementor-element-ff707e6 e-con-full e-flex e-con e-child\" data-id=\"ff707e6\" data-element_type=\"container\" data-e-type=\"container\" data-settings=\"{&quot;background_background&quot;:&quot;classic&quot;}\">\n\t\t\t\t<div class=\"elementor-element elementor-element-f7bd926 elementor-widget elementor-widget-heading\" data-id=\"f7bd926\" data-element_type=\"widget\" data-e-type=\"widget\" data-widget_type=\"heading.default\">\n\t\t\t\t<div class=\"elementor-widget-container\">\n\t\t\t\t\t<h1 class=\"elementor-heading-title elementor-size-default\">International Academic Projects<\/h1>\t\t\t\t<\/div>\n\t\t\t\t<\/div>\n\t\t\t\t<div class=\"elementor-element elementor-element-cd80436 elementor-widget elementor-widget-text-editor\" data-id=\"cd80436\" data-element_type=\"widget\" data-e-type=\"widget\" data-no-translation=\"\" data-widget_type=\"text-editor.default\">\n\t\t\t\t<div class=\"elementor-widget-container\">\n\t\t\t\t\t<style>.elementor-element-cd80436{display:none !important}<\/style>\t\t\t\t<\/div>\n\t\t\t\t<\/div>\n\t\t\t\t<div class=\"elementor-element elementor-element-9a807a2 elementor-widget elementor-widget-text-editor\" data-id=\"9a807a2\" data-element_type=\"widget\" data-e-type=\"widget\" data-no-translation=\"\" data-widget_type=\"text-editor.default\">\n\t\t\t\t<div class=\"elementor-widget-container\">\n\t\t\t\t\t\t\t\t\t<p>Since its inception, the Alevi Encyclopedia has positioned itself not merely as a digital knowledge platform but as an open research network for international academic collaboration. Through joint initiatives developed with universities, research institutes, museums, and cultural institutions across different countries, the Alevi Encyclopedia aims to enhance the visibility and circulation of scholarly knowledge on the belief systems, historical continuities, cultural practices, and social representations of Alevism.<\/p><p>Anchored in the principles of open access, multilingualism, and interdisciplinarity, the project seeks to establish a lasting knowledge infrastructure that strengthens the dialogue between the global academic community and the Alevi cultural heritage.<span style=\"font-style: inherit; font-weight: inherit;\"><br \/><\/span><\/p><p><span style=\"font-style: inherit; font-weight: inherit;\">The \u201cInternational Academic Projects\u201d section brings together collaborative research, publications, academic partnerships, exhibitions, symposia, and fieldwork developed within these frameworks. It aims to showcase the Alevi Encyclopedia\u2019s ongoing collaborations within global networks of academic production and to provide a foundation for future interdisciplinary research initiatives.<\/span><\/p>\t\t\t\t\t\t\t\t<\/div>\n\t\t\t\t<\/div>\n\t\t\t\t<div class=\"elementor-element elementor-element-79785f2 elementor-widget elementor-widget-text-editor\" data-id=\"79785f2\" data-element_type=\"widget\" data-e-type=\"widget\" data-no-translation=\"\" data-widget_type=\"text-editor.default\">\n\t\t\t\t<div class=\"elementor-widget-container\">\n\t\t\t\t\t<style>.elementor-element-79785f2{display:none !important}<\/style>\t\t\t\t<\/div>\n\t\t\t\t<\/div>\n\t\t<div class=\"elementor-element elementor-element-016ae61 e-grid e-con-full e-con e-child\" data-id=\"016ae61\" data-element_type=\"container\" data-e-type=\"container\">\n\t\t<div class=\"elementor-element elementor-element-d1b5ccb e-con-full e-flex e-con e-child\" data-id=\"d1b5ccb\" data-element_type=\"container\" data-e-type=\"container\" data-settings=\"{&quot;background_background&quot;:&quot;classic&quot;}\" data-no-translation=\"\">\n\t\t<div class=\"elementor-element elementor-element-e60d108 e-con-full e-flex e-con e-child\" data-id=\"e60d108\" data-element_type=\"container\" data-e-type=\"container\">\n\t\t\t\t<div class=\"elementor-element elementor-element-1eb1205 elementor-widget elementor-widget-image\" data-id=\"1eb1205\" data-element_type=\"widget\" data-e-type=\"widget\" data-widget_type=\"image.default\">\n\t\t\t\t<div class=\"elementor-widget-container\">\n\t\t\t\t\t\t\t\t\t\t\t\t\t\t\t<img fetchpriority=\"high\" decoding=\"async\" width=\"1500\" height=\"939\" src=\"https:\/\/www.aleviansiklopedisi.com\/wp-content\/uploads\/2025\/11\/VLACH-logo-standard.webp\" class=\"attachment-full size-full wp-image-8327\" alt=\"\" srcset=\"https:\/\/www.aleviansiklopedisi.com\/wp-content\/uploads\/2025\/11\/VLACH-logo-standard.webp 1500w, https:\/\/www.aleviansiklopedisi.com\/wp-content\/uploads\/2025\/11\/VLACH-logo-standard-300x188.webp 300w, https:\/\/www.aleviansiklopedisi.com\/wp-content\/uploads\/2025\/11\/VLACH-logo-standard-1024x641.webp 1024w, https:\/\/www.aleviansiklopedisi.com\/wp-content\/uploads\/2025\/11\/VLACH-logo-standard-768x481.jpg 768w, https:\/\/www.aleviansiklopedisi.com\/wp-content\/uploads\/2025\/11\/VLACH-logo-standard-18x12.jpg 18w\" sizes=\"(max-width: 1500px) 100vw, 1500px\" \/>\t\t\t\t\t\t\t\t\t\t\t\t\t\t\t<\/div>\n\t\t\t\t<\/div>\n\t\t\t\t<\/div>\n\t\t<div class=\"elementor-element elementor-element-a08718b e-con-full e-flex e-con e-child\" data-id=\"a08718b\" data-element_type=\"container\" data-e-type=\"container\" data-settings=\"{&quot;background_background&quot;:&quot;classic&quot;}\">\n\t\t\t\t<div class=\"elementor-element elementor-element-2b94432 elementor-widget elementor-widget-heading\" data-id=\"2b94432\" data-element_type=\"widget\" data-e-type=\"widget\" data-widget_type=\"heading.default\">\n\t\t\t\t<div class=\"elementor-widget-container\">\n\t\t\t\t\t<h2 class=\"elementor-heading-title elementor-size-default\">Austrian Academy of Science<\/h2>\t\t\t\t<\/div>\n\t\t\t\t<\/div>\n\t\t\t\t<div class=\"elementor-element elementor-element-dfe920a elementor-widget elementor-widget-heading\" data-id=\"dfe920a\" data-element_type=\"widget\" data-e-type=\"widget\" data-widget_type=\"heading.default\">\n\t\t\t\t<div class=\"elementor-widget-container\">\n\t\t\t\t\t<h3 class=\"elementor-heading-title elementor-size-default\">Alevi Encyclopedia \u2013 VLACH Partnership<\/h3>\t\t\t\t<\/div>\n\t\t\t\t<\/div>\n\t\t\t\t<div class=\"elementor-element elementor-element-6619c52 elementor-widget elementor-widget-text-editor\" data-id=\"6619c52\" data-element_type=\"widget\" data-e-type=\"widget\" data-widget_type=\"text-editor.default\">\n\t\t\t\t<div class=\"elementor-widget-container\">\n\t\t\t\t\t\t\t\t\t<p>The Alevi Encyclopedia and the Commission Vanishing Languages and Cultural Heritage (VLACH) of the Austrian Academy of Sciences have established a partnership based on shared academic interests and ethical commitments to cultural preservation. Both initiatives converge on a common vision: documenting, analysing, and sustaining linguistic and cultural diversity through open, collaborative, and community-oriented research.<\/p><p>Alevism represents a vast cultural heritage that extends across multiple regions and encompasses diverse linguistic, historical, and traditional backgrounds. Among these are Alevi communities speaking endangered languages such as K\u0131rmancki (Zazaki) of the Dersim region (Turkey), which is listed by UNESCO as a vulnerable language. In this regard, the objectives and methodological approaches of the Alevi Encyclopedia and VLACH closely align \u2014 both seek to protect and revitalize intangible cultural and linguistic heritage through innovative, interdisciplinary, and accessible platforms.<\/p><p>This collaboration foresees a continuous exchange of knowledge, expertise, and materials, and aims to develop joint research and documentation projects. In particular, the Alevi Encyclopedia\u2019s expanding digital video archive \u2014 for instance, the section \u201cFrom Religious Leaders\u201d \u2014 is envisioned as part of a shared framework that reflects the living oral traditions, memory, and languages of Alevi communities within the broader goals of cultural diversity and heritage preservation embraced by VLACH.<\/p>\t\t\t\t\t\t\t\t<\/div>\n\t\t\t\t<\/div>\n\t\t\t\t<div class=\"elementor-element elementor-element-ce7e38e elementor-mobile-align-center elementor-list-item-link-inline elementor-align-start elementor-icon-list--layout-traditional elementor-widget elementor-widget-icon-list\" data-id=\"ce7e38e\" data-element_type=\"widget\" data-e-type=\"widget\" data-widget_type=\"icon-list.default\">\n\t\t\t\t<div class=\"elementor-widget-container\">\n\t\t\t\t\t\t\t<ul class=\"elementor-icon-list-items\">\n\t\t\t\t\t\t\t<li class=\"elementor-icon-list-item\">\n\t\t\t\t\t\t\t\t\t\t\t<a href=\"https:\/\/www.oeaw.ac.at\/vlach\/\" target=\"_blank\">\n\n\t\t\t\t\t\t\t\t\t\t\t\t<span class=\"elementor-icon-list-icon\">\n\t\t\t\t\t\t\t<svg aria-hidden=\"true\" class=\"e-font-icon-svg e-fas-external-link-alt\" viewbox=\"0 0 512 512\" xmlns=\"http:\/\/www.w3.org\/2000\/svg\"><path d=\"M432,320H400a16,16,0,0,0-16,16V448H64V128H208a16,16,0,0,0,16-16V80a16,16,0,0,0-16-16H48A48,48,0,0,0,0,112V464a48,48,0,0,0,48,48H400a48,48,0,0,0,48-48V336A16,16,0,0,0,432,320ZM488,0h-128c-21.37,0-32.05,25.91-17,41l35.73,35.73L135,320.37a24,24,0,0,0,0,34L157.67,377a24,24,0,0,0,34,0L435.28,133.32,471,169c15,15,41,4.5,41-17V24A24,24,0,0,0,488,0Z\"><\/path><\/svg>\t\t\t\t\t\t<\/span>\n\t\t\t\t\t\t\t\t\t\t<span class=\"elementor-icon-list-text\">www.oeaw.ac.at\/vlach\/<\/span>\n\t\t\t\t\t\t\t\t\t\t\t<\/a>\n\t\t\t\t\t\t\t\t\t<\/li>\n\t\t\t\t\t\t<\/ul>\n\t\t\t\t\t\t<\/div>\n\t\t\t\t<\/div>\n\t\t\t\t<\/div>\n\t\t\t\t<\/div>\n\t\t\t\t<\/div>\n\t\t\t\t<\/div>\n\t\t\t\t<div class=\"elementor-element elementor-element-40a422d elementor-widget elementor-widget-spacer\" data-id=\"40a422d\" data-element_type=\"widget\" data-e-type=\"widget\" data-widget_type=\"spacer.default\">\n\t\t\t\t<div class=\"elementor-widget-container\">\n\t\t\t\t\t\t\t<div class=\"elementor-spacer\">\n\t\t\t<div class=\"elementor-spacer-inner\"><\/div>\n\t\t<\/div>\n\t\t\t\t\t\t<\/div>\n\t\t\t\t<\/div>\n\t\t\t\t\t<\/div>\n\t\t\t\t<\/div>\n\t\t\t\t<\/div>","protected":false},"excerpt":{"rendered":"<p>Uluslararas\u0131 Akademik Projeler Alevi Ansiklopedisi, yay\u0131n hayat\u0131na girdi\u011fi g\u00fcnden bu yana yaln\u0131zca dijital bir bilgi platformu de\u011fil, ayn\u0131 zamanda uluslararas\u0131 [&hellip;]<\/p>\n","protected":false},"author":4,"featured_media":0,"parent":0,"menu_order":0,"comment_status":"closed","ping_status":"closed","template":"","meta":{"_acf_changed":false,"site-sidebar-layout":"no-sidebar","site-content-layout":"","ast-site-content-layout":"full-width-container","site-content-style":"default","site-sidebar-style":"default","ast-global-header-display":"","ast-banner-title-visibility":"","ast-main-header-display":"","ast-hfb-above-header-display":"","ast-hfb-below-header-display":"","ast-hfb-mobile-header-display":"","site-post-title":"disabled","ast-breadcrumbs-content":"","ast-featured-img":"disabled","footer-sml-layout":"","ast-disable-related-posts":"","theme-transparent-header-meta":"","adv-header-id-meta":"","stick-header-meta":"","header-above-stick-meta":"","header-main-stick-meta":"","header-below-stick-meta":"","astra-migrate-meta-layouts":"default","ast-page-background-enabled":"default","ast-page-background-meta":{"desktop":{"background-color":"var(--ast-global-color-5)","background-image":"","background-repeat":"repeat","background-position":"center center","background-size":"auto","background-attachment":"scroll","background-type":"","background-media":"","overlay-type":"","overlay-color":"","overlay-opacity":"","overlay-gradient":""},"tablet":{"background-color":"","background-image":"","background-repeat":"repeat","background-position":"center center","background-size":"auto","background-attachment":"scroll","background-type":"","background-media":"","overlay-type":"","overlay-color":"","overlay-opacity":"","overlay-gradient":""},"mobile":{"background-color":"","background-image":"","background-repeat":"repeat","background-position":"center center","background-size":"auto","background-attachment":"scroll","background-type":"","background-media":"","overlay-type":"","overlay-color":"","overlay-opacity":"","overlay-gradient":""}},"ast-content-background-meta":{"desktop":{"background-color":"var(--ast-global-color-4)","background-image":"","background-repeat":"repeat","background-position":"center center","background-size":"auto","background-attachment":"scroll","background-type":"","background-media":"","overlay-type":"","overlay-color":"","overlay-opacity":"","overlay-gradient":""},"tablet":{"background-color":"var(--ast-global-color-4)","background-image":"","background-repeat":"repeat","background-position":"center center","background-size":"auto","background-attachment":"scroll","background-type":"","background-media":"","overlay-type":"","overlay-color":"","overlay-opacity":"","overlay-gradient":""},"mobile":{"background-color":"var(--ast-global-color-4)","background-image":"","background-repeat":"repeat","background-position":"center center","background-size":"auto","background-attachment":"scroll","background-type":"","background-media":"","overlay-type":"","overlay-color":"","overlay-opacity":"","overlay-gradient":""}},"footnotes":""},"class_list":["post-8325","page","type-page","status-publish","hentry"],"acf":[],"_links":{"self":[{"href":"https:\/\/www.aleviansiklopedisi.com\/en\/wp-json\/wp\/v2\/pages\/8325","targetHints":{"allow":["GET"]}}],"collection":[{"href":"https:\/\/www.aleviansiklopedisi.com\/en\/wp-json\/wp\/v2\/pages"}],"about":[{"href":"https:\/\/www.aleviansiklopedisi.com\/en\/wp-json\/wp\/v2\/types\/page"}],"author":[{"embeddable":true,"href":"https:\/\/www.aleviansiklopedisi.com\/en\/wp-json\/wp\/v2\/users\/4"}],"replies":[{"embeddable":true,"href":"https:\/\/www.aleviansiklopedisi.com\/en\/wp-json\/wp\/v2\/comments?post=8325"}],"version-history":[{"count":0,"href":"https:\/\/www.aleviansiklopedisi.com\/en\/wp-json\/wp\/v2\/pages\/8325\/revisions"}],"wp:attachment":[{"href":"https:\/\/www.aleviansiklopedisi.com\/en\/wp-json\/wp\/v2\/media?parent=8325"}],"curies":[{"name":"wp","href":"https:\/\/api.w.org\/{rel}","templated":true}]}}