{"id":1171,"date":"2024-12-12T19:24:10","date_gmt":"2024-12-12T18:24:10","guid":{"rendered":"https:\/\/www.aleviansiklopedisi.com\/?page_id=1171"},"modified":"2025-03-25T01:38:45","modified_gmt":"2025-03-25T01:38:45","slug":"impressum","status":"publish","type":"page","link":"https:\/\/www.aleviansiklopedisi.com\/fr\/impressum\/","title":{"rendered":"K\u00fcnye"},"content":{"rendered":"\t\t<div data-elementor-type=\"wp-page\" data-elementor-id=\"1171\" class=\"elementor elementor-1171\" data-elementor-post-type=\"page\">\n\t\t\t\t<div class=\"elementor-element elementor-element-24842381 e-flex e-con-boxed e-con e-parent\" data-id=\"24842381\" data-element_type=\"container\" data-e-type=\"container\">\n\t\t\t\t\t<div class=\"e-con-inner\">\n\t\t\t\t<div class=\"elementor-element elementor-element-bffbe03 elementor-widget elementor-widget-spacer\" data-id=\"bffbe03\" data-element_type=\"widget\" data-e-type=\"widget\" data-widget_type=\"spacer.default\">\n\t\t\t\t<div class=\"elementor-widget-container\">\n\t\t\t\t\t\t\t<div class=\"elementor-spacer\">\n\t\t\t<div class=\"elementor-spacer-inner\"><\/div>\n\t\t<\/div>\n\t\t\t\t\t\t<\/div>\n\t\t\t\t<\/div>\n\t\t\t\t<div class=\"elementor-element elementor-element-aa7a0d3 elementor-widget elementor-widget-heading\" data-id=\"aa7a0d3\" data-element_type=\"widget\" data-e-type=\"widget\" data-widget_type=\"heading.default\">\n\t\t\t\t<div class=\"elementor-widget-container\">\n\t\t\t\t\t<h1 class=\"elementor-heading-title elementor-size-default\">K\u00fcnye<\/h1>\t\t\t\t<\/div>\n\t\t\t\t<\/div>\n\t\t\t\t<div class=\"elementor-element elementor-element-3ad3a8e elementor-widget elementor-widget-text-editor\" data-id=\"3ad3a8e\" data-element_type=\"widget\" data-e-type=\"widget\" data-widget_type=\"text-editor.default\">\n\t\t\t\t<div class=\"elementor-widget-container\">\n\t\t\t\t\t\t\t\t\t<div id=\"lipsum\"><p><strong>\u00a7 5 TMG\u2019ye g\u00f6re Bilgiler<\/strong><\/p><p><strong>Riza Sehri Akademisi<\/strong><br \/>K\u00f6rnebachstr 49-51<br \/>44143 Dortmund<\/p><p>Info[at]rizasehriakademisi.com<\/p><p><strong>Temsilci:<\/strong><br \/>Riza Sehri Akademisi<\/p><p><strong>\u00a7 55 Abs. 2 RStV\u2019ye g\u00f6re i\u00e7erikten sorumlu:<\/strong><br \/>Riza Sehri Akademisi<br \/>K\u00f6rnebachstr 49-51<br \/>44143 Dortmund<\/p><p><strong>Sorumluluk Reddi:<\/strong><\/p><p><strong>\u0130\u00e7erik Sorumlulu\u011fu<\/strong><\/p><p>Sayfalar\u0131m\u0131z\u0131n i\u00e7eri\u011fi b\u00fcy\u00fck bir \u00f6zenle olu\u015fturulmu\u015ftur. Ancak, i\u00e7eri\u011fin do\u011frulu\u011fu, eksiksizli\u011fi ve g\u00fcncelli\u011fi konusunda herhangi bir garanti veremeyiz. Hizmet sa\u011flay\u0131c\u0131 olarak, genel yasalara g\u00f6re bu sayfalardaki kendi i\u00e7eriklerimizden \u00a7 7 Abs.1 TMG uyar\u0131nca sorumluyuz. Ancak, \u00a7\u00a7 8 ile 10 TMG\u2019ye g\u00f6re, hizmet sa\u011flay\u0131c\u0131 olarak, iletilen veya saklanan \u00fc\u00e7\u00fcnc\u00fc taraf bilgilerini izlemek veya yasad\u0131\u015f\u0131 bir faaliyete i\u015faret eden durumlar\u0131 ara\u015ft\u0131rmak zorunda de\u011filiz. Genel yasalara g\u00f6re bilgi kald\u0131rma veya kullan\u0131m\u0131n\u0131 engelleme y\u00fck\u00fcml\u00fcl\u00fckleri bu durumdan etkilenmez. Ancak, belirli bir yasal ihlalden haberdar oldu\u011fumuz andan itibaren bu konudaki sorumluluk m\u00fcmk\u00fcnd\u00fcr. \u0130lgili yasal ihlallerin fark\u0131na vard\u0131\u011f\u0131m\u0131zda, bu t\u00fcr i\u00e7erikleri derhal kald\u0131raca\u011f\u0131z.<\/p><p><strong>Ba\u011flant\u0131lar i\u00e7in Sorumluluk<\/strong><\/p><p>Web sitemiz, \u00fc\u00e7\u00fcnc\u00fc taraflar\u0131n harici web sitelerine ba\u011flant\u0131lar i\u00e7ermektedir ve bu i\u00e7erik \u00fczerinde hi\u00e7bir etkimiz yoktur. Bu nedenle, bu yabanc\u0131 i\u00e7erikler i\u00e7in herhangi bir garanti de veremeyiz. Ba\u011flant\u0131l\u0131 sayfalar\u0131n i\u00e7eri\u011finden her zaman ilgili sa\u011flay\u0131c\u0131 veya i\u015fletmeci sorumludur. Ba\u011flant\u0131 kuruldu\u011fu s\u0131rada, ba\u011flant\u0131l\u0131 sayfalar olas\u0131 yasal ihlaller a\u00e7\u0131s\u0131ndan kontrol edilmi\u015ftir. Ba\u011flant\u0131 kuruldu\u011fu s\u0131rada yasa d\u0131\u015f\u0131 i\u00e7erikler tan\u0131nmam\u0131\u015ft\u0131r. Ancak, belirli bir yasal ihlalin i\u015faretleri olmadan ba\u011flant\u0131l\u0131 sayfalar\u0131n s\u00fcrekli olarak kontrol edilmesi makul de\u011fildir. Yasal ihlallerin fark\u0131na vard\u0131\u011f\u0131m\u0131zda, bu t\u00fcr ba\u011flant\u0131lar\u0131 derhal kald\u0131raca\u011f\u0131z.<\/p><p><strong>Telif Hakk\u0131<\/strong><\/p><p>R\u0131za \u015eehri Akademisi taraf\u0131ndan olu\u015fturulan i\u00e7erik ve eserler, Alman telif hakk\u0131 yasalar\u0131na tabidir. Telif hakk\u0131 s\u0131n\u0131rlar\u0131 d\u0131\u015f\u0131ndaki \u00e7o\u011faltma, i\u015fleme, da\u011f\u0131tma ve her t\u00fcrl\u00fc de\u011ferlendirme, ilgili yazar\u0131n veya yarat\u0131c\u0131n\u0131n yaz\u0131l\u0131 onay\u0131n\u0131 gerektirir. Bu sayfan\u0131n indirilmesi ve kopyalanmas\u0131 izne tabidir. Bu sayfadaki i\u00e7erikler R\u0131za \u015eehri Akademisi taraf\u0131ndan olu\u015fturulmad\u0131\u011f\u0131 s\u00fcrece, \u00fc\u00e7\u00fcnc\u00fc \u015fah\u0131slar\u0131n telif haklar\u0131 dikkate al\u0131n\u0131r. \u00d6zellikle \u00fc\u00e7\u00fcnc\u00fc \u015fah\u0131slar\u0131n i\u00e7erikleri bu \u015fekilde i\u015faretlenir. Yine de bir telif hakk\u0131 ihlaline rastlarsan\u0131z, l\u00fctfen bizi bilgilendirin. Yasal ihlallerin fark\u0131na vard\u0131\u011f\u0131m\u0131zda, bu t\u00fcr i\u00e7erikleri derhal kald\u0131raca\u011f\u0131z.<\/p><p><strong>Veri Koruma<\/strong><\/p><p>Web sitemize eri\u015fim genellikle ki\u015fisel verilerin sa\u011flanmas\u0131 olmadan m\u00fcmk\u00fcnd\u00fcr. Sayfalar\u0131m\u0131zda ki\u015fisel veriler (\u00f6rne\u011fin, isim, adres veya e-posta adresleri) topland\u0131\u011f\u0131 s\u00fcrece, bu, m\u00fcmk\u00fcn oldu\u011fu \u00f6l\u00e7\u00fcde, her zaman g\u00f6n\u00fcll\u00fcl\u00fck esas\u0131na dayan\u0131r. Bu veriler, sizin a\u00e7\u0131k r\u0131zan\u0131z olmadan \u00fc\u00e7\u00fcnc\u00fc \u015fah\u0131slara aktar\u0131lmayacakt\u0131r. \u0130nternet \u00fczerinden veri iletiminin (\u00f6rne\u011fin, e-posta ile ileti\u015fimde) g\u00fcvenlik a\u00e7\u0131klar\u0131 olabilece\u011fine dikkat \u00e7ekeriz. Verilerin \u00fc\u00e7\u00fcnc\u00fc \u015fah\u0131slar\u0131n eri\u015fimine kar\u015f\u0131 eksiksiz olarak korunmas\u0131 m\u00fcmk\u00fcn de\u011fildir. \u0130leti\u015fim bilgilerini yay\u0131mlama zorunlulu\u011fu kapsam\u0131nda yay\u0131mlanan bilgilerin \u00fc\u00e7\u00fcnc\u00fc \u015fah\u0131slar taraf\u0131ndan a\u00e7\u0131k\u00e7a talep edilmeyen reklam ve bilgi materyalleri g\u00f6ndermek i\u00e7in kullan\u0131lmas\u0131na burada a\u00e7\u0131k\u00e7a itiraz ederiz. Sayfa i\u015fletmecileri, spam e-postalar gibi istenmeyen reklam bilgileri g\u00f6nderilmesi durumunda yasal i\u015flem yapma hakk\u0131n\u0131 sakl\u0131 tutar.<\/p><p>Website impressum impressum-generator.de taraf\u0131ndan Kanzlei Hasselbach taraf\u0131ndan olu\u015fturulmu\u015ftur.<\/p><\/div>\t\t\t\t\t\t\t\t<\/div>\n\t\t\t\t<\/div>\n\t\t\t\t<div class=\"elementor-element elementor-element-aec0aa7 elementor-widget elementor-widget-spacer\" data-id=\"aec0aa7\" data-element_type=\"widget\" data-e-type=\"widget\" data-widget_type=\"spacer.default\">\n\t\t\t\t<div class=\"elementor-widget-container\">\n\t\t\t\t\t\t\t<div class=\"elementor-spacer\">\n\t\t\t<div class=\"elementor-spacer-inner\"><\/div>\n\t\t<\/div>\n\t\t\t\t\t\t<\/div>\n\t\t\t\t<\/div>\n\t\t\t\t\t<\/div>\n\t\t\t\t<\/div>\n\t\t\t\t<\/div>\n\t\t","protected":false},"excerpt":{"rendered":"<p>\u00a7 5 TMG\u2019ye g\u00f6re Bilgiler Riza Sehri AkademisiK\u00f6rnebachstr 49-5144143 Dortmund Info[at]rizasehriakademisi.com Temsilci:Riza Sehri Akademisi \u00a7 55 Abs. 2 RStV\u2019ye g\u00f6re [&hellip;]<\/p>\n","protected":false},"author":4,"featured_media":0,"parent":0,"menu_order":0,"comment_status":"closed","ping_status":"closed","template":"","meta":{"_acf_changed":false,"site-sidebar-layout":"default","site-content-layout":"","ast-site-content-layout":"default","site-content-style":"default","site-sidebar-style":"default","ast-global-header-display":"","ast-banner-title-visibility":"","ast-main-header-display":"","ast-hfb-above-header-display":"","ast-hfb-below-header-display":"","ast-hfb-mobile-header-display":"","site-post-title":"","ast-breadcrumbs-content":"","ast-featured-img":"","footer-sml-layout":"","ast-disable-related-posts":"","theme-transparent-header-meta":"","adv-header-id-meta":"","stick-header-meta":"","header-above-stick-meta":"","header-main-stick-meta":"","header-below-stick-meta":"","astra-migrate-meta-layouts":"default","ast-page-background-enabled":"default","ast-page-background-meta":{"desktop":{"background-color":"var(--ast-global-color-5)","background-image":"","background-repeat":"repeat","background-position":"center center","background-size":"auto","background-attachment":"scroll","background-type":"","background-media":"","overlay-type":"","overlay-color":"","overlay-opacity":"","overlay-gradient":""},"tablet":{"background-color":"","background-image":"","background-repeat":"repeat","background-position":"center center","background-size":"auto","background-attachment":"scroll","background-type":"","background-media":"","overlay-type":"","overlay-color":"","overlay-opacity":"","overlay-gradient":""},"mobile":{"background-color":"","background-image":"","background-repeat":"repeat","background-position":"center center","background-size":"auto","background-attachment":"scroll","background-type":"","background-media":"","overlay-type":"","overlay-color":"","overlay-opacity":"","overlay-gradient":""}},"ast-content-background-meta":{"desktop":{"background-color":"var(--ast-global-color-4)","background-image":"","background-repeat":"repeat","background-position":"center center","background-size":"auto","background-attachment":"scroll","background-type":"","background-media":"","overlay-type":"","overlay-color":"","overlay-opacity":"","overlay-gradient":""},"tablet":{"background-color":"var(--ast-global-color-4)","background-image":"","background-repeat":"repeat","background-position":"center center","background-size":"auto","background-attachment":"scroll","background-type":"","background-media":"","overlay-type":"","overlay-color":"","overlay-opacity":"","overlay-gradient":""},"mobile":{"background-color":"var(--ast-global-color-4)","background-image":"","background-repeat":"repeat","background-position":"center center","background-size":"auto","background-attachment":"scroll","background-type":"","background-media":"","overlay-type":"","overlay-color":"","overlay-opacity":"","overlay-gradient":""}},"footnotes":""},"class_list":["post-1171","page","type-page","status-publish","hentry"],"acf":[],"_links":{"self":[{"href":"https:\/\/www.aleviansiklopedisi.com\/fr\/wp-json\/wp\/v2\/pages\/1171","targetHints":{"allow":["GET"]}}],"collection":[{"href":"https:\/\/www.aleviansiklopedisi.com\/fr\/wp-json\/wp\/v2\/pages"}],"about":[{"href":"https:\/\/www.aleviansiklopedisi.com\/fr\/wp-json\/wp\/v2\/types\/page"}],"author":[{"embeddable":true,"href":"https:\/\/www.aleviansiklopedisi.com\/fr\/wp-json\/wp\/v2\/users\/4"}],"replies":[{"embeddable":true,"href":"https:\/\/www.aleviansiklopedisi.com\/fr\/wp-json\/wp\/v2\/comments?post=1171"}],"version-history":[{"count":0,"href":"https:\/\/www.aleviansiklopedisi.com\/fr\/wp-json\/wp\/v2\/pages\/1171\/revisions"}],"wp:attachment":[{"href":"https:\/\/www.aleviansiklopedisi.com\/fr\/wp-json\/wp\/v2\/media?parent=1171"}],"curies":[{"name":"wp","href":"https:\/\/api.w.org\/{rel}","templated":true}]}}