{"id":7144,"date":"2025-07-10T16:10:57","date_gmt":"2025-07-10T16:10:57","guid":{"rendered":"https:\/\/www.aleviansiklopedisi.com\/?page_id=7144"},"modified":"2026-02-21T21:13:21","modified_gmt":"2026-02-21T21:13:21","slug":"pirler-analar-listesi","status":"publish","type":"page","link":"https:\/\/www.aleviansiklopedisi.com\/fr\/pirler-analar-listesi\/","title":{"rendered":"Pirler \/ Analar"},"content":{"rendered":"<div data-elementor-type=\"wp-page\" data-elementor-id=\"7144\" class=\"elementor elementor-7144\" data-elementor-post-type=\"page\">\n\t\t\t\t<div class=\"elementor-element elementor-element-9de3194 e-flex e-con-boxed e-con e-parent\" data-id=\"9de3194\" data-element_type=\"container\" data-e-type=\"container\">\n\t\t\t\t\t<div class=\"e-con-inner\">\n\t\t\t\t<div class=\"elementor-element elementor-element-e8c4a0a elementor-widget elementor-widget-spacer\" data-id=\"e8c4a0a\" data-element_type=\"widget\" data-e-type=\"widget\" data-widget_type=\"spacer.default\">\n\t\t\t\t<div class=\"elementor-widget-container\">\n\t\t\t\t\t\t\t<div class=\"elementor-spacer\">\n\t\t\t<div class=\"elementor-spacer-inner\"><\/div>\n\t\t<\/div>\n\t\t\t\t\t\t<\/div>\n\t\t\t\t<\/div>\n\t\t<div class=\"elementor-element elementor-element-96589d5 e-con-full e-flex e-con e-child\" data-id=\"96589d5\" data-element_type=\"container\" data-e-type=\"container\" data-settings=\"{&quot;background_background&quot;:&quot;classic&quot;}\">\n\t\t\t\t<div class=\"elementor-element elementor-element-f4b5f9b elementor-widget elementor-widget-heading\" data-id=\"f4b5f9b\" data-element_type=\"widget\" data-e-type=\"widget\" data-widget_type=\"heading.default\">\n\t\t\t\t<div class=\"elementor-widget-container\">\n\t\t\t\t\t<h1 class=\"elementor-heading-title elementor-size-default\">Pirler \/ Analar<\/h1>\t\t\t\t<\/div>\n\t\t\t\t<\/div>\n\t\t\t\t<div class=\"elementor-element elementor-element-96d870b elementor-widget elementor-widget-text-editor\" data-id=\"96d870b\" data-element_type=\"widget\" data-e-type=\"widget\" data-no-translation=\"\" data-widget_type=\"text-editor.default\">\n\t\t\t\t<div class=\"elementor-widget-container\">\n\t\t\t\t\t<style>.elementor-element-96d870b{display:none !important}<\/style>\t\t\t\t<\/div>\n\t\t\t\t<\/div>\n\t\t\t\t<div class=\"elementor-element elementor-element-a0dcfb5 elementor-widget elementor-widget-text-editor\" data-id=\"a0dcfb5\" data-element_type=\"widget\" data-e-type=\"widget\" data-no-translation=\"\" data-widget_type=\"text-editor.default\">\n\t\t\t\t<div class=\"elementor-widget-container\">\n\t\t\t\t\t<style>.elementor-element-a0dcfb5{display:none !important}<\/style>\t\t\t\t<\/div>\n\t\t\t\t<\/div>\n\t\t\t\t<div class=\"elementor-element elementor-element-e440eca elementor-widget elementor-widget-text-editor\" data-id=\"e440eca\" data-element_type=\"widget\" data-e-type=\"widget\" data-no-translation=\"\" data-widget_type=\"text-editor.default\">\n\t\t\t\t<div class=\"elementor-widget-container\">\n\t\t\t\t\t<style>.elementor-element-e440eca{display:none !important}<\/style>\t\t\t\t<\/div>\n\t\t\t\t<\/div>\n\t\t\t\t<div class=\"elementor-element elementor-element-acc28af elementor-widget elementor-widget-spacer\" data-id=\"acc28af\" data-element_type=\"widget\" data-e-type=\"widget\" data-widget_type=\"spacer.default\">\n\t\t\t\t<div class=\"elementor-widget-container\">\n\t\t\t\t\t\t\t<div class=\"elementor-spacer\">\n\t\t\t<div class=\"elementor-spacer-inner\"><\/div>\n\t\t<\/div>\n\t\t\t\t\t\t<\/div>\n\t\t\t\t<\/div>\n\t\t\t\t<div class=\"elementor-element elementor-element-8b46273 elementor-widget elementor-widget-shortcode\" data-id=\"8b46273\" data-element_type=\"widget\" data-e-type=\"widget\" data-widget_type=\"shortcode.default\">\n\t\t\t\t<div class=\"elementor-widget-container\">\n\t\t\t\t\t\t\t<div class=\"elementor-shortcode\">            <style>\n                .pir-ana-grid { display: flex; flex-wrap: wrap; gap: 20px; justify-content: space-between; }\n                .pir-ana-card { background-color: var(--e-global-color-secondary); border-radius: 16px; padding: 20px; width: calc(33.333% - 13.33px); box-shadow: 0px 4px 10px rgba(0,0,0,0.1); transition: transform 0.2s ease; }\n                .pir-ana-inner { display: flex; flex-direction: column; align-items: center; gap: 10px; }\n                .pir-ana-name { color: #FFFFFF !important; margin: 0px !important; }\n                a.pir-ana-btn { display: inline-block; background-color: #1D1D1B; color: #FFFFFF; font-family: \"Montserrat\", Sans-serif; font-weight: 400; border-radius: 8px; padding: 6px 25px; text-decoration: none; text-align: center; }\n                @media (max-width: 768px) { .pir-ana-card { width: 48%; } }\n                @media (max-width: 480px) { .pir-ana-card { width: 100%; } }\n            <\/style>\n            <div class=\"pir-ana-grid\">\n                                    <div class=\"pir-ana-card\">\n                        <div class=\"pir-ana-inner\">\n                            <h3 class=\"pir-ana-name\">Ana Cevahir Altunok<\/h3>\n                            <a href=\"https:\/\/www.aleviansiklopedisi.com\/author\/cevahiraltunok_aleviansiklopedisi_com\/\" class=\"pir-ana-btn\">Ana Hakk\u0131nda<\/a>\n                        <\/div>\n                    <\/div>\n                                    <div class=\"pir-ana-card\">\n                        <div class=\"pir-ana-inner\">\n                            <h3 class=\"pir-ana-name\">Ana Didar Cenan<\/h3>\n                            <a href=\"https:\/\/www.aleviansiklopedisi.com\/author\/didar_aleviansiklopedisi_com\/\" class=\"pir-ana-btn\">Ana Hakk\u0131nda<\/a>\n                        <\/div>\n                    <\/div>\n                                    <div class=\"pir-ana-card\">\n                        <div class=\"pir-ana-inner\">\n                            <h3 class=\"pir-ana-name\">Ana Narin G\u00fcl\u00e7i\u00e7e\u011fi<\/h3>\n                            <a href=\"https:\/\/www.aleviansiklopedisi.com\/author\/naringul_aleviansiklopedisi_com\/\" class=\"pir-ana-btn\">Ana Hakk\u0131nda<\/a>\n                        <\/div>\n                    <\/div>\n                                    <div class=\"pir-ana-card\">\n                        <div class=\"pir-ana-inner\">\n                            <h3 class=\"pir-ana-name\">Pir Ahmet Karabulut<\/h3>\n                            <a href=\"https:\/\/www.aleviansiklopedisi.com\/author\/deneme_denee_com\/\" class=\"pir-ana-btn\">Pir Hakk\u0131nda<\/a>\n                        <\/div>\n                    <\/div>\n                                    <div class=\"pir-ana-card\">\n                        <div class=\"pir-ana-inner\">\n                            <h3 class=\"pir-ana-name\">Pir Ali Do\u011fan<\/h3>\n                            <a href=\"https:\/\/www.aleviansiklopedisi.com\/author\/alidogan_aleviansiklopedisi_com\/\" class=\"pir-ana-btn\">Pir Hakk\u0131nda<\/a>\n                        <\/div>\n                    <\/div>\n                                    <div class=\"pir-ana-card\">\n                        <div class=\"pir-ana-inner\">\n                            <h3 class=\"pir-ana-name\">Pir Celal F\u0131rat<\/h3>\n                            <a href=\"https:\/\/www.aleviansiklopedisi.com\/author\/celalfirat_aleviansiklopedisi_com\/\" class=\"pir-ana-btn\">Pir Hakk\u0131nda<\/a>\n                        <\/div>\n                    <\/div>\n                                    <div class=\"pir-ana-card\">\n                        <div class=\"pir-ana-inner\">\n                            <h3 class=\"pir-ana-name\">Pir Cemal Cenan<\/h3>\n                            <a href=\"https:\/\/www.aleviansiklopedisi.com\/author\/cemalcenan_aleviansiklopedisi_com\/\" class=\"pir-ana-btn\">Pir Hakk\u0131nda<\/a>\n                        <\/div>\n                    <\/div>\n                                    <div class=\"pir-ana-card\">\n                        <div class=\"pir-ana-inner\">\n                            <h3 class=\"pir-ana-name\">Pir Ecevit Emre<\/h3>\n                            <a href=\"https:\/\/www.aleviansiklopedisi.com\/author\/ecevitemre_aleviansiklopedisi_com\/\" class=\"pir-ana-btn\">Pir Hakk\u0131nda<\/a>\n                        <\/div>\n                    <\/div>\n                                    <div class=\"pir-ana-card\">\n                        <div class=\"pir-ana-inner\">\n                            <h3 class=\"pir-ana-name\">Pir Erkan \u00c7anak\u00e7\u0131<\/h3>\n                            <a href=\"https:\/\/www.aleviansiklopedisi.com\/author\/erkancanakci_pir_gmail_com\/\" class=\"pir-ana-btn\">Pir Hakk\u0131nda<\/a>\n                        <\/div>\n                    <\/div>\n                                    <div class=\"pir-ana-card\">\n                        <div class=\"pir-ana-inner\">\n                            <h3 class=\"pir-ana-name\">Pir Hasan Erki\u015fi<\/h3>\n                            <a href=\"https:\/\/www.aleviansiklopedisi.com\/author\/pirler_aleviansiklopedisi_com\/\" class=\"pir-ana-btn\">Pir Hakk\u0131nda<\/a>\n                        <\/div>\n                    <\/div>\n                                    <div class=\"pir-ana-card\">\n                        <div class=\"pir-ana-inner\">\n                            <h3 class=\"pir-ana-name\">Pir Hasan Hayri \u015eanl\u0131<\/h3>\n                            <a href=\"https:\/\/www.aleviansiklopedisi.com\/author\/hasanhayri_aleviansiklopedisi_com\/\" class=\"pir-ana-btn\">Pir Hakk\u0131nda<\/a>\n                        <\/div>\n                    <\/div>\n                                    <div class=\"pir-ana-card\">\n                        <div class=\"pir-ana-inner\">\n                            <h3 class=\"pir-ana-name\">Pir Haydar Bu\u011fa<\/h3>\n                            <a href=\"https:\/\/www.aleviansiklopedisi.com\/author\/haydarboga_aleviansiklopedisi_com\/\" class=\"pir-ana-btn\">Pir Hakk\u0131nda<\/a>\n                        <\/div>\n                    <\/div>\n                                    <div class=\"pir-ana-card\">\n                        <div class=\"pir-ana-inner\">\n                            <h3 class=\"pir-ana-name\">Pir H\u00fcseyin Bildik<\/h3>\n                            <a href=\"https:\/\/www.aleviansiklopedisi.com\/author\/bildik_aleviansiklopedisi_com\/\" class=\"pir-ana-btn\">Pir Hakk\u0131nda<\/a>\n                        <\/div>\n                    <\/div>\n                                    <div class=\"pir-ana-card\">\n                        <div class=\"pir-ana-inner\">\n                            <h3 class=\"pir-ana-name\">Pir H\u00fcseyin Elmas<\/h3>\n                            <a href=\"https:\/\/www.aleviansiklopedisi.com\/author\/hselmas_aleviansiklopedisi_com\/\" class=\"pir-ana-btn\">Pir Hakk\u0131nda<\/a>\n                        <\/div>\n                    <\/div>\n                                    <div class=\"pir-ana-card\">\n                        <div class=\"pir-ana-inner\">\n                            <h3 class=\"pir-ana-name\">Pir Mahmut \u00dctebay<\/h3>\n                            <a href=\"https:\/\/www.aleviansiklopedisi.com\/author\/mahmututebay_aleviansiklopedisi_com\/\" class=\"pir-ana-btn\">Pir Hakk\u0131nda<\/a>\n                        <\/div>\n                    <\/div>\n                                    <div class=\"pir-ana-card\">\n                        <div class=\"pir-ana-inner\">\n                            <h3 class=\"pir-ana-name\">Pir R\u0131za Ya\u011fmur<\/h3>\n                            <a href=\"https:\/\/www.aleviansiklopedisi.com\/author\/riza_aleviansiklopedisi_com\/\" class=\"pir-ana-btn\">Pir Hakk\u0131nda<\/a>\n                        <\/div>\n                    <\/div>\n                                    <div class=\"pir-ana-card\">\n                        <div class=\"pir-ana-inner\">\n                            <h3 class=\"pir-ana-name\">Pir Veli U\u011fur<\/h3>\n                            <a href=\"https:\/\/www.aleviansiklopedisi.com\/author\/veli_aleviansiklopedisi_com\/\" class=\"pir-ana-btn\">Pir Hakk\u0131nda<\/a>\n                        <\/div>\n                    <\/div>\n                                    <div class=\"pir-ana-card\">\n                        <div class=\"pir-ana-inner\">\n                            <h3 class=\"pir-ana-name\">Pir Zeynel Abidin Ko\u00e7<\/h3>\n                            <a href=\"https:\/\/www.aleviansiklopedisi.com\/author\/zynabdkoc_aleviansiklopedisi_com\/\" class=\"pir-ana-btn\">Pir Hakk\u0131nda<\/a>\n                        <\/div>\n                    <\/div>\n                            <\/div>\n            <\/div>\n\t\t\t\t\t\t<\/div>\n\t\t\t\t<\/div>\n\t\t\t\t<div class=\"elementor-element elementor-element-01f382d elementor-widget elementor-widget-shortcode\" data-id=\"01f382d\" data-element_type=\"widget\" data-e-type=\"widget\" data-widget_type=\"shortcode.default\">\n\t\t\t\t<div class=\"elementor-widget-container\">\n\t\t\t\t\t<style>.elementor-element-01f382d{display:none !important}<\/style>\t\t\t\t<\/div>\n\t\t\t\t<\/div>\n\t\t\t\t<\/div>\n\t\t\t\t<div class=\"elementor-element elementor-element-051e4c2 elementor-widget elementor-widget-spacer\" data-id=\"051e4c2\" data-element_type=\"widget\" data-e-type=\"widget\" data-widget_type=\"spacer.default\">\n\t\t\t\t<div class=\"elementor-widget-container\">\n\t\t\t\t\t\t\t<div class=\"elementor-spacer\">\n\t\t\t<div class=\"elementor-spacer-inner\"><\/div>\n\t\t<\/div>\n\t\t\t\t\t\t<\/div>\n\t\t\t\t<\/div>\n\t\t\t\t\t<\/div>\n\t\t\t\t<\/div>\n\t\t\t\t<\/div>","protected":false},"excerpt":{"rendered":"<p>Bu sayfada, Alevi Ansiklopedisi kapsam\u0131nda alan\u0131nda uzman etnograflar taraf\u0131ndan Pirler (Dedeler, Babalar, Seyitler) ve Analar ile ger\u00e7ekle\u015ftirilen g\u00f6r\u00fc\u015fme kay\u0131tlar\u0131na yer [&hellip;]<\/p>\n","protected":false},"author":1,"featured_media":0,"parent":0,"menu_order":0,"comment_status":"closed","ping_status":"closed","template":"","meta":{"_acf_changed":false,"site-sidebar-layout":"no-sidebar","site-content-layout":"","ast-site-content-layout":"full-width-container","site-content-style":"default","site-sidebar-style":"default","ast-global-header-display":"","ast-banner-title-visibility":"","ast-main-header-display":"","ast-hfb-above-header-display":"","ast-hfb-below-header-display":"","ast-hfb-mobile-header-display":"","site-post-title":"disabled","ast-breadcrumbs-content":"","ast-featured-img":"disabled","footer-sml-layout":"","ast-disable-related-posts":"","theme-transparent-header-meta":"","adv-header-id-meta":"","stick-header-meta":"","header-above-stick-meta":"","header-main-stick-meta":"","header-below-stick-meta":"","astra-migrate-meta-layouts":"default","ast-page-background-enabled":"default","ast-page-background-meta":{"desktop":{"background-color":"var(--ast-global-color-5)","background-image":"","background-repeat":"repeat","background-position":"center center","background-size":"auto","background-attachment":"scroll","background-type":"","background-media":"","overlay-type":"","overlay-color":"","overlay-opacity":"","overlay-gradient":""},"tablet":{"background-color":"","background-image":"","background-repeat":"repeat","background-position":"center center","background-size":"auto","background-attachment":"scroll","background-type":"","background-media":"","overlay-type":"","overlay-color":"","overlay-opacity":"","overlay-gradient":""},"mobile":{"background-color":"","background-image":"","background-repeat":"repeat","background-position":"center center","background-size":"auto","background-attachment":"scroll","background-type":"","background-media":"","overlay-type":"","overlay-color":"","overlay-opacity":"","overlay-gradient":""}},"ast-content-background-meta":{"desktop":{"background-color":"var(--ast-global-color-4)","background-image":"","background-repeat":"repeat","background-position":"center center","background-size":"auto","background-attachment":"scroll","background-type":"","background-media":"","overlay-type":"","overlay-color":"","overlay-opacity":"","overlay-gradient":""},"tablet":{"background-color":"var(--ast-global-color-4)","background-image":"","background-repeat":"repeat","background-position":"center center","background-size":"auto","background-attachment":"scroll","background-type":"","background-media":"","overlay-type":"","overlay-color":"","overlay-opacity":"","overlay-gradient":""},"mobile":{"background-color":"var(--ast-global-color-4)","background-image":"","background-repeat":"repeat","background-position":"center center","background-size":"auto","background-attachment":"scroll","background-type":"","background-media":"","overlay-type":"","overlay-color":"","overlay-opacity":"","overlay-gradient":""}},"footnotes":""},"class_list":["post-7144","page","type-page","status-publish","hentry"],"acf":[],"_links":{"self":[{"href":"https:\/\/www.aleviansiklopedisi.com\/fr\/wp-json\/wp\/v2\/pages\/7144","targetHints":{"allow":["GET"]}}],"collection":[{"href":"https:\/\/www.aleviansiklopedisi.com\/fr\/wp-json\/wp\/v2\/pages"}],"about":[{"href":"https:\/\/www.aleviansiklopedisi.com\/fr\/wp-json\/wp\/v2\/types\/page"}],"author":[{"embeddable":true,"href":"https:\/\/www.aleviansiklopedisi.com\/fr\/wp-json\/wp\/v2\/users\/1"}],"replies":[{"embeddable":true,"href":"https:\/\/www.aleviansiklopedisi.com\/fr\/wp-json\/wp\/v2\/comments?post=7144"}],"version-history":[{"count":0,"href":"https:\/\/www.aleviansiklopedisi.com\/fr\/wp-json\/wp\/v2\/pages\/7144\/revisions"}],"wp:attachment":[{"href":"https:\/\/www.aleviansiklopedisi.com\/fr\/wp-json\/wp\/v2\/media?parent=7144"}],"curies":[{"name":"wp","href":"https:\/\/api.w.org\/{rel}","templated":true}]}}